{"id":992,"date":"2023-08-06T01:02:51","date_gmt":"2023-08-06T01:02:51","guid":{"rendered":"https:\/\/musclenutrition.com.mx\/?post_type=product&#038;p=992"},"modified":"2026-04-06T17:19:45","modified_gmt":"2026-04-06T23:19:45","slug":"bpi-whey-hd-4-1lbs","status":"publish","type":"product","link":"https:\/\/www.musclenutrition.com.mx\/index.php\/producto\/bpi-whey-hd-4-1lbs\/","title":{"rendered":"BPI WHEY HD 4.1LBS"},"content":{"rendered":"<p><strong>BPI WHEY HD<\/strong><\/p>\n<p>Whey Protein Powder<\/p>\n<p>25g de Prote\u00edna por Scoop<br \/>\nDeliciosos Sabores<br \/>\nSe Mezcla con facilidad<br \/>\nQue es Whey-HD\u2122?<\/p>\n<p>La Prote\u00edna Whey es absolutamente necesaria en la industria del deporte y fitness porque se digiere r\u00e1pidamente y es una rica fuente de amino\u00e1cidos los que ayudan a recuperar los m\u00fasculos. Cada servicio de WHEY-HD\u2122 entrega 25gr. de prote\u00edna de r\u00e1pida absorci\u00f3n con el m\u00ednimo en grasas, carbohidratos, sodio y otras cosas que no necesitas. Compare esta prote\u00edna con otras&#8230; No hay duda que WHEY-HD\u2122 sube la barra en la categor\u00eda de suplementos deportivos. Esta bebida con un sabor inigualable, se disuelve f\u00e1cil en agua y se puede tomar en cualquier momento para promover la recuperaci\u00f3n y construir m\u00fasculos grandes y fuertes.<\/p>\n<p>Porque es mejor?<\/p>\n<p>WHEY-HD\u2122 es una prote\u00edna en polvo de primer\u00edsima calidad. Esta suplemento es el m\u00e1s sabroso desarrollado por BPI Sports hasta el momento con una formula que contiene m\u00faltiples prote\u00ednas whey de alta calidad y nutricionalmente un suplemento con una mayor bio-disponibilidad para el musculo del atleta.<\/p>\n","protected":false},"excerpt":{"rendered":"<p>BPI WHEY HD Whey Protein Powder 25g de Prote\u00edna por Scoop Deliciosos Sabores Se Mezcla con facilidad Que es Whey-HD\u2122? La Prote\u00edna Whey es absolutamente necesaria en la industria del deporte y fitness porque se digiere r\u00e1pidamente y es una rica fuente de amino\u00e1cidos los que ayudan a recuperar los m\u00fasculos. Cada servicio de WHEY-HD\u2122 &hellip;<\/p>\n<p class=\"read-more\"> <a class=\"\" href=\"https:\/\/www.musclenutrition.com.mx\/index.php\/producto\/bpi-whey-hd-4-1lbs\/\"> <span class=\"screen-reader-text\">BPI WHEY HD 4.1LBS<\/span> Leer m\u00e1s &raquo;<\/a><\/p>\n","protected":false},"featured_media":994,"comment_status":"open","ping_status":"closed","template":"","meta":{"_uag_custom_page_level_css":"","site-sidebar-layout":"default","site-content-layout":"default","ast-global-header-display":"","ast-banner-title-visibility":"","ast-main-header-display":"","ast-hfb-above-header-display":"","ast-hfb-below-header-display":"","ast-hfb-mobile-header-display":"","site-post-title":"","ast-breadcrumbs-content":"","ast-featured-img":"","footer-sml-layout":"","theme-transparent-header-meta":"default","adv-header-id-meta":"","stick-header-meta":"","header-above-stick-meta":"","header-main-stick-meta":"","header-below-stick-meta":""},"product_brand":[],"product_cat":[27],"product_tag":[],"class_list":{"0":"post-992","1":"product","2":"type-product","3":"status-publish","4":"has-post-thumbnail","6":"product_cat-proteina","7":"desktop-align-left","8":"tablet-align-left","9":"mobile-align-left","11":"first","12":"instock","13":"shipping-taxable","14":"purchasable","15":"product-type-variable"},"ams_default_variation_id":0,"ams_product_points_reward":[],"ams_product_discount_percentage":0,"ams_price_to_display":920,"ams_acf":[],"uagb_featured_image_src":{"full":["https:\/\/www.musclenutrition.com.mx\/wp-content\/uploads\/2023\/08\/51pah0M2sKL._AC_SL1000_.jpg",636,836,false],"thumbnail":["https:\/\/www.musclenutrition.com.mx\/wp-content\/uploads\/2023\/08\/51pah0M2sKL._AC_SL1000_-150x150.jpg",150,150,true],"medium":["https:\/\/www.musclenutrition.com.mx\/wp-content\/uploads\/2023\/08\/51pah0M2sKL._AC_SL1000_-228x300.jpg",228,300,true],"medium_large":["https:\/\/www.musclenutrition.com.mx\/wp-content\/uploads\/2023\/08\/51pah0M2sKL._AC_SL1000_.jpg",636,836,false],"large":["https:\/\/www.musclenutrition.com.mx\/wp-content\/uploads\/2023\/08\/51pah0M2sKL._AC_SL1000_.jpg",636,836,false],"1536x1536":["https:\/\/www.musclenutrition.com.mx\/wp-content\/uploads\/2023\/08\/51pah0M2sKL._AC_SL1000_.jpg",636,836,false],"2048x2048":["https:\/\/www.musclenutrition.com.mx\/wp-content\/uploads\/2023\/08\/51pah0M2sKL._AC_SL1000_.jpg",636,836,false],"woocommerce_thumbnail":["https:\/\/www.musclenutrition.com.mx\/wp-content\/uploads\/2023\/08\/51pah0M2sKL._AC_SL1000_-300x300.jpg",300,300,true],"woocommerce_single":["https:\/\/www.musclenutrition.com.mx\/wp-content\/uploads\/2023\/08\/51pah0M2sKL._AC_SL1000_-600x789.jpg",600,789,true],"woocommerce_gallery_thumbnail":["https:\/\/www.musclenutrition.com.mx\/wp-content\/uploads\/2023\/08\/51pah0M2sKL._AC_SL1000_-100x100.jpg",100,100,true],"dgwt-wcas-product-suggestion":["https:\/\/www.musclenutrition.com.mx\/wp-content\/uploads\/2023\/08\/51pah0M2sKL._AC_SL1000_.jpg",64,84,false]},"uagb_author_info":{"display_name":"benjaming","author_link":"https:\/\/www.musclenutrition.com.mx\/index.php\/author\/"},"uagb_comment_info":0,"uagb_excerpt":"BPI WHEY HD Whey Protein Powder 25g de Prote\u00edna por Scoop Deliciosos Sabores Se Mezcla con facilidad Que es Whey-HD\u2122? La Prote\u00edna Whey es absolutamente necesaria en la industria del deporte y fitness porque se digiere r\u00e1pidamente y es una rica fuente de amino\u00e1cidos los que ayudan a recuperar los m\u00fasculos. Cada servicio de WHEY-HD\u2122&hellip;","_links":{"self":[{"href":"https:\/\/www.musclenutrition.com.mx\/index.php\/wp-json\/wp\/v2\/product\/992","targetHints":{"allow":["GET"]}}],"collection":[{"href":"https:\/\/www.musclenutrition.com.mx\/index.php\/wp-json\/wp\/v2\/product"}],"about":[{"href":"https:\/\/www.musclenutrition.com.mx\/index.php\/wp-json\/wp\/v2\/types\/product"}],"replies":[{"embeddable":true,"href":"https:\/\/www.musclenutrition.com.mx\/index.php\/wp-json\/wp\/v2\/comments?post=992"}],"wp:featuredmedia":[{"embeddable":true,"href":"https:\/\/www.musclenutrition.com.mx\/index.php\/wp-json\/wp\/v2\/media\/994"}],"wp:attachment":[{"href":"https:\/\/www.musclenutrition.com.mx\/index.php\/wp-json\/wp\/v2\/media?parent=992"}],"wp:term":[{"taxonomy":"product_brand","embeddable":true,"href":"https:\/\/www.musclenutrition.com.mx\/index.php\/wp-json\/wp\/v2\/product_brand?post=992"},{"taxonomy":"product_cat","embeddable":true,"href":"https:\/\/www.musclenutrition.com.mx\/index.php\/wp-json\/wp\/v2\/product_cat?post=992"},{"taxonomy":"product_tag","embeddable":true,"href":"https:\/\/www.musclenutrition.com.mx\/index.php\/wp-json\/wp\/v2\/product_tag?post=992"}],"curies":[{"name":"wp","href":"https:\/\/api.w.org\/{rel}","templated":true}]}}