{"id":986,"date":"2023-08-06T01:00:20","date_gmt":"2023-08-06T01:00:20","guid":{"rendered":"https:\/\/musclenutrition.com.mx\/?post_type=product&#038;p=986"},"modified":"2026-02-03T17:12:38","modified_gmt":"2026-02-03T23:12:38","slug":"bpi-iso-hd-chocolate-5-lbs","status":"publish","type":"product","link":"https:\/\/www.musclenutrition.com.mx\/index.php\/producto\/bpi-iso-hd-chocolate-5-lbs\/","title":{"rendered":"BPI ISO HD (5 LBS)"},"content":{"rendered":"<p><strong>BPI ISO HD<\/strong><\/p>\n<p>-R\u00e1pida absorci\u00f3n<br \/>\n-Crecimiento muscular magro<br \/>\n-R\u00e1pida recuperaci\u00f3n<\/p>\n<p>25 Gr de Prote\u00edna aislada e hidrolizada por cucharada<br \/>\n5 Gr de BCAAs<\/p>\n<p>Estas buscando la m\u00e1s alta calidad en Suero Prote\u00ednico para maximizar tus resultados? No busques m\u00e1s!<br \/>\nISO HD contiene 25 gramos de suero prote\u00ednico aislado e hidrolizado 100% puro, por servida, dise\u00f1ado para apoyar el crecimiento magro y el incremento de fuerza. ISO HD es r\u00e1pidamente absorbida, haci\u00e9ndola perfecta post-entrenamiento, y entre comidas. En adici\u00f3n, ISO HD tiene un perfil extremadamente limpio que es bajo en grasa, az\u00facar, lactosa, sodio y relativamente bajas calor\u00edas.<\/p>\n<p>TU PROTE\u00cdNA PARA M\u00daSCULO DURO<\/p>\n<p>El perfil nutricional de ISO HD no tiene rivales, sabe deliciosa y se mezcla instant\u00e1neamente. Si buscas una prote\u00edna aislada premium con sabor sin rivales, esta es! No encontrar\u00e1s otro producto con mejor calidad y valor!<\/p>\n","protected":false},"excerpt":{"rendered":"<p>BPI ISO HD -R\u00e1pida absorci\u00f3n -Crecimiento muscular magro -R\u00e1pida recuperaci\u00f3n 25 Gr de Prote\u00edna aislada e hidrolizada por cucharada 5 Gr de BCAAs Estas buscando la m\u00e1s alta calidad en Suero Prote\u00ednico para maximizar tus resultados? No busques m\u00e1s! ISO HD contiene 25 gramos de suero prote\u00ednico aislado e hidrolizado 100% puro, por servida, dise\u00f1ado &hellip;<\/p>\n<p class=\"read-more\"> <a class=\"\" href=\"https:\/\/www.musclenutrition.com.mx\/index.php\/producto\/bpi-iso-hd-chocolate-5-lbs\/\"> <span class=\"screen-reader-text\">BPI ISO HD (5 LBS)<\/span> Leer m\u00e1s &raquo;<\/a><\/p>\n","protected":false},"featured_media":990,"comment_status":"open","ping_status":"closed","template":"","meta":{"_uag_custom_page_level_css":"","site-sidebar-layout":"default","site-content-layout":"default","ast-global-header-display":"","ast-banner-title-visibility":"","ast-main-header-display":"","ast-hfb-above-header-display":"","ast-hfb-below-header-display":"","ast-hfb-mobile-header-display":"","site-post-title":"","ast-breadcrumbs-content":"","ast-featured-img":"","footer-sml-layout":"","theme-transparent-header-meta":"default","adv-header-id-meta":"","stick-header-meta":"","header-above-stick-meta":"","header-main-stick-meta":"","header-below-stick-meta":""},"product_brand":[],"product_cat":[15],"product_tag":[],"class_list":{"0":"post-986","1":"product","2":"type-product","3":"status-publish","4":"has-post-thumbnail","6":"product_cat-sin-categorizar","7":"desktop-align-left","8":"tablet-align-left","9":"mobile-align-left","11":"first","12":"instock","13":"shipping-taxable","14":"purchasable","15":"product-type-variable"},"ams_default_variation_id":0,"ams_product_points_reward":[],"ams_product_discount_percentage":0,"ams_price_to_display":1100,"ams_acf":[],"uagb_featured_image_src":{"full":["https:\/\/www.musclenutrition.com.mx\/wp-content\/uploads\/2023\/08\/BPI_SPORTS_ISO_HD_5_LBS_proteinpalacemx_4_800x.webp",800,800,false],"thumbnail":["https:\/\/www.musclenutrition.com.mx\/wp-content\/uploads\/2023\/08\/BPI_SPORTS_ISO_HD_5_LBS_proteinpalacemx_4_800x-150x150.webp",150,150,true],"medium":["https:\/\/www.musclenutrition.com.mx\/wp-content\/uploads\/2023\/08\/BPI_SPORTS_ISO_HD_5_LBS_proteinpalacemx_4_800x-300x300.webp",300,300,true],"medium_large":["https:\/\/www.musclenutrition.com.mx\/wp-content\/uploads\/2023\/08\/BPI_SPORTS_ISO_HD_5_LBS_proteinpalacemx_4_800x-768x768.webp",768,768,true],"large":["https:\/\/www.musclenutrition.com.mx\/wp-content\/uploads\/2023\/08\/BPI_SPORTS_ISO_HD_5_LBS_proteinpalacemx_4_800x.webp",800,800,false],"1536x1536":["https:\/\/www.musclenutrition.com.mx\/wp-content\/uploads\/2023\/08\/BPI_SPORTS_ISO_HD_5_LBS_proteinpalacemx_4_800x.webp",800,800,false],"2048x2048":["https:\/\/www.musclenutrition.com.mx\/wp-content\/uploads\/2023\/08\/BPI_SPORTS_ISO_HD_5_LBS_proteinpalacemx_4_800x.webp",800,800,false],"woocommerce_thumbnail":["https:\/\/www.musclenutrition.com.mx\/wp-content\/uploads\/2023\/08\/BPI_SPORTS_ISO_HD_5_LBS_proteinpalacemx_4_800x-300x300.webp",300,300,true],"woocommerce_single":["https:\/\/www.musclenutrition.com.mx\/wp-content\/uploads\/2023\/08\/BPI_SPORTS_ISO_HD_5_LBS_proteinpalacemx_4_800x-600x600.webp",600,600,true],"woocommerce_gallery_thumbnail":["https:\/\/www.musclenutrition.com.mx\/wp-content\/uploads\/2023\/08\/BPI_SPORTS_ISO_HD_5_LBS_proteinpalacemx_4_800x-100x100.webp",100,100,true],"dgwt-wcas-product-suggestion":["https:\/\/www.musclenutrition.com.mx\/wp-content\/uploads\/2023\/08\/BPI_SPORTS_ISO_HD_5_LBS_proteinpalacemx_4_800x.webp",64,64,false]},"uagb_author_info":{"display_name":"benjaming","author_link":"https:\/\/www.musclenutrition.com.mx\/index.php\/author\/"},"uagb_comment_info":0,"uagb_excerpt":"BPI ISO HD -R\u00e1pida absorci\u00f3n -Crecimiento muscular magro -R\u00e1pida recuperaci\u00f3n 25 Gr de Prote\u00edna aislada e hidrolizada por cucharada 5 Gr de BCAAs Estas buscando la m\u00e1s alta calidad en Suero Prote\u00ednico para maximizar tus resultados? No busques m\u00e1s! ISO HD contiene 25 gramos de suero prote\u00ednico aislado e hidrolizado 100% puro, por servida, dise\u00f1ado&hellip;","_links":{"self":[{"href":"https:\/\/www.musclenutrition.com.mx\/index.php\/wp-json\/wp\/v2\/product\/986","targetHints":{"allow":["GET"]}}],"collection":[{"href":"https:\/\/www.musclenutrition.com.mx\/index.php\/wp-json\/wp\/v2\/product"}],"about":[{"href":"https:\/\/www.musclenutrition.com.mx\/index.php\/wp-json\/wp\/v2\/types\/product"}],"replies":[{"embeddable":true,"href":"https:\/\/www.musclenutrition.com.mx\/index.php\/wp-json\/wp\/v2\/comments?post=986"}],"wp:featuredmedia":[{"embeddable":true,"href":"https:\/\/www.musclenutrition.com.mx\/index.php\/wp-json\/wp\/v2\/media\/990"}],"wp:attachment":[{"href":"https:\/\/www.musclenutrition.com.mx\/index.php\/wp-json\/wp\/v2\/media?parent=986"}],"wp:term":[{"taxonomy":"product_brand","embeddable":true,"href":"https:\/\/www.musclenutrition.com.mx\/index.php\/wp-json\/wp\/v2\/product_brand?post=986"},{"taxonomy":"product_cat","embeddable":true,"href":"https:\/\/www.musclenutrition.com.mx\/index.php\/wp-json\/wp\/v2\/product_cat?post=986"},{"taxonomy":"product_tag","embeddable":true,"href":"https:\/\/www.musclenutrition.com.mx\/index.php\/wp-json\/wp\/v2\/product_tag?post=986"}],"curies":[{"name":"wp","href":"https:\/\/api.w.org\/{rel}","templated":true}]}}