{"id":960,"date":"2023-08-06T00:12:52","date_gmt":"2023-08-06T00:12:52","guid":{"rendered":"https:\/\/musclenutrition.com.mx\/?post_type=product&#038;p=960"},"modified":"2025-01-08T15:38:19","modified_gmt":"2025-01-08T21:38:19","slug":"allmax-whey-gold","status":"publish","type":"product","link":"https:\/\/www.musclenutrition.com.mx\/index.php\/producto\/allmax-whey-gold\/","title":{"rendered":"ALLMAX WHEY GOLD"},"content":{"rendered":"<p>Es un suplemento es ideal para entrenamientos de fuerza y resistencia, y es la fuente de prote\u00ednas perfecta y desarrollo muscular para tu d\u00eda a d\u00eda y tus post-entrenos. Como complemento alimenticio despu\u00e9s del entrenamiento, garantiza una excelente y mayor definici\u00f3n, tambi\u00e9n recomendado para mantener una buena condici\u00f3n f\u00edsica y tonificaci\u00f3n muscular, perdiendo el exceso de grasa y perdiendo peso.<\/p>\n","protected":false},"excerpt":{"rendered":"<p>Es un suplemento es ideal para entrenamientos de fuerza y resistencia, y es la fuente de prote\u00ednas perfecta y desarrollo muscular para tu d\u00eda a d\u00eda y tus post-entrenos. Como complemento alimenticio despu\u00e9s del entrenamiento, garantiza una excelente y mayor definici\u00f3n, tambi\u00e9n recomendado para mantener una buena condici\u00f3n f\u00edsica y tonificaci\u00f3n muscular, perdiendo el exceso &hellip;<\/p>\n<p class=\"read-more\"> <a class=\"\" href=\"https:\/\/www.musclenutrition.com.mx\/index.php\/producto\/allmax-whey-gold\/\"> <span class=\"screen-reader-text\">ALLMAX WHEY GOLD<\/span> Leer m\u00e1s &raquo;<\/a><\/p>\n","protected":false},"featured_media":2287,"comment_status":"open","ping_status":"closed","template":"","meta":{"_uag_custom_page_level_css":"","site-sidebar-layout":"default","site-content-layout":"default","ast-global-header-display":"","ast-banner-title-visibility":"","ast-main-header-display":"","ast-hfb-above-header-display":"","ast-hfb-below-header-display":"","ast-hfb-mobile-header-display":"","site-post-title":"","ast-breadcrumbs-content":"","ast-featured-img":"","footer-sml-layout":"","theme-transparent-header-meta":"default","adv-header-id-meta":"","stick-header-meta":"","header-above-stick-meta":"","header-main-stick-meta":"","header-below-stick-meta":""},"product_brand":[],"product_cat":[15],"product_tag":[],"class_list":{"0":"post-960","1":"product","2":"type-product","3":"status-publish","4":"has-post-thumbnail","6":"product_cat-sin-categorizar","7":"desktop-align-left","8":"tablet-align-left","9":"mobile-align-left","11":"first","12":"outofstock","13":"sale","14":"shipping-taxable","15":"purchasable","16":"product-type-variable"},"ams_default_variation_id":0,"ams_product_points_reward":[],"ams_product_discount_percentage":0,"ams_price_to_display":990,"ams_acf":[],"uagb_featured_image_src":{"full":["https:\/\/www.musclenutrition.com.mx\/wp-content\/uploads\/2023\/08\/ALLMAX-W.webp",1600,1600,false],"thumbnail":["https:\/\/www.musclenutrition.com.mx\/wp-content\/uploads\/2023\/08\/ALLMAX-W-150x150.webp",150,150,true],"medium":["https:\/\/www.musclenutrition.com.mx\/wp-content\/uploads\/2023\/08\/ALLMAX-W-300x300.webp",300,300,true],"medium_large":["https:\/\/www.musclenutrition.com.mx\/wp-content\/uploads\/2023\/08\/ALLMAX-W-768x768.webp",768,768,true],"large":["https:\/\/www.musclenutrition.com.mx\/wp-content\/uploads\/2023\/08\/ALLMAX-W-1024x1024.webp",1024,1024,true],"1536x1536":["https:\/\/www.musclenutrition.com.mx\/wp-content\/uploads\/2023\/08\/ALLMAX-W-1536x1536.webp",1536,1536,true],"2048x2048":["https:\/\/www.musclenutrition.com.mx\/wp-content\/uploads\/2023\/08\/ALLMAX-W.webp",1600,1600,false],"woocommerce_thumbnail":["https:\/\/www.musclenutrition.com.mx\/wp-content\/uploads\/2023\/08\/ALLMAX-W-300x300.webp",300,300,true],"woocommerce_single":["https:\/\/www.musclenutrition.com.mx\/wp-content\/uploads\/2023\/08\/ALLMAX-W-600x600.webp",600,600,true],"woocommerce_gallery_thumbnail":["https:\/\/www.musclenutrition.com.mx\/wp-content\/uploads\/2023\/08\/ALLMAX-W-100x100.webp",100,100,true],"dgwt-wcas-product-suggestion":["https:\/\/www.musclenutrition.com.mx\/wp-content\/uploads\/2023\/08\/ALLMAX-W-64x64.webp",64,64,true]},"uagb_author_info":{"display_name":"benjaming","author_link":"https:\/\/www.musclenutrition.com.mx\/index.php\/author\/"},"uagb_comment_info":0,"uagb_excerpt":"Es un suplemento es ideal para entrenamientos de fuerza y resistencia, y es la fuente de prote\u00ednas perfecta y desarrollo muscular para tu d\u00eda a d\u00eda y tus post-entrenos. Como complemento alimenticio despu\u00e9s del entrenamiento, garantiza una excelente y mayor definici\u00f3n, tambi\u00e9n recomendado para mantener una buena condici\u00f3n f\u00edsica y tonificaci\u00f3n muscular, perdiendo el exceso&hellip;","_links":{"self":[{"href":"https:\/\/www.musclenutrition.com.mx\/index.php\/wp-json\/wp\/v2\/product\/960","targetHints":{"allow":["GET"]}}],"collection":[{"href":"https:\/\/www.musclenutrition.com.mx\/index.php\/wp-json\/wp\/v2\/product"}],"about":[{"href":"https:\/\/www.musclenutrition.com.mx\/index.php\/wp-json\/wp\/v2\/types\/product"}],"replies":[{"embeddable":true,"href":"https:\/\/www.musclenutrition.com.mx\/index.php\/wp-json\/wp\/v2\/comments?post=960"}],"wp:featuredmedia":[{"embeddable":true,"href":"https:\/\/www.musclenutrition.com.mx\/index.php\/wp-json\/wp\/v2\/media\/2287"}],"wp:attachment":[{"href":"https:\/\/www.musclenutrition.com.mx\/index.php\/wp-json\/wp\/v2\/media?parent=960"}],"wp:term":[{"taxonomy":"product_brand","embeddable":true,"href":"https:\/\/www.musclenutrition.com.mx\/index.php\/wp-json\/wp\/v2\/product_brand?post=960"},{"taxonomy":"product_cat","embeddable":true,"href":"https:\/\/www.musclenutrition.com.mx\/index.php\/wp-json\/wp\/v2\/product_cat?post=960"},{"taxonomy":"product_tag","embeddable":true,"href":"https:\/\/www.musclenutrition.com.mx\/index.php\/wp-json\/wp\/v2\/product_tag?post=960"}],"curies":[{"name":"wp","href":"https:\/\/api.w.org\/{rel}","templated":true}]}}