{"id":5232,"date":"2026-03-11T10:52:29","date_gmt":"2026-03-11T16:52:29","guid":{"rendered":"https:\/\/www.musclenutrition.com.mx\/?post_type=product&#038;p=5232"},"modified":"2026-03-12T11:21:09","modified_gmt":"2026-03-12T17:21:09","slug":"on-protein-shake-caja-12-pz","status":"publish","type":"product","link":"https:\/\/www.musclenutrition.com.mx\/index.php\/producto\/on-protein-shake-caja-12-pz\/","title":{"rendered":"ON PROTEIN SHAKE (CAJA 12 PZ)"},"content":{"rendered":"<p class=\"\" data-start=\"787\" data-end=\"881\"><strong data-start=\"883\" data-end=\"918\">Gold Standard Protein Shake RTD<\/strong>\u00a0de Optimum Nutrition es un batido de prote\u00edna listo para tomar que ofrece\u00a0<strong data-start=\"993\" data-end=\"1025\">24 g de prote\u00edna por botella<\/strong>, con un perfil bajo en az\u00facar y sin necesidad de mezclas. Es ideal para consumir despu\u00e9s del entrenamiento, entre comidas o en cualquier momento del d\u00eda cuando necesitas una fuente de prote\u00edna r\u00e1pida, pr\u00e1ctica y de calidad.<\/p>\n<p class=\"\" data-start=\"1251\" data-end=\"1439\">Este pack contiene\u00a0<strong data-start=\"1270\" data-end=\"1295\">12 botellas de 325 ml<\/strong>, lo que lo convierte en una opci\u00f3n conveniente para quienes buscan mantener una nutrici\u00f3n proteica constante con un producto listo para llevar.<\/p>\n<p class=\"\" data-start=\"1441\" data-end=\"1656\"><strong data-start=\"1441\" data-end=\"1458\">Presentaci\u00f3n:<\/strong>\u00a012 botellas de 325 ml<br data-start=\"1480\" data-end=\"1483\" \/><strong data-start=\"1483\" data-end=\"1495\">Formato:<\/strong>\u00a0Bebida l\u00edquida lista para tomar (RTD)<br data-start=\"1533\" data-end=\"1536\" \/><strong data-start=\"1536\" data-end=\"1553\">Uso sugerido:<\/strong>\u00a0Consumir una botella fr\u00eda despu\u00e9s del entrenamiento, entre comidas o como complemento proteico diario.<\/p>\n","protected":false},"excerpt":{"rendered":"<p>Gold Standard Protein Shake RTD\u00a0de Optimum Nutrition es un batido de prote\u00edna listo para tomar que ofrece\u00a024 g de prote\u00edna por botella, con un perfil bajo en az\u00facar y sin necesidad de mezclas. Es ideal para consumir despu\u00e9s del entrenamiento, entre comidas o en cualquier momento del d\u00eda cuando necesitas una fuente de prote\u00edna r\u00e1pida, &hellip;<\/p>\n<p class=\"read-more\"> <a class=\"\" href=\"https:\/\/www.musclenutrition.com.mx\/index.php\/producto\/on-protein-shake-caja-12-pz\/\"> <span class=\"screen-reader-text\">ON PROTEIN SHAKE (CAJA 12 PZ)<\/span> Leer m\u00e1s &raquo;<\/a><\/p>\n","protected":false},"featured_media":5237,"comment_status":"open","ping_status":"closed","template":"","meta":{"_uag_custom_page_level_css":"","site-sidebar-layout":"default","site-content-layout":"default","ast-global-header-display":"","ast-banner-title-visibility":"","ast-main-header-display":"","ast-hfb-above-header-display":"","ast-hfb-below-header-display":"","ast-hfb-mobile-header-display":"","site-post-title":"","ast-breadcrumbs-content":"","ast-featured-img":"","footer-sml-layout":"","theme-transparent-header-meta":"default","adv-header-id-meta":"","stick-header-meta":"","header-above-stick-meta":"","header-main-stick-meta":"","header-below-stick-meta":""},"product_brand":[],"product_cat":[53,27],"product_tag":[],"class_list":{"0":"post-5232","1":"product","2":"type-product","3":"status-publish","4":"has-post-thumbnail","6":"product_cat-snacks","7":"product_cat-proteina","8":"desktop-align-left","9":"tablet-align-left","10":"mobile-align-left","12":"first","13":"instock","14":"shipping-taxable","15":"purchasable","16":"product-type-variable"},"ams_default_variation_id":0,"ams_product_points_reward":[],"ams_product_discount_percentage":0,"ams_price_to_display":720,"ams_acf":[],"uagb_featured_image_src":{"full":["https:\/\/www.musclenutrition.com.mx\/wp-content\/uploads\/2026\/03\/image_b12d087c-de56-4ffb-8fe1-d183295eb52b_480x.webp",480,407,false],"thumbnail":["https:\/\/www.musclenutrition.com.mx\/wp-content\/uploads\/2026\/03\/image_b12d087c-de56-4ffb-8fe1-d183295eb52b_480x-150x150.webp",150,150,true],"medium":["https:\/\/www.musclenutrition.com.mx\/wp-content\/uploads\/2026\/03\/image_b12d087c-de56-4ffb-8fe1-d183295eb52b_480x-300x254.webp",300,254,true],"medium_large":["https:\/\/www.musclenutrition.com.mx\/wp-content\/uploads\/2026\/03\/image_b12d087c-de56-4ffb-8fe1-d183295eb52b_480x.webp",480,407,false],"large":["https:\/\/www.musclenutrition.com.mx\/wp-content\/uploads\/2026\/03\/image_b12d087c-de56-4ffb-8fe1-d183295eb52b_480x.webp",480,407,false],"1536x1536":["https:\/\/www.musclenutrition.com.mx\/wp-content\/uploads\/2026\/03\/image_b12d087c-de56-4ffb-8fe1-d183295eb52b_480x.webp",480,407,false],"2048x2048":["https:\/\/www.musclenutrition.com.mx\/wp-content\/uploads\/2026\/03\/image_b12d087c-de56-4ffb-8fe1-d183295eb52b_480x.webp",480,407,false],"woocommerce_thumbnail":["https:\/\/www.musclenutrition.com.mx\/wp-content\/uploads\/2026\/03\/image_b12d087c-de56-4ffb-8fe1-d183295eb52b_480x-300x300.webp",300,300,true],"woocommerce_single":["https:\/\/www.musclenutrition.com.mx\/wp-content\/uploads\/2026\/03\/image_b12d087c-de56-4ffb-8fe1-d183295eb52b_480x.webp",480,407,false],"woocommerce_gallery_thumbnail":["https:\/\/www.musclenutrition.com.mx\/wp-content\/uploads\/2026\/03\/image_b12d087c-de56-4ffb-8fe1-d183295eb52b_480x-100x100.webp",100,100,true],"dgwt-wcas-product-suggestion":["https:\/\/www.musclenutrition.com.mx\/wp-content\/uploads\/2026\/03\/image_b12d087c-de56-4ffb-8fe1-d183295eb52b_480x-64x54.webp",64,54,true]},"uagb_author_info":{"display_name":"ventas reynosa","author_link":"https:\/\/www.musclenutrition.com.mx\/index.php\/author\/"},"uagb_comment_info":0,"uagb_excerpt":"Gold Standard Protein Shake RTD\u00a0de Optimum Nutrition es un batido de prote\u00edna listo para tomar que ofrece\u00a024 g de prote\u00edna por botella, con un perfil bajo en az\u00facar y sin necesidad de mezclas. Es ideal para consumir despu\u00e9s del entrenamiento, entre comidas o en cualquier momento del d\u00eda cuando necesitas una fuente de prote\u00edna r\u00e1pida,&hellip;","_links":{"self":[{"href":"https:\/\/www.musclenutrition.com.mx\/index.php\/wp-json\/wp\/v2\/product\/5232","targetHints":{"allow":["GET"]}}],"collection":[{"href":"https:\/\/www.musclenutrition.com.mx\/index.php\/wp-json\/wp\/v2\/product"}],"about":[{"href":"https:\/\/www.musclenutrition.com.mx\/index.php\/wp-json\/wp\/v2\/types\/product"}],"replies":[{"embeddable":true,"href":"https:\/\/www.musclenutrition.com.mx\/index.php\/wp-json\/wp\/v2\/comments?post=5232"}],"wp:featuredmedia":[{"embeddable":true,"href":"https:\/\/www.musclenutrition.com.mx\/index.php\/wp-json\/wp\/v2\/media\/5237"}],"wp:attachment":[{"href":"https:\/\/www.musclenutrition.com.mx\/index.php\/wp-json\/wp\/v2\/media?parent=5232"}],"wp:term":[{"taxonomy":"product_brand","embeddable":true,"href":"https:\/\/www.musclenutrition.com.mx\/index.php\/wp-json\/wp\/v2\/product_brand?post=5232"},{"taxonomy":"product_cat","embeddable":true,"href":"https:\/\/www.musclenutrition.com.mx\/index.php\/wp-json\/wp\/v2\/product_cat?post=5232"},{"taxonomy":"product_tag","embeddable":true,"href":"https:\/\/www.musclenutrition.com.mx\/index.php\/wp-json\/wp\/v2\/product_tag?post=5232"}],"curies":[{"name":"wp","href":"https:\/\/api.w.org\/{rel}","templated":true}]}}