{"id":5131,"date":"2026-02-25T13:08:36","date_gmt":"2026-02-25T19:08:36","guid":{"rendered":"https:\/\/www.musclenutrition.com.mx\/?post_type=product&#038;p=5131"},"modified":"2026-02-25T13:11:14","modified_gmt":"2026-02-25T19:11:14","slug":"dymatize-protein-shake-caja-12pz","status":"publish","type":"product","link":"https:\/\/www.musclenutrition.com.mx\/index.php\/producto\/dymatize-protein-shake-caja-12pz\/","title":{"rendered":"DYMATIZE PROTEIN SHAKE (CAJA 12PZ)"},"content":{"rendered":"","protected":false},"excerpt":{"rendered":"<p data-start=\"82\" data-end=\"135\"><strong data-start=\"82\" data-end=\"135\">DYMATIZE PERFORMANCE PROTEIN SHAKE \u2013 30g PROTE\u00cdNA<\/strong><\/p>\n<p data-start=\"137\" data-end=\"414\">Batido listo para tomar, ideal para alcanzar tus macros donde sea que est\u00e9s.<br data-start=\"213\" data-end=\"216\" \/>Cada porci\u00f3n aporta 30\u202fg de prote\u00edna de alta calidad, solo 160 calor\u00edas, 1\u202fg de az\u00facar y 6,2\u202fg de BCAA.<br data-start=\"319\" data-end=\"322\" \/>Perfecto para despu\u00e9s del entrenamiento, en movimiento o como snack proteico durante el d\u00eda.<\/p>\n<p data-start=\"416\" data-end=\"479\"><strong data-start=\"416\" data-end=\"440\">Sabores disponibles:<\/strong><br data-start=\"440\" data-end=\"443\" \/>\u2013 Fruity Pebbles<br data-start=\"460\" data-end=\"463\" \/>\u2013 Cocoa Pebbles<\/p>\n<p data-start=\"481\" data-end=\"534\"><strong data-start=\"481\" data-end=\"534\">Sin az\u00facar a\u00f1adida \u2013 Solo refrigerar y disfrutar.<\/strong><\/p>\n","protected":false},"featured_media":5134,"comment_status":"open","ping_status":"closed","template":"","meta":{"_uag_custom_page_level_css":"","site-sidebar-layout":"default","site-content-layout":"default","ast-global-header-display":"","ast-banner-title-visibility":"","ast-main-header-display":"","ast-hfb-above-header-display":"","ast-hfb-below-header-display":"","ast-hfb-mobile-header-display":"","site-post-title":"","ast-breadcrumbs-content":"","ast-featured-img":"","footer-sml-layout":"","theme-transparent-header-meta":"default","adv-header-id-meta":"","stick-header-meta":"","header-above-stick-meta":"","header-main-stick-meta":"","header-below-stick-meta":""},"product_brand":[],"product_cat":[53],"product_tag":[],"class_list":{"0":"post-5131","1":"product","2":"type-product","3":"status-publish","4":"has-post-thumbnail","6":"product_cat-snacks","7":"desktop-align-left","8":"tablet-align-left","9":"mobile-align-left","11":"first","12":"instock","13":"shipping-taxable","14":"purchasable","15":"product-type-variable"},"ams_default_variation_id":0,"ams_product_points_reward":[],"ams_product_discount_percentage":0,"ams_price_to_display":780,"ams_acf":[],"uagb_featured_image_src":{"full":["https:\/\/www.musclenutrition.com.mx\/wp-content\/uploads\/2026\/02\/DYMATIZE-PROTEIN-SHAKE.webp",474,426,false],"thumbnail":["https:\/\/www.musclenutrition.com.mx\/wp-content\/uploads\/2026\/02\/DYMATIZE-PROTEIN-SHAKE-150x150.webp",150,150,true],"medium":["https:\/\/www.musclenutrition.com.mx\/wp-content\/uploads\/2026\/02\/DYMATIZE-PROTEIN-SHAKE-300x270.webp",300,270,true],"medium_large":["https:\/\/www.musclenutrition.com.mx\/wp-content\/uploads\/2026\/02\/DYMATIZE-PROTEIN-SHAKE.webp",474,426,false],"large":["https:\/\/www.musclenutrition.com.mx\/wp-content\/uploads\/2026\/02\/DYMATIZE-PROTEIN-SHAKE.webp",474,426,false],"1536x1536":["https:\/\/www.musclenutrition.com.mx\/wp-content\/uploads\/2026\/02\/DYMATIZE-PROTEIN-SHAKE.webp",474,426,false],"2048x2048":["https:\/\/www.musclenutrition.com.mx\/wp-content\/uploads\/2026\/02\/DYMATIZE-PROTEIN-SHAKE.webp",474,426,false],"woocommerce_thumbnail":["https:\/\/www.musclenutrition.com.mx\/wp-content\/uploads\/2026\/02\/DYMATIZE-PROTEIN-SHAKE-300x300.webp",300,300,true],"woocommerce_single":["https:\/\/www.musclenutrition.com.mx\/wp-content\/uploads\/2026\/02\/DYMATIZE-PROTEIN-SHAKE.webp",474,426,false],"woocommerce_gallery_thumbnail":["https:\/\/www.musclenutrition.com.mx\/wp-content\/uploads\/2026\/02\/DYMATIZE-PROTEIN-SHAKE-100x100.webp",100,100,true],"dgwt-wcas-product-suggestion":["https:\/\/www.musclenutrition.com.mx\/wp-content\/uploads\/2026\/02\/DYMATIZE-PROTEIN-SHAKE-64x58.webp",64,58,true]},"uagb_author_info":{"display_name":"ventas reynosa","author_link":"https:\/\/www.musclenutrition.com.mx\/index.php\/author\/"},"uagb_comment_info":0,"uagb_excerpt":"DYMATIZE PERFORMANCE PROTEIN SHAKE \u2013 30g PROTE\u00cdNA Batido listo para tomar, ideal para alcanzar tus macros donde sea que est\u00e9s.Cada porci\u00f3n aporta 30\u202fg de prote\u00edna de alta calidad, solo 160 calor\u00edas, 1\u202fg de az\u00facar y 6,2\u202fg de BCAA.Perfecto para despu\u00e9s del entrenamiento, en movimiento o como snack proteico durante el d\u00eda. Sabores disponibles:\u2013 Fruity Pebbles\u2013&hellip;","_links":{"self":[{"href":"https:\/\/www.musclenutrition.com.mx\/index.php\/wp-json\/wp\/v2\/product\/5131","targetHints":{"allow":["GET"]}}],"collection":[{"href":"https:\/\/www.musclenutrition.com.mx\/index.php\/wp-json\/wp\/v2\/product"}],"about":[{"href":"https:\/\/www.musclenutrition.com.mx\/index.php\/wp-json\/wp\/v2\/types\/product"}],"replies":[{"embeddable":true,"href":"https:\/\/www.musclenutrition.com.mx\/index.php\/wp-json\/wp\/v2\/comments?post=5131"}],"wp:featuredmedia":[{"embeddable":true,"href":"https:\/\/www.musclenutrition.com.mx\/index.php\/wp-json\/wp\/v2\/media\/5134"}],"wp:attachment":[{"href":"https:\/\/www.musclenutrition.com.mx\/index.php\/wp-json\/wp\/v2\/media?parent=5131"}],"wp:term":[{"taxonomy":"product_brand","embeddable":true,"href":"https:\/\/www.musclenutrition.com.mx\/index.php\/wp-json\/wp\/v2\/product_brand?post=5131"},{"taxonomy":"product_cat","embeddable":true,"href":"https:\/\/www.musclenutrition.com.mx\/index.php\/wp-json\/wp\/v2\/product_cat?post=5131"},{"taxonomy":"product_tag","embeddable":true,"href":"https:\/\/www.musclenutrition.com.mx\/index.php\/wp-json\/wp\/v2\/product_tag?post=5131"}],"curies":[{"name":"wp","href":"https:\/\/api.w.org\/{rel}","templated":true}]}}