{"id":4802,"date":"2025-10-16T17:21:36","date_gmt":"2025-10-16T23:21:36","guid":{"rendered":"https:\/\/www.musclenutrition.com.mx\/?post_type=product&#038;p=4802"},"modified":"2026-03-20T15:06:15","modified_gmt":"2026-03-20T21:06:15","slug":"psycho-sam","status":"publish","type":"product","link":"https:\/\/www.musclenutrition.com.mx\/index.php\/producto\/psycho-sam\/","title":{"rendered":"PSYCHO SAM"},"content":{"rendered":"<p id=\"tw-target-text\" class=\"tw-data-text tw-text-large tw-ta\" dir=\"ltr\" data-placeholder=\"Traducci\u00f3n\" aria-label=\"Texto traducido: Psycho Sam &quot;Edici\u00f3n Qu\u00edmico Loco&quot; ser\u00e1 tu nueva opci\u00f3n para obtener energ\u00eda INTENSA cuando necesites el M\u00c1XIMO ESFUERZO en el gimnasio. Empezamos con dosis cl\u00ednicamente probadas de beta-alanina y malato de citrulina para combatir la fatiga muscular [y darte esa sensaci\u00f3n de hormigueo], a\u00f1adimos una dosis completa de L-tirosina para darte una concentraci\u00f3n INTENSA y luego a\u00f1adimos tres formas de cafe\u00edna para una curva de energ\u00eda larga y suave. Psycho Sam te da la resistencia, la concentraci\u00f3n y la energ\u00eda que necesitas para arrasar en el gimnasio a un precio incre\u00edble. \u00a1Cons\u00edguelo ahora y descubre por qu\u00e9 todo el mundo se est\u00e1 volviendo loco! Contenido de cafe\u00edna de todas las fuentes: 400 mg\" data-ved=\"2ahUKEwihqIvnjN2MAxWiI0QIHXTVBjoQ3ewLegQIDBAV\"><span class=\"Y2IQFc\" lang=\"es\">Psycho Sam &#8220;Edici\u00f3n Qu\u00edmico Loco&#8221; ser\u00e1 tu nueva opci\u00f3n para obtener energ\u00eda INTENSA cuando necesites el M\u00c1XIMO ESFUERZO en el gimnasio.\u00a0<\/span><\/p>\n<p class=\"tw-data-text tw-text-large tw-ta\" dir=\"ltr\" data-placeholder=\"Traducci\u00f3n\" aria-label=\"Texto traducido: Psycho Sam &quot;Edici\u00f3n Qu\u00edmico Loco&quot; ser\u00e1 tu nueva opci\u00f3n para obtener energ\u00eda INTENSA cuando necesites el M\u00c1XIMO ESFUERZO en el gimnasio. Empezamos con dosis cl\u00ednicamente probadas de beta-alanina y malato de citrulina para combatir la fatiga muscular [y darte esa sensaci\u00f3n de hormigueo], a\u00f1adimos una dosis completa de L-tirosina para darte una concentraci\u00f3n INTENSA y luego a\u00f1adimos tres formas de cafe\u00edna para una curva de energ\u00eda larga y suave. Psycho Sam te da la resistencia, la concentraci\u00f3n y la energ\u00eda que necesitas para arrasar en el gimnasio a un precio incre\u00edble. \u00a1Cons\u00edguelo ahora y descubre por qu\u00e9 todo el mundo se est\u00e1 volviendo loco! Contenido de cafe\u00edna de todas las fuentes: 400 mg\" data-ved=\"2ahUKEwihqIvnjN2MAxWiI0QIHXTVBjoQ3ewLegQIDBAV\"><span class=\"Y2IQFc\" lang=\"es\">Empezamos con dosis cl\u00ednicamente probadas de beta-alanina y malato de citrulina para combatir la fatiga muscular [y darte esa sensaci\u00f3n de hormigueo], a\u00f1adimos una dosis completa de L-tirosina para darte una concentraci\u00f3n INTENSA y luego a\u00f1adimos tres formas de cafe\u00edna para una curva de energ\u00eda larga y suave.<\/span><\/p>\n<p class=\"tw-data-text tw-text-large tw-ta\" dir=\"ltr\" data-placeholder=\"Traducci\u00f3n\" aria-label=\"Texto traducido: Psycho Sam &quot;Edici\u00f3n Qu\u00edmico Loco&quot; ser\u00e1 tu nueva opci\u00f3n para obtener energ\u00eda INTENSA cuando necesites el M\u00c1XIMO ESFUERZO en el gimnasio. Empezamos con dosis cl\u00ednicamente probadas de beta-alanina y malato de citrulina para combatir la fatiga muscular [y darte esa sensaci\u00f3n de hormigueo], a\u00f1adimos una dosis completa de L-tirosina para darte una concentraci\u00f3n INTENSA y luego a\u00f1adimos tres formas de cafe\u00edna para una curva de energ\u00eda larga y suave. Psycho Sam te da la resistencia, la concentraci\u00f3n y la energ\u00eda que necesitas para arrasar en el gimnasio a un precio incre\u00edble. \u00a1Cons\u00edguelo ahora y descubre por qu\u00e9 todo el mundo se est\u00e1 volviendo loco! Contenido de cafe\u00edna de todas las fuentes: 400 mg\" data-ved=\"2ahUKEwihqIvnjN2MAxWiI0QIHXTVBjoQ3ewLegQIDBAV\"><span class=\"Y2IQFc\" lang=\"es\">Psycho Sam te da la resistencia, la concentraci\u00f3n y la energ\u00eda que necesitas para arrasar en el gimnasio a un precio incre\u00edble.<\/span><\/p>\n","protected":false},"excerpt":{"rendered":"<p>Psycho Sam &#8220;Edici\u00f3n Qu\u00edmico Loco&#8221; ser\u00e1 tu nueva opci\u00f3n para obtener energ\u00eda INTENSA cuando necesites el M\u00c1XIMO ESFUERZO en el gimnasio.\u00a0 Empezamos con dosis cl\u00ednicamente probadas de beta-alanina y malato de citrulina para combatir la fatiga muscular [y darte esa sensaci\u00f3n de hormigueo], a\u00f1adimos una dosis completa de L-tirosina para darte una concentraci\u00f3n INTENSA y &hellip;<\/p>\n<p class=\"read-more\"> <a class=\"\" href=\"https:\/\/www.musclenutrition.com.mx\/index.php\/producto\/psycho-sam\/\"> <span class=\"screen-reader-text\">PSYCHO SAM<\/span> Leer m\u00e1s &raquo;<\/a><\/p>\n","protected":false},"featured_media":4803,"comment_status":"open","ping_status":"closed","template":"","meta":{"_uag_custom_page_level_css":"","site-sidebar-layout":"default","site-content-layout":"default","ast-global-header-display":"","ast-banner-title-visibility":"","ast-main-header-display":"","ast-hfb-above-header-display":"","ast-hfb-below-header-display":"","ast-hfb-mobile-header-display":"","site-post-title":"","ast-breadcrumbs-content":"","ast-featured-img":"","footer-sml-layout":"","theme-transparent-header-meta":"default","adv-header-id-meta":"","stick-header-meta":"","header-above-stick-meta":"","header-main-stick-meta":"","header-below-stick-meta":""},"product_brand":[],"product_cat":[35],"product_tag":[],"class_list":{"0":"post-4802","1":"product","2":"type-product","3":"status-publish","4":"has-post-thumbnail","6":"product_cat-pre-entrenos","7":"desktop-align-left","8":"tablet-align-left","9":"mobile-align-left","11":"first","12":"instock","13":"shipping-taxable","14":"purchasable","15":"product-type-variable"},"ams_default_variation_id":0,"ams_product_points_reward":[],"ams_product_discount_percentage":0,"ams_price_to_display":490,"ams_acf":[],"uagb_featured_image_src":{"full":["https:\/\/www.musclenutrition.com.mx\/wp-content\/uploads\/2025\/10\/51x7QRnErNL._AC_SX679_.jpg",502,699,false],"thumbnail":["https:\/\/www.musclenutrition.com.mx\/wp-content\/uploads\/2025\/10\/51x7QRnErNL._AC_SX679_-150x150.jpg",150,150,true],"medium":["https:\/\/www.musclenutrition.com.mx\/wp-content\/uploads\/2025\/10\/51x7QRnErNL._AC_SX679_-215x300.jpg",215,300,true],"medium_large":["https:\/\/www.musclenutrition.com.mx\/wp-content\/uploads\/2025\/10\/51x7QRnErNL._AC_SX679_.jpg",502,699,false],"large":["https:\/\/www.musclenutrition.com.mx\/wp-content\/uploads\/2025\/10\/51x7QRnErNL._AC_SX679_.jpg",502,699,false],"1536x1536":["https:\/\/www.musclenutrition.com.mx\/wp-content\/uploads\/2025\/10\/51x7QRnErNL._AC_SX679_.jpg",502,699,false],"2048x2048":["https:\/\/www.musclenutrition.com.mx\/wp-content\/uploads\/2025\/10\/51x7QRnErNL._AC_SX679_.jpg",502,699,false],"woocommerce_thumbnail":["https:\/\/www.musclenutrition.com.mx\/wp-content\/uploads\/2025\/10\/51x7QRnErNL._AC_SX679_-300x300.jpg",300,300,true],"woocommerce_single":["https:\/\/www.musclenutrition.com.mx\/wp-content\/uploads\/2025\/10\/51x7QRnErNL._AC_SX679_.jpg",502,699,false],"woocommerce_gallery_thumbnail":["https:\/\/www.musclenutrition.com.mx\/wp-content\/uploads\/2025\/10\/51x7QRnErNL._AC_SX679_-100x100.jpg",100,100,true],"dgwt-wcas-product-suggestion":["https:\/\/www.musclenutrition.com.mx\/wp-content\/uploads\/2025\/10\/51x7QRnErNL._AC_SX679_-64x89.jpg",64,89,true]},"uagb_author_info":{"display_name":"ventas reynosa","author_link":"https:\/\/www.musclenutrition.com.mx\/index.php\/author\/"},"uagb_comment_info":0,"uagb_excerpt":"Psycho Sam &#8220;Edici\u00f3n Qu\u00edmico Loco&#8221; ser\u00e1 tu nueva opci\u00f3n para obtener energ\u00eda INTENSA cuando necesites el M\u00c1XIMO ESFUERZO en el gimnasio.\u00a0 Empezamos con dosis cl\u00ednicamente probadas de beta-alanina y malato de citrulina para combatir la fatiga muscular [y darte esa sensaci\u00f3n de hormigueo], a\u00f1adimos una dosis completa de L-tirosina para darte una concentraci\u00f3n INTENSA y&hellip;","_links":{"self":[{"href":"https:\/\/www.musclenutrition.com.mx\/index.php\/wp-json\/wp\/v2\/product\/4802","targetHints":{"allow":["GET"]}}],"collection":[{"href":"https:\/\/www.musclenutrition.com.mx\/index.php\/wp-json\/wp\/v2\/product"}],"about":[{"href":"https:\/\/www.musclenutrition.com.mx\/index.php\/wp-json\/wp\/v2\/types\/product"}],"replies":[{"embeddable":true,"href":"https:\/\/www.musclenutrition.com.mx\/index.php\/wp-json\/wp\/v2\/comments?post=4802"}],"wp:featuredmedia":[{"embeddable":true,"href":"https:\/\/www.musclenutrition.com.mx\/index.php\/wp-json\/wp\/v2\/media\/4803"}],"wp:attachment":[{"href":"https:\/\/www.musclenutrition.com.mx\/index.php\/wp-json\/wp\/v2\/media?parent=4802"}],"wp:term":[{"taxonomy":"product_brand","embeddable":true,"href":"https:\/\/www.musclenutrition.com.mx\/index.php\/wp-json\/wp\/v2\/product_brand?post=4802"},{"taxonomy":"product_cat","embeddable":true,"href":"https:\/\/www.musclenutrition.com.mx\/index.php\/wp-json\/wp\/v2\/product_cat?post=4802"},{"taxonomy":"product_tag","embeddable":true,"href":"https:\/\/www.musclenutrition.com.mx\/index.php\/wp-json\/wp\/v2\/product_tag?post=4802"}],"curies":[{"name":"wp","href":"https:\/\/api.w.org\/{rel}","templated":true}]}}