{"id":4702,"date":"2025-09-11T15:34:05","date_gmt":"2025-09-11T21:34:05","guid":{"rendered":"https:\/\/www.musclenutrition.com.mx\/?post_type=product&#038;p=4702"},"modified":"2026-02-14T16:37:23","modified_gmt":"2026-02-14T22:37:23","slug":"alpha-nutrition-vitamina-c","status":"publish","type":"product","link":"https:\/\/www.musclenutrition.com.mx\/index.php\/producto\/alpha-nutrition-vitamina-c\/","title":{"rendered":"ALPHA NUTRITION VITAMINA C"},"content":{"rendered":"<p>El \u00e1cido asc\u00f3rbico o vitamina C contribuye con muchas funciones del cuerpo, entre ellas, la absorci\u00f3n del hierro. Las grandes dosis de vitamina C no producen toxicidad porque, al ser una vitamina soluble en agua, \u00e9sta simplemente se expulsa a trav\u00e9s de la orina. Contiene 300\u00a0mg de<strong data-start=\"983\" data-end=\"1006\">\u00a0Acido ascorbico<\/strong>\u00a0por c\u00e1psula.<\/p>\n<div class=\"section-title\">Ayuda a\u00a0<strong>formar col\u00e1geno,<\/strong> utilizado para producir la piel, los tendones, los ligamentos y los vasos sangu\u00edneos. <strong style=\"font-size: 16px;\">Sanar heridas<\/strong><span style=\"font-size: 16px;\"> y formar tejido cicatricial, r<\/span><span style=\"font-size: 16px;\">eparar y mantener el <\/span><strong style=\"font-size: 16px;\">cart\u00edlago, los huesos y los<\/strong><strong> dientes<\/strong>, a<span style=\"font-size: 16px;\">yuda a la <\/span><strong style=\"font-size: 16px;\">absorci\u00f3n<\/strong><span style=\"font-size: 16px;\"> del hierro y <\/span><span style=\"font-size: 16px;\">es<\/span><strong style=\"font-size: 16px;\">\u00a0antioxidante.<\/strong><\/div>\n","protected":false},"excerpt":{"rendered":"<p>El \u00e1cido asc\u00f3rbico o vitamina C contribuye con muchas funciones del cuerpo, entre ellas, la absorci\u00f3n del hierro. Las grandes dosis de vitamina C no producen toxicidad porque, al ser una vitamina soluble en agua, \u00e9sta simplemente se expulsa a trav\u00e9s de la orina. Contiene 300\u00a0mg de\u00a0Acido ascorbico\u00a0por c\u00e1psula. Ayuda a\u00a0formar col\u00e1geno, utilizado para producir &hellip;<\/p>\n<p class=\"read-more\"> <a class=\"\" href=\"https:\/\/www.musclenutrition.com.mx\/index.php\/producto\/alpha-nutrition-vitamina-c\/\"> <span class=\"screen-reader-text\">ALPHA NUTRITION VITAMINA C<\/span> Leer m\u00e1s &raquo;<\/a><\/p>\n","protected":false},"featured_media":4703,"comment_status":"open","ping_status":"closed","template":"","meta":{"_uag_custom_page_level_css":"","site-sidebar-layout":"default","site-content-layout":"default","ast-global-header-display":"","ast-banner-title-visibility":"","ast-main-header-display":"","ast-hfb-above-header-display":"","ast-hfb-below-header-display":"","ast-hfb-mobile-header-display":"","site-post-title":"","ast-breadcrumbs-content":"","ast-featured-img":"","footer-sml-layout":"","theme-transparent-header-meta":"default","adv-header-id-meta":"","stick-header-meta":"","header-above-stick-meta":"","header-main-stick-meta":"","header-below-stick-meta":""},"product_brand":[],"product_cat":[43],"product_tag":[],"class_list":{"0":"post-4702","1":"product","2":"type-product","3":"status-publish","4":"has-post-thumbnail","6":"product_cat-multivitaminico","7":"desktop-align-left","8":"tablet-align-left","9":"mobile-align-left","11":"first","12":"instock","13":"shipping-taxable","14":"purchasable","15":"product-type-simple"},"ams_default_variation_id":0,"ams_product_points_reward":[],"ams_product_discount_percentage":0,"ams_price_to_display":450,"ams_acf":[],"uagb_featured_image_src":{"full":["https:\/\/www.musclenutrition.com.mx\/wp-content\/uploads\/2025\/09\/INMUNO-C-bco.png",2000,2000,false],"thumbnail":["https:\/\/www.musclenutrition.com.mx\/wp-content\/uploads\/2025\/09\/INMUNO-C-bco-150x150.png",150,150,true],"medium":["https:\/\/www.musclenutrition.com.mx\/wp-content\/uploads\/2025\/09\/INMUNO-C-bco-300x300.png",300,300,true],"medium_large":["https:\/\/www.musclenutrition.com.mx\/wp-content\/uploads\/2025\/09\/INMUNO-C-bco-768x768.png",768,768,true],"large":["https:\/\/www.musclenutrition.com.mx\/wp-content\/uploads\/2025\/09\/INMUNO-C-bco-1024x1024.png",1024,1024,true],"1536x1536":["https:\/\/www.musclenutrition.com.mx\/wp-content\/uploads\/2025\/09\/INMUNO-C-bco-1536x1536.png",1536,1536,true],"2048x2048":["https:\/\/www.musclenutrition.com.mx\/wp-content\/uploads\/2025\/09\/INMUNO-C-bco.png",2000,2000,false],"woocommerce_thumbnail":["https:\/\/www.musclenutrition.com.mx\/wp-content\/uploads\/2025\/09\/INMUNO-C-bco-300x300.png",300,300,true],"woocommerce_single":["https:\/\/www.musclenutrition.com.mx\/wp-content\/uploads\/2025\/09\/INMUNO-C-bco-600x600.png",600,600,true],"woocommerce_gallery_thumbnail":["https:\/\/www.musclenutrition.com.mx\/wp-content\/uploads\/2025\/09\/INMUNO-C-bco-100x100.png",100,100,true],"dgwt-wcas-product-suggestion":["https:\/\/www.musclenutrition.com.mx\/wp-content\/uploads\/2025\/09\/INMUNO-C-bco-64x64.png",64,64,true]},"uagb_author_info":{"display_name":"ventas reynosa","author_link":"https:\/\/www.musclenutrition.com.mx\/index.php\/author\/"},"uagb_comment_info":0,"uagb_excerpt":"El \u00e1cido asc\u00f3rbico o vitamina C contribuye con muchas funciones del cuerpo, entre ellas, la absorci\u00f3n del hierro. Las grandes dosis de vitamina C no producen toxicidad porque, al ser una vitamina soluble en agua, \u00e9sta simplemente se expulsa a trav\u00e9s de la orina. Contiene 300\u00a0mg de\u00a0Acido ascorbico\u00a0por c\u00e1psula. Ayuda a\u00a0formar col\u00e1geno, utilizado para producir&hellip;","_links":{"self":[{"href":"https:\/\/www.musclenutrition.com.mx\/index.php\/wp-json\/wp\/v2\/product\/4702","targetHints":{"allow":["GET"]}}],"collection":[{"href":"https:\/\/www.musclenutrition.com.mx\/index.php\/wp-json\/wp\/v2\/product"}],"about":[{"href":"https:\/\/www.musclenutrition.com.mx\/index.php\/wp-json\/wp\/v2\/types\/product"}],"replies":[{"embeddable":true,"href":"https:\/\/www.musclenutrition.com.mx\/index.php\/wp-json\/wp\/v2\/comments?post=4702"}],"wp:featuredmedia":[{"embeddable":true,"href":"https:\/\/www.musclenutrition.com.mx\/index.php\/wp-json\/wp\/v2\/media\/4703"}],"wp:attachment":[{"href":"https:\/\/www.musclenutrition.com.mx\/index.php\/wp-json\/wp\/v2\/media?parent=4702"}],"wp:term":[{"taxonomy":"product_brand","embeddable":true,"href":"https:\/\/www.musclenutrition.com.mx\/index.php\/wp-json\/wp\/v2\/product_brand?post=4702"},{"taxonomy":"product_cat","embeddable":true,"href":"https:\/\/www.musclenutrition.com.mx\/index.php\/wp-json\/wp\/v2\/product_cat?post=4702"},{"taxonomy":"product_tag","embeddable":true,"href":"https:\/\/www.musclenutrition.com.mx\/index.php\/wp-json\/wp\/v2\/product_tag?post=4702"}],"curies":[{"name":"wp","href":"https:\/\/api.w.org\/{rel}","templated":true}]}}