{"id":4699,"date":"2025-09-11T15:21:20","date_gmt":"2025-09-11T21:21:20","guid":{"rendered":"https:\/\/www.musclenutrition.com.mx\/?post_type=product&#038;p=4699"},"modified":"2026-04-02T18:11:01","modified_gmt":"2026-04-03T00:11:01","slug":"htp-ashwaganda","status":"publish","type":"product","link":"https:\/\/www.musclenutrition.com.mx\/index.php\/producto\/htp-ashwaganda\/","title":{"rendered":"HTP ASHWAGANDA"},"content":{"rendered":"<p>El ginseng indio AshwaPure\u00ae se ha estudiado espec\u00edficamente por su eficacia para reforzar los niveles de cortisol y normalizar el estr\u00e9s, promover la salud inmunitaria, elevar el estado de \u00e1nimo y mejorar el rendimiento deportivo. Alta tecnolog\u00eda desarrollada a trav\u00e9s de un proceso \u00fanico que integra las ideolog\u00edas de m\u00faltiples tecnolog\u00edas estandarizadas y se beneficia del espectro completo que ofrece el ginseng indio. Para garantizar niveles de fitonutrientes consistentes y confiables, aislamos una cantidad controlada de estos importantes compuestos activos de los vegetales. Luego, mezclamos estos compuestos \u201cestandarizados\u201d mejorados que dan como resultado un potente extracto herbal estandarizado de calidad pr\u00e9mium con todas las cualidades sin\u00e9rgicas y beneficiosas que se encuentran en el ginseng indio para reforzar la memoria, la cognici\u00f3n, la respuesta al estr\u00e9s y el bienestar general.<\/p>\n<p>Tome un (1) comprimido dos veces por d\u00eda con el est\u00f3mago vac\u00edo o seg\u00fan las recomendaciones de un profesional de la salud.<\/p>\n","protected":false},"excerpt":{"rendered":"<p>El ginseng indio AshwaPure\u00ae se ha estudiado espec\u00edficamente por su eficacia para reforzar los niveles de cortisol y normalizar el estr\u00e9s, promover la salud inmunitaria, elevar el estado de \u00e1nimo y mejorar el rendimiento deportivo. Alta tecnolog\u00eda desarrollada a trav\u00e9s de un proceso \u00fanico que integra las ideolog\u00edas de m\u00faltiples tecnolog\u00edas estandarizadas y se beneficia &hellip;<\/p>\n<p class=\"read-more\"> <a class=\"\" href=\"https:\/\/www.musclenutrition.com.mx\/index.php\/producto\/htp-ashwaganda\/\"> <span class=\"screen-reader-text\">HTP ASHWAGANDA<\/span> Leer m\u00e1s &raquo;<\/a><\/p>\n","protected":false},"featured_media":4700,"comment_status":"open","ping_status":"closed","template":"","meta":{"_uag_custom_page_level_css":"","site-sidebar-layout":"default","site-content-layout":"default","ast-global-header-display":"","ast-banner-title-visibility":"","ast-main-header-display":"","ast-hfb-above-header-display":"","ast-hfb-below-header-display":"","ast-hfb-mobile-header-display":"","site-post-title":"","ast-breadcrumbs-content":"","ast-featured-img":"","footer-sml-layout":"","theme-transparent-header-meta":"default","adv-header-id-meta":"","stick-header-meta":"","header-above-stick-meta":"","header-main-stick-meta":"","header-below-stick-meta":""},"product_brand":[],"product_cat":[43],"product_tag":[],"class_list":{"0":"post-4699","1":"product","2":"type-product","3":"status-publish","4":"has-post-thumbnail","6":"product_cat-multivitaminico","7":"desktop-align-left","8":"tablet-align-left","9":"mobile-align-left","11":"first","12":"instock","13":"shipping-taxable","14":"purchasable","15":"product-type-simple"},"ams_default_variation_id":0,"ams_product_points_reward":[],"ams_product_discount_percentage":0,"ams_price_to_display":490,"ams_acf":[],"uagb_featured_image_src":{"full":["https:\/\/www.musclenutrition.com.mx\/wp-content\/uploads\/2025\/09\/hi-tech-pharmaceuticals-ASHWAGHANDHA__58381.jpg",960,960,false],"thumbnail":["https:\/\/www.musclenutrition.com.mx\/wp-content\/uploads\/2025\/09\/hi-tech-pharmaceuticals-ASHWAGHANDHA__58381-150x150.jpg",150,150,true],"medium":["https:\/\/www.musclenutrition.com.mx\/wp-content\/uploads\/2025\/09\/hi-tech-pharmaceuticals-ASHWAGHANDHA__58381-300x300.jpg",300,300,true],"medium_large":["https:\/\/www.musclenutrition.com.mx\/wp-content\/uploads\/2025\/09\/hi-tech-pharmaceuticals-ASHWAGHANDHA__58381-768x768.jpg",768,768,true],"large":["https:\/\/www.musclenutrition.com.mx\/wp-content\/uploads\/2025\/09\/hi-tech-pharmaceuticals-ASHWAGHANDHA__58381.jpg",960,960,false],"1536x1536":["https:\/\/www.musclenutrition.com.mx\/wp-content\/uploads\/2025\/09\/hi-tech-pharmaceuticals-ASHWAGHANDHA__58381.jpg",960,960,false],"2048x2048":["https:\/\/www.musclenutrition.com.mx\/wp-content\/uploads\/2025\/09\/hi-tech-pharmaceuticals-ASHWAGHANDHA__58381.jpg",960,960,false],"woocommerce_thumbnail":["https:\/\/www.musclenutrition.com.mx\/wp-content\/uploads\/2025\/09\/hi-tech-pharmaceuticals-ASHWAGHANDHA__58381-300x300.jpg",300,300,true],"woocommerce_single":["https:\/\/www.musclenutrition.com.mx\/wp-content\/uploads\/2025\/09\/hi-tech-pharmaceuticals-ASHWAGHANDHA__58381-600x600.jpg",600,600,true],"woocommerce_gallery_thumbnail":["https:\/\/www.musclenutrition.com.mx\/wp-content\/uploads\/2025\/09\/hi-tech-pharmaceuticals-ASHWAGHANDHA__58381-100x100.jpg",100,100,true],"dgwt-wcas-product-suggestion":["https:\/\/www.musclenutrition.com.mx\/wp-content\/uploads\/2025\/09\/hi-tech-pharmaceuticals-ASHWAGHANDHA__58381-64x64.jpg",64,64,true]},"uagb_author_info":{"display_name":"ventas reynosa","author_link":"https:\/\/www.musclenutrition.com.mx\/index.php\/author\/"},"uagb_comment_info":0,"uagb_excerpt":"El ginseng indio AshwaPure\u00ae se ha estudiado espec\u00edficamente por su eficacia para reforzar los niveles de cortisol y normalizar el estr\u00e9s, promover la salud inmunitaria, elevar el estado de \u00e1nimo y mejorar el rendimiento deportivo. Alta tecnolog\u00eda desarrollada a trav\u00e9s de un proceso \u00fanico que integra las ideolog\u00edas de m\u00faltiples tecnolog\u00edas estandarizadas y se beneficia&hellip;","_links":{"self":[{"href":"https:\/\/www.musclenutrition.com.mx\/index.php\/wp-json\/wp\/v2\/product\/4699","targetHints":{"allow":["GET"]}}],"collection":[{"href":"https:\/\/www.musclenutrition.com.mx\/index.php\/wp-json\/wp\/v2\/product"}],"about":[{"href":"https:\/\/www.musclenutrition.com.mx\/index.php\/wp-json\/wp\/v2\/types\/product"}],"replies":[{"embeddable":true,"href":"https:\/\/www.musclenutrition.com.mx\/index.php\/wp-json\/wp\/v2\/comments?post=4699"}],"wp:featuredmedia":[{"embeddable":true,"href":"https:\/\/www.musclenutrition.com.mx\/index.php\/wp-json\/wp\/v2\/media\/4700"}],"wp:attachment":[{"href":"https:\/\/www.musclenutrition.com.mx\/index.php\/wp-json\/wp\/v2\/media?parent=4699"}],"wp:term":[{"taxonomy":"product_brand","embeddable":true,"href":"https:\/\/www.musclenutrition.com.mx\/index.php\/wp-json\/wp\/v2\/product_brand?post=4699"},{"taxonomy":"product_cat","embeddable":true,"href":"https:\/\/www.musclenutrition.com.mx\/index.php\/wp-json\/wp\/v2\/product_cat?post=4699"},{"taxonomy":"product_tag","embeddable":true,"href":"https:\/\/www.musclenutrition.com.mx\/index.php\/wp-json\/wp\/v2\/product_tag?post=4699"}],"curies":[{"name":"wp","href":"https:\/\/api.w.org\/{rel}","templated":true}]}}