{"id":4695,"date":"2025-09-11T15:04:52","date_gmt":"2025-09-11T21:04:52","guid":{"rendered":"https:\/\/www.musclenutrition.com.mx\/?post_type=product&#038;p=4695"},"modified":"2026-01-17T00:18:52","modified_gmt":"2026-01-17T06:18:52","slug":"allmax-omega-3","status":"publish","type":"product","link":"https:\/\/www.musclenutrition.com.mx\/index.php\/producto\/allmax-omega-3\/","title":{"rendered":"ALLMAX OMEGA 3"},"content":{"rendered":"<p>Conocidos como las grasas m\u00e1s saludables, los \u00e1cidos grasos esenciales (AGE) omega-3 aportan una amplia variedad de beneficios para la salud y el rendimiento. Los omega-3 se encuentran en altas concentraciones en el cerebro, ya que son esenciales para la funci\u00f3n cerebral.<\/p>\n<p>El Omega 3 de ALLMAX tiene un sabor neutralizado para reducir la experiencia de \u201crepetici\u00f3n a pescado\u201d de otras c\u00e1psulas de aceite de pescado. Producto elaborado con anchoas y sardinas capturadas en estado salvaje en las pr\u00edstinas aguas de las costas de Chile y Per\u00fa.<\/p>\n<p>Dentro de un envase negro opaco, los \u00e1cidos grasos esenciales con omega-3 de ALLMAX est\u00e1n protegidos contra la degradaci\u00f3n de la fuente de luz, lo que mantiene sus omega-3 en perfectas condiciones. Disfrute de todos los beneficios saludables sin ninguno de los inconvenientes que tienen algunas f\u00f3rmulas con los Omega-3 EFAS de ALLMAX.<\/p>\n","protected":false},"excerpt":{"rendered":"<p>Conocidos como las grasas m\u00e1s saludables, los \u00e1cidos grasos esenciales (AGE) omega-3 aportan una amplia variedad de beneficios para la salud y el rendimiento. Los omega-3 se encuentran en altas concentraciones en el cerebro, ya que son esenciales para la funci\u00f3n cerebral. El Omega 3 de ALLMAX tiene un sabor neutralizado para reducir la experiencia &hellip;<\/p>\n<p class=\"read-more\"> <a class=\"\" href=\"https:\/\/www.musclenutrition.com.mx\/index.php\/producto\/allmax-omega-3\/\"> <span class=\"screen-reader-text\">ALLMAX OMEGA 3<\/span> Leer m\u00e1s &raquo;<\/a><\/p>\n","protected":false},"featured_media":4696,"comment_status":"open","ping_status":"closed","template":"","meta":{"_uag_custom_page_level_css":"","site-sidebar-layout":"default","site-content-layout":"default","ast-global-header-display":"","ast-banner-title-visibility":"","ast-main-header-display":"","ast-hfb-above-header-display":"","ast-hfb-below-header-display":"","ast-hfb-mobile-header-display":"","site-post-title":"","ast-breadcrumbs-content":"","ast-featured-img":"","footer-sml-layout":"","theme-transparent-header-meta":"default","adv-header-id-meta":"","stick-header-meta":"","header-above-stick-meta":"","header-main-stick-meta":"","header-below-stick-meta":""},"product_brand":[],"product_cat":[33],"product_tag":[],"class_list":{"0":"post-4695","1":"product","2":"type-product","3":"status-publish","4":"has-post-thumbnail","6":"product_cat-aminoacidos","7":"desktop-align-left","8":"tablet-align-left","9":"mobile-align-left","11":"first","12":"outofstock","13":"shipping-taxable","14":"purchasable","15":"product-type-simple"},"ams_default_variation_id":0,"ams_product_points_reward":[],"ams_product_discount_percentage":0,"ams_price_to_display":420,"ams_acf":[],"uagb_featured_image_src":{"full":["https:\/\/www.musclenutrition.com.mx\/wp-content\/uploads\/2025\/09\/allmaxomega1.jpg",600,600,false],"thumbnail":["https:\/\/www.musclenutrition.com.mx\/wp-content\/uploads\/2025\/09\/allmaxomega1-150x150.jpg",150,150,true],"medium":["https:\/\/www.musclenutrition.com.mx\/wp-content\/uploads\/2025\/09\/allmaxomega1-300x300.jpg",300,300,true],"medium_large":["https:\/\/www.musclenutrition.com.mx\/wp-content\/uploads\/2025\/09\/allmaxomega1.jpg",600,600,false],"large":["https:\/\/www.musclenutrition.com.mx\/wp-content\/uploads\/2025\/09\/allmaxomega1.jpg",600,600,false],"1536x1536":["https:\/\/www.musclenutrition.com.mx\/wp-content\/uploads\/2025\/09\/allmaxomega1.jpg",600,600,false],"2048x2048":["https:\/\/www.musclenutrition.com.mx\/wp-content\/uploads\/2025\/09\/allmaxomega1.jpg",600,600,false],"woocommerce_thumbnail":["https:\/\/www.musclenutrition.com.mx\/wp-content\/uploads\/2025\/09\/allmaxomega1-300x300.jpg",300,300,true],"woocommerce_single":["https:\/\/www.musclenutrition.com.mx\/wp-content\/uploads\/2025\/09\/allmaxomega1.jpg",600,600,false],"woocommerce_gallery_thumbnail":["https:\/\/www.musclenutrition.com.mx\/wp-content\/uploads\/2025\/09\/allmaxomega1-100x100.jpg",100,100,true],"dgwt-wcas-product-suggestion":["https:\/\/www.musclenutrition.com.mx\/wp-content\/uploads\/2025\/09\/allmaxomega1-64x64.jpg",64,64,true]},"uagb_author_info":{"display_name":"ventas reynosa","author_link":"https:\/\/www.musclenutrition.com.mx\/index.php\/author\/"},"uagb_comment_info":0,"uagb_excerpt":"Conocidos como las grasas m\u00e1s saludables, los \u00e1cidos grasos esenciales (AGE) omega-3 aportan una amplia variedad de beneficios para la salud y el rendimiento. Los omega-3 se encuentran en altas concentraciones en el cerebro, ya que son esenciales para la funci\u00f3n cerebral. El Omega 3 de ALLMAX tiene un sabor neutralizado para reducir la experiencia&hellip;","_links":{"self":[{"href":"https:\/\/www.musclenutrition.com.mx\/index.php\/wp-json\/wp\/v2\/product\/4695","targetHints":{"allow":["GET"]}}],"collection":[{"href":"https:\/\/www.musclenutrition.com.mx\/index.php\/wp-json\/wp\/v2\/product"}],"about":[{"href":"https:\/\/www.musclenutrition.com.mx\/index.php\/wp-json\/wp\/v2\/types\/product"}],"replies":[{"embeddable":true,"href":"https:\/\/www.musclenutrition.com.mx\/index.php\/wp-json\/wp\/v2\/comments?post=4695"}],"wp:featuredmedia":[{"embeddable":true,"href":"https:\/\/www.musclenutrition.com.mx\/index.php\/wp-json\/wp\/v2\/media\/4696"}],"wp:attachment":[{"href":"https:\/\/www.musclenutrition.com.mx\/index.php\/wp-json\/wp\/v2\/media?parent=4695"}],"wp:term":[{"taxonomy":"product_brand","embeddable":true,"href":"https:\/\/www.musclenutrition.com.mx\/index.php\/wp-json\/wp\/v2\/product_brand?post=4695"},{"taxonomy":"product_cat","embeddable":true,"href":"https:\/\/www.musclenutrition.com.mx\/index.php\/wp-json\/wp\/v2\/product_cat?post=4695"},{"taxonomy":"product_tag","embeddable":true,"href":"https:\/\/www.musclenutrition.com.mx\/index.php\/wp-json\/wp\/v2\/product_tag?post=4695"}],"curies":[{"name":"wp","href":"https:\/\/api.w.org\/{rel}","templated":true}]}}