{"id":4574,"date":"2025-07-21T15:33:41","date_gmt":"2025-07-21T21:33:41","guid":{"rendered":"https:\/\/www.musclenutrition.com.mx\/?post_type=product&#038;p=4574"},"modified":"2026-03-03T20:37:39","modified_gmt":"2026-03-04T02:37:39","slug":"gaspari-amino-max-8000","status":"publish","type":"product","link":"https:\/\/www.musclenutrition.com.mx\/index.php\/producto\/gaspari-amino-max-8000\/","title":{"rendered":"GASPARI AMINO MAX 8000"},"content":{"rendered":"<p>Super Alto Rendimiento Dise\u00f1ado para Atletas Avanzados y Culturistas Mejorado con Creatina, Taurina y BCAA Promueve Tama\u00f1o, Fuerza y Resistencia Aumenta Suplemento Diet\u00e9tico Aproximadamente 82 Porciones 8 Gramos de Amino\u00e1cidos Aumento Tama\u00f1o, Fuerza y Recuperaci\u00f3n Previene Desglose Muscular Uso Pre o Post-Entrenamiento Gaspari Nutrition cre\u00f3 AminoMax 8000\u00ae pensando en el cliente. Muchos de los productos de amino\u00e1cidos en el mercado se derivan de fuentes inferiores de prote\u00ednas y tienen una entrega lenta. Cada porci\u00f3n de AminoMax 8000\u00ae contiene 8 gramos de amino\u00e1cidos.Si te tomas en serio mejorar tu f\u00edsico, entonces tiene sentido que tomes productos que puedan ayudarte a mejorar tus resultados.Esta f\u00f3rmula est\u00e1 dise\u00f1ada para aumentar el tama\u00f1o, la fuerza y \u200b\u200bla resistencia.Deja de quemar tejido muscular como energ\u00eda durante sesiones intensas en el gimnasio y prueba AminoMax 8000\u00ae antes de tu pr\u00f3ximo entrenamiento.Notar\u00e1s m\u00e1s tama\u00f1o y fuerza en solo semanas.<\/p>\n","protected":false},"excerpt":{"rendered":"<p>Super Alto Rendimiento Dise\u00f1ado para Atletas Avanzados y Culturistas Mejorado con Creatina, Taurina y BCAA Promueve Tama\u00f1o, Fuerza y Resistencia Aumenta Suplemento Diet\u00e9tico Aproximadamente 82 Porciones 8 Gramos de Amino\u00e1cidos Aumento Tama\u00f1o, Fuerza y Recuperaci\u00f3n Previene Desglose Muscular Uso Pre o Post-Entrenamiento Gaspari Nutrition cre\u00f3 AminoMax 8000\u00ae pensando en el cliente. Muchos de los productos &hellip;<\/p>\n<p class=\"read-more\"> <a class=\"\" href=\"https:\/\/www.musclenutrition.com.mx\/index.php\/producto\/gaspari-amino-max-8000\/\"> <span class=\"screen-reader-text\">GASPARI AMINO MAX 8000<\/span> Leer m\u00e1s &raquo;<\/a><\/p>\n","protected":false},"featured_media":4575,"comment_status":"open","ping_status":"closed","template":"","meta":{"_uag_custom_page_level_css":"","site-sidebar-layout":"default","site-content-layout":"default","ast-global-header-display":"","ast-banner-title-visibility":"","ast-main-header-display":"","ast-hfb-above-header-display":"","ast-hfb-below-header-display":"","ast-hfb-mobile-header-display":"","site-post-title":"","ast-breadcrumbs-content":"","ast-featured-img":"","footer-sml-layout":"","theme-transparent-header-meta":"default","adv-header-id-meta":"","stick-header-meta":"","header-above-stick-meta":"","header-main-stick-meta":"","header-below-stick-meta":""},"product_brand":[],"product_cat":[33],"product_tag":[],"class_list":{"0":"post-4574","1":"product","2":"type-product","3":"status-publish","4":"has-post-thumbnail","6":"product_cat-aminoacidos","7":"desktop-align-left","8":"tablet-align-left","9":"mobile-align-left","11":"first","12":"instock","13":"shipping-taxable","14":"purchasable","15":"product-type-simple"},"ams_default_variation_id":0,"ams_product_points_reward":[],"ams_product_discount_percentage":0,"ams_price_to_display":550,"ams_acf":[],"uagb_featured_image_src":{"full":["https:\/\/www.musclenutrition.com.mx\/wp-content\/uploads\/2025\/07\/gaspari-amino.jpg",600,600,false],"thumbnail":["https:\/\/www.musclenutrition.com.mx\/wp-content\/uploads\/2025\/07\/gaspari-amino-150x150.jpg",150,150,true],"medium":["https:\/\/www.musclenutrition.com.mx\/wp-content\/uploads\/2025\/07\/gaspari-amino-300x300.jpg",300,300,true],"medium_large":["https:\/\/www.musclenutrition.com.mx\/wp-content\/uploads\/2025\/07\/gaspari-amino.jpg",600,600,false],"large":["https:\/\/www.musclenutrition.com.mx\/wp-content\/uploads\/2025\/07\/gaspari-amino.jpg",600,600,false],"1536x1536":["https:\/\/www.musclenutrition.com.mx\/wp-content\/uploads\/2025\/07\/gaspari-amino.jpg",600,600,false],"2048x2048":["https:\/\/www.musclenutrition.com.mx\/wp-content\/uploads\/2025\/07\/gaspari-amino.jpg",600,600,false],"woocommerce_thumbnail":["https:\/\/www.musclenutrition.com.mx\/wp-content\/uploads\/2025\/07\/gaspari-amino-300x300.jpg",300,300,true],"woocommerce_single":["https:\/\/www.musclenutrition.com.mx\/wp-content\/uploads\/2025\/07\/gaspari-amino.jpg",600,600,false],"woocommerce_gallery_thumbnail":["https:\/\/www.musclenutrition.com.mx\/wp-content\/uploads\/2025\/07\/gaspari-amino-100x100.jpg",100,100,true],"dgwt-wcas-product-suggestion":["https:\/\/www.musclenutrition.com.mx\/wp-content\/uploads\/2025\/07\/gaspari-amino-64x64.jpg",64,64,true]},"uagb_author_info":{"display_name":"ventas reynosa","author_link":"https:\/\/www.musclenutrition.com.mx\/index.php\/author\/"},"uagb_comment_info":0,"uagb_excerpt":"Super Alto Rendimiento Dise\u00f1ado para Atletas Avanzados y Culturistas Mejorado con Creatina, Taurina y BCAA Promueve Tama\u00f1o, Fuerza y Resistencia Aumenta Suplemento Diet\u00e9tico Aproximadamente 82 Porciones 8 Gramos de Amino\u00e1cidos Aumento Tama\u00f1o, Fuerza y Recuperaci\u00f3n Previene Desglose Muscular Uso Pre o Post-Entrenamiento Gaspari Nutrition cre\u00f3 AminoMax 8000\u00ae pensando en el cliente. Muchos de los productos&hellip;","_links":{"self":[{"href":"https:\/\/www.musclenutrition.com.mx\/index.php\/wp-json\/wp\/v2\/product\/4574","targetHints":{"allow":["GET"]}}],"collection":[{"href":"https:\/\/www.musclenutrition.com.mx\/index.php\/wp-json\/wp\/v2\/product"}],"about":[{"href":"https:\/\/www.musclenutrition.com.mx\/index.php\/wp-json\/wp\/v2\/types\/product"}],"replies":[{"embeddable":true,"href":"https:\/\/www.musclenutrition.com.mx\/index.php\/wp-json\/wp\/v2\/comments?post=4574"}],"wp:featuredmedia":[{"embeddable":true,"href":"https:\/\/www.musclenutrition.com.mx\/index.php\/wp-json\/wp\/v2\/media\/4575"}],"wp:attachment":[{"href":"https:\/\/www.musclenutrition.com.mx\/index.php\/wp-json\/wp\/v2\/media?parent=4574"}],"wp:term":[{"taxonomy":"product_brand","embeddable":true,"href":"https:\/\/www.musclenutrition.com.mx\/index.php\/wp-json\/wp\/v2\/product_brand?post=4574"},{"taxonomy":"product_cat","embeddable":true,"href":"https:\/\/www.musclenutrition.com.mx\/index.php\/wp-json\/wp\/v2\/product_cat?post=4574"},{"taxonomy":"product_tag","embeddable":true,"href":"https:\/\/www.musclenutrition.com.mx\/index.php\/wp-json\/wp\/v2\/product_tag?post=4574"}],"curies":[{"name":"wp","href":"https:\/\/api.w.org\/{rel}","templated":true}]}}