{"id":4432,"date":"2025-05-26T13:13:13","date_gmt":"2025-05-26T19:13:13","guid":{"rendered":"https:\/\/www.musclenutrition.com.mx\/?post_type=product&#038;p=4432"},"modified":"2025-10-30T10:36:27","modified_gmt":"2025-10-30T16:36:27","slug":"ronnie-coleman-agmatine-xs","status":"publish","type":"product","link":"https:\/\/www.musclenutrition.com.mx\/index.php\/producto\/ronnie-coleman-agmatine-xs\/","title":{"rendered":"RONNIE COLEMAN AGMATINE XS"},"content":{"rendered":"<p>Como suplemento diet\u00e9tico, toma de 1 a 2 c\u00e1psulas por d\u00eda, preferiblemente con una comida 30-60 minutos antes de tu entrenamiento. Este producto debe usarse en conjunto a un r\u00e9gimen adecuado de ejercicio y nutrici\u00f3n.<\/p>\n","protected":false},"excerpt":{"rendered":"<p>La Agmatina es producida por el amino\u00e1cido Arginina, ha demostrado que beneficia en la salud del coraz\u00f3n, de los m\u00fasculos y del cerebro; adem\u00e1s facilita la producci\u00f3n de \u00f3xido n\u00edtrico para una saludable circulaci\u00f3n sangu\u00ednea. AGMATINE se ha convertido en un popular producto para pre-entreno que potencia el \u00f3xido n\u00edtrico y los bombeos.<\/p>\n<ul>\n<li>500mg por C\u00e1psula<\/li>\n<li>Amplificador de \u00d3xido N\u00edtrico<\/li>\n<li>Certificaciones cGMP<\/li>\n<\/ul>\n","protected":false},"featured_media":4433,"comment_status":"open","ping_status":"closed","template":"","meta":{"_uag_custom_page_level_css":"","site-sidebar-layout":"default","site-content-layout":"default","ast-global-header-display":"","ast-banner-title-visibility":"","ast-main-header-display":"","ast-hfb-above-header-display":"","ast-hfb-below-header-display":"","ast-hfb-mobile-header-display":"","site-post-title":"","ast-breadcrumbs-content":"","ast-featured-img":"","footer-sml-layout":"","theme-transparent-header-meta":"default","adv-header-id-meta":"","stick-header-meta":"","header-above-stick-meta":"","header-main-stick-meta":"","header-below-stick-meta":""},"product_brand":[],"product_cat":[33],"product_tag":[],"class_list":{"0":"post-4432","1":"product","2":"type-product","3":"status-publish","4":"has-post-thumbnail","6":"product_cat-aminoacidos","7":"desktop-align-left","8":"tablet-align-left","9":"mobile-align-left","11":"first","12":"outofstock","13":"shipping-taxable","14":"purchasable","15":"product-type-simple"},"ams_default_variation_id":0,"ams_product_points_reward":[],"ams_product_discount_percentage":0,"ams_price_to_display":390,"ams_acf":[],"uagb_featured_image_src":{"full":["https:\/\/www.musclenutrition.com.mx\/wp-content\/uploads\/2025\/05\/agamatine_653x629.jpg",700,700,false],"thumbnail":["https:\/\/www.musclenutrition.com.mx\/wp-content\/uploads\/2025\/05\/agamatine_653x629-150x150.jpg",150,150,true],"medium":["https:\/\/www.musclenutrition.com.mx\/wp-content\/uploads\/2025\/05\/agamatine_653x629-300x300.jpg",300,300,true],"medium_large":["https:\/\/www.musclenutrition.com.mx\/wp-content\/uploads\/2025\/05\/agamatine_653x629.jpg",700,700,false],"large":["https:\/\/www.musclenutrition.com.mx\/wp-content\/uploads\/2025\/05\/agamatine_653x629.jpg",700,700,false],"1536x1536":["https:\/\/www.musclenutrition.com.mx\/wp-content\/uploads\/2025\/05\/agamatine_653x629.jpg",700,700,false],"2048x2048":["https:\/\/www.musclenutrition.com.mx\/wp-content\/uploads\/2025\/05\/agamatine_653x629.jpg",700,700,false],"woocommerce_thumbnail":["https:\/\/www.musclenutrition.com.mx\/wp-content\/uploads\/2025\/05\/agamatine_653x629-300x300.jpg",300,300,true],"woocommerce_single":["https:\/\/www.musclenutrition.com.mx\/wp-content\/uploads\/2025\/05\/agamatine_653x629-600x600.jpg",600,600,true],"woocommerce_gallery_thumbnail":["https:\/\/www.musclenutrition.com.mx\/wp-content\/uploads\/2025\/05\/agamatine_653x629-100x100.jpg",100,100,true],"dgwt-wcas-product-suggestion":["https:\/\/www.musclenutrition.com.mx\/wp-content\/uploads\/2025\/05\/agamatine_653x629-64x64.jpg",64,64,true]},"uagb_author_info":{"display_name":"ventas reynosa","author_link":"https:\/\/www.musclenutrition.com.mx\/index.php\/author\/"},"uagb_comment_info":0,"uagb_excerpt":"La Agmatina es producida por el amino\u00e1cido Arginina, ha demostrado que beneficia en la salud del coraz\u00f3n, de los m\u00fasculos y del cerebro; adem\u00e1s facilita la producci\u00f3n de \u00f3xido n\u00edtrico para una saludable circulaci\u00f3n sangu\u00ednea. AGMATINE se ha convertido en un popular producto para pre-entreno que potencia el \u00f3xido n\u00edtrico y los bombeos. 500mg por&hellip;","_links":{"self":[{"href":"https:\/\/www.musclenutrition.com.mx\/index.php\/wp-json\/wp\/v2\/product\/4432","targetHints":{"allow":["GET"]}}],"collection":[{"href":"https:\/\/www.musclenutrition.com.mx\/index.php\/wp-json\/wp\/v2\/product"}],"about":[{"href":"https:\/\/www.musclenutrition.com.mx\/index.php\/wp-json\/wp\/v2\/types\/product"}],"replies":[{"embeddable":true,"href":"https:\/\/www.musclenutrition.com.mx\/index.php\/wp-json\/wp\/v2\/comments?post=4432"}],"wp:featuredmedia":[{"embeddable":true,"href":"https:\/\/www.musclenutrition.com.mx\/index.php\/wp-json\/wp\/v2\/media\/4433"}],"wp:attachment":[{"href":"https:\/\/www.musclenutrition.com.mx\/index.php\/wp-json\/wp\/v2\/media?parent=4432"}],"wp:term":[{"taxonomy":"product_brand","embeddable":true,"href":"https:\/\/www.musclenutrition.com.mx\/index.php\/wp-json\/wp\/v2\/product_brand?post=4432"},{"taxonomy":"product_cat","embeddable":true,"href":"https:\/\/www.musclenutrition.com.mx\/index.php\/wp-json\/wp\/v2\/product_cat?post=4432"},{"taxonomy":"product_tag","embeddable":true,"href":"https:\/\/www.musclenutrition.com.mx\/index.php\/wp-json\/wp\/v2\/product_tag?post=4432"}],"curies":[{"name":"wp","href":"https:\/\/api.w.org\/{rel}","templated":true}]}}