{"id":4240,"date":"2025-03-14T20:03:17","date_gmt":"2025-03-15T02:03:17","guid":{"rendered":"https:\/\/www.musclenutrition.com.mx\/?post_type=product&#038;p=4240"},"modified":"2026-04-02T16:29:43","modified_gmt":"2026-04-02T22:29:43","slug":"evogen-l-citruline","status":"publish","type":"product","link":"https:\/\/www.musclenutrition.com.mx\/index.php\/producto\/evogen-l-citruline\/","title":{"rendered":"EVOGEN L CITRULLINE"},"content":{"rendered":"<p>Evogen Nutrition L-Citrulline no es solo otro suplemento pre-entrenamiento, es un amino\u00e1cido formulado cient\u00edficamente que funciona sin\u00e9rgicamente con su cuerpo para aumentar la resistencia, mejorar las bombas musculares y promover el flujo sangu\u00edneo durante sesiones de entrenamiento intensas.<\/p>\n<p>&nbsp;<\/p>\n<p>Simplemente pasar por los movimientos en el gimnasio no va a ser suficiente. Usted exige un cambio, y para hacerlo, necesita optimizar sus sesiones de capacitaci\u00f3n. Evogen Nutrition L-Citrulline ofrece un enfoque probado para ayudarte a superar tus entrenamientos m\u00e1s duros y lograr los resultados por los que te has esforzado.<\/p>\n","protected":false},"excerpt":{"rendered":"<p>Evogen Nutrition L-Citrulline no es solo otro suplemento pre-entrenamiento, es un amino\u00e1cido formulado cient\u00edficamente que funciona sin\u00e9rgicamente con su cuerpo para aumentar la resistencia, mejorar las bombas musculares y promover el flujo sangu\u00edneo durante sesiones de entrenamiento intensas. &nbsp; Simplemente pasar por los movimientos en el gimnasio no va a ser suficiente. Usted exige un &hellip;<\/p>\n<p class=\"read-more\"> <a class=\"\" href=\"https:\/\/www.musclenutrition.com.mx\/index.php\/producto\/evogen-l-citruline\/\"> <span class=\"screen-reader-text\">EVOGEN L CITRULLINE<\/span> Leer m\u00e1s &raquo;<\/a><\/p>\n","protected":false},"featured_media":4241,"comment_status":"open","ping_status":"closed","template":"","meta":{"_uag_custom_page_level_css":"","site-sidebar-layout":"default","site-content-layout":"default","ast-global-header-display":"","ast-banner-title-visibility":"","ast-main-header-display":"","ast-hfb-above-header-display":"","ast-hfb-below-header-display":"","ast-hfb-mobile-header-display":"","site-post-title":"","ast-breadcrumbs-content":"","ast-featured-img":"","footer-sml-layout":"","theme-transparent-header-meta":"default","adv-header-id-meta":"","stick-header-meta":"","header-above-stick-meta":"","header-main-stick-meta":"","header-below-stick-meta":""},"product_brand":[],"product_cat":[33,35],"product_tag":[],"class_list":{"0":"post-4240","1":"product","2":"type-product","3":"status-publish","4":"has-post-thumbnail","6":"product_cat-aminoacidos","7":"product_cat-pre-entrenos","8":"desktop-align-left","9":"tablet-align-left","10":"mobile-align-left","12":"first","13":"instock","14":"shipping-taxable","15":"purchasable","16":"product-type-simple"},"ams_default_variation_id":0,"ams_product_points_reward":[],"ams_product_discount_percentage":0,"ams_price_to_display":520,"ams_acf":[],"uagb_featured_image_src":{"full":["https:\/\/www.musclenutrition.com.mx\/wp-content\/uploads\/2025\/03\/l-citrulline-180-g-evogen-3111.jpg",941,941,false],"thumbnail":["https:\/\/www.musclenutrition.com.mx\/wp-content\/uploads\/2025\/03\/l-citrulline-180-g-evogen-3111-150x150.jpg",150,150,true],"medium":["https:\/\/www.musclenutrition.com.mx\/wp-content\/uploads\/2025\/03\/l-citrulline-180-g-evogen-3111-300x300.jpg",300,300,true],"medium_large":["https:\/\/www.musclenutrition.com.mx\/wp-content\/uploads\/2025\/03\/l-citrulline-180-g-evogen-3111-768x768.jpg",768,768,true],"large":["https:\/\/www.musclenutrition.com.mx\/wp-content\/uploads\/2025\/03\/l-citrulline-180-g-evogen-3111.jpg",941,941,false],"1536x1536":["https:\/\/www.musclenutrition.com.mx\/wp-content\/uploads\/2025\/03\/l-citrulline-180-g-evogen-3111.jpg",941,941,false],"2048x2048":["https:\/\/www.musclenutrition.com.mx\/wp-content\/uploads\/2025\/03\/l-citrulline-180-g-evogen-3111.jpg",941,941,false],"woocommerce_thumbnail":["https:\/\/www.musclenutrition.com.mx\/wp-content\/uploads\/2025\/03\/l-citrulline-180-g-evogen-3111-300x300.jpg",300,300,true],"woocommerce_single":["https:\/\/www.musclenutrition.com.mx\/wp-content\/uploads\/2025\/03\/l-citrulline-180-g-evogen-3111-600x600.jpg",600,600,true],"woocommerce_gallery_thumbnail":["https:\/\/www.musclenutrition.com.mx\/wp-content\/uploads\/2025\/03\/l-citrulline-180-g-evogen-3111-100x100.jpg",100,100,true],"dgwt-wcas-product-suggestion":["https:\/\/www.musclenutrition.com.mx\/wp-content\/uploads\/2025\/03\/l-citrulline-180-g-evogen-3111-64x64.jpg",64,64,true]},"uagb_author_info":{"display_name":"ventas reynosa","author_link":"https:\/\/www.musclenutrition.com.mx\/index.php\/author\/"},"uagb_comment_info":0,"uagb_excerpt":"Evogen Nutrition L-Citrulline no es solo otro suplemento pre-entrenamiento, es un amino\u00e1cido formulado cient\u00edficamente que funciona sin\u00e9rgicamente con su cuerpo para aumentar la resistencia, mejorar las bombas musculares y promover el flujo sangu\u00edneo durante sesiones de entrenamiento intensas. &nbsp; Simplemente pasar por los movimientos en el gimnasio no va a ser suficiente. Usted exige un&hellip;","_links":{"self":[{"href":"https:\/\/www.musclenutrition.com.mx\/index.php\/wp-json\/wp\/v2\/product\/4240","targetHints":{"allow":["GET"]}}],"collection":[{"href":"https:\/\/www.musclenutrition.com.mx\/index.php\/wp-json\/wp\/v2\/product"}],"about":[{"href":"https:\/\/www.musclenutrition.com.mx\/index.php\/wp-json\/wp\/v2\/types\/product"}],"replies":[{"embeddable":true,"href":"https:\/\/www.musclenutrition.com.mx\/index.php\/wp-json\/wp\/v2\/comments?post=4240"}],"wp:featuredmedia":[{"embeddable":true,"href":"https:\/\/www.musclenutrition.com.mx\/index.php\/wp-json\/wp\/v2\/media\/4241"}],"wp:attachment":[{"href":"https:\/\/www.musclenutrition.com.mx\/index.php\/wp-json\/wp\/v2\/media?parent=4240"}],"wp:term":[{"taxonomy":"product_brand","embeddable":true,"href":"https:\/\/www.musclenutrition.com.mx\/index.php\/wp-json\/wp\/v2\/product_brand?post=4240"},{"taxonomy":"product_cat","embeddable":true,"href":"https:\/\/www.musclenutrition.com.mx\/index.php\/wp-json\/wp\/v2\/product_cat?post=4240"},{"taxonomy":"product_tag","embeddable":true,"href":"https:\/\/www.musclenutrition.com.mx\/index.php\/wp-json\/wp\/v2\/product_tag?post=4240"}],"curies":[{"name":"wp","href":"https:\/\/api.w.org\/{rel}","templated":true}]}}