{"id":4228,"date":"2025-03-14T19:18:39","date_gmt":"2025-03-15T01:18:39","guid":{"rendered":"https:\/\/www.musclenutrition.com.mx\/?post_type=product&#038;p=4228"},"modified":"2025-04-14T18:41:50","modified_gmt":"2025-04-15T00:41:50","slug":"panda-sinester-extreme","status":"publish","type":"product","link":"https:\/\/www.musclenutrition.com.mx\/index.php\/producto\/panda-sinester-extreme\/","title":{"rendered":"PANDA SINISTER EXTREME"},"content":{"rendered":"<p><strong>SINISTER PRE-Workout<\/strong>, una colaboraci\u00f3n entre Panda Supps y Black Magic Supply. Un lanzamiento de edici\u00f3n limitada que no es m\u00e1s que una central el\u00e9ctrica. Este pre-entrenaje premium y cargado est\u00e1 lleno de ingredientes completamente dosificados que grabar\u00e1n su marca en su memoria durante a\u00f1os <strong><span class=\"Y2IQFc\" lang=\"es\">\u00a1Este es un PRE DE ESTIMULACI\u00d3N extremadamente ALTO! <\/span><\/strong><span class=\"Y2IQFc\" lang=\"es\">Comience con 1\/4 -1\/2 cucharada para medir la tolerancia. No exceda m\u00e1s de 2 cucharadas por d\u00eda.<\/span><\/p>\n<p>Estos son algunos de los aspectos m\u00e1s destacados del desglose de los ingredientes:- L-Citrulina: 10,000 mg- L-Tirosina: 1,500 mg- Alfa GPC: 600 mg- Beta Alanina: 4,000 mg- Agmatina: 1,000 mg- VasoDrive AP: 508 mg- Kanna: 250 mg- S7: 100 mg<\/p>\n<p>&nbsp;<\/p>\n<p><strong>\u00a0<\/strong><\/p>\n","protected":false},"excerpt":{"rendered":"<p>SINISTER PRE-Workout, una colaboraci\u00f3n entre Panda Supps y Black Magic Supply. Un lanzamiento de edici\u00f3n limitada que no es m\u00e1s que una central el\u00e9ctrica. Este pre-entrenaje premium y cargado est\u00e1 lleno de ingredientes completamente dosificados que grabar\u00e1n su marca en su memoria durante a\u00f1os \u00a1Este es un PRE DE ESTIMULACI\u00d3N extremadamente ALTO! Comience con 1\/4 &hellip;<\/p>\n<p class=\"read-more\"> <a class=\"\" href=\"https:\/\/www.musclenutrition.com.mx\/index.php\/producto\/panda-sinester-extreme\/\"> <span class=\"screen-reader-text\">PANDA SINISTER EXTREME<\/span> Leer m\u00e1s &raquo;<\/a><\/p>\n","protected":false},"featured_media":4270,"comment_status":"open","ping_status":"closed","template":"","meta":{"_uag_custom_page_level_css":"","site-sidebar-layout":"default","site-content-layout":"default","ast-global-header-display":"","ast-banner-title-visibility":"","ast-main-header-display":"","ast-hfb-above-header-display":"","ast-hfb-below-header-display":"","ast-hfb-mobile-header-display":"","site-post-title":"","ast-breadcrumbs-content":"","ast-featured-img":"","footer-sml-layout":"","theme-transparent-header-meta":"default","adv-header-id-meta":"","stick-header-meta":"","header-above-stick-meta":"","header-main-stick-meta":"","header-below-stick-meta":""},"product_brand":[],"product_cat":[35],"product_tag":[],"class_list":{"0":"post-4228","1":"product","2":"type-product","3":"status-publish","4":"has-post-thumbnail","6":"product_cat-pre-entrenos","7":"desktop-align-left","8":"tablet-align-left","9":"mobile-align-left","11":"first","12":"outofstock","13":"shipping-taxable","14":"purchasable","15":"product-type-variable"},"ams_default_variation_id":0,"ams_product_points_reward":[],"ams_product_discount_percentage":0,"ams_price_to_display":790,"ams_acf":[],"uagb_featured_image_src":{"full":["https:\/\/www.musclenutrition.com.mx\/wp-content\/uploads\/2025\/03\/2868_source_1704314531.jpg",853,1280,false],"thumbnail":["https:\/\/www.musclenutrition.com.mx\/wp-content\/uploads\/2025\/03\/2868_source_1704314531-150x150.jpg",150,150,true],"medium":["https:\/\/www.musclenutrition.com.mx\/wp-content\/uploads\/2025\/03\/2868_source_1704314531-200x300.jpg",200,300,true],"medium_large":["https:\/\/www.musclenutrition.com.mx\/wp-content\/uploads\/2025\/03\/2868_source_1704314531-768x1152.jpg",768,1152,true],"large":["https:\/\/www.musclenutrition.com.mx\/wp-content\/uploads\/2025\/03\/2868_source_1704314531-682x1024.jpg",682,1024,true],"1536x1536":["https:\/\/www.musclenutrition.com.mx\/wp-content\/uploads\/2025\/03\/2868_source_1704314531.jpg",853,1280,false],"2048x2048":["https:\/\/www.musclenutrition.com.mx\/wp-content\/uploads\/2025\/03\/2868_source_1704314531.jpg",853,1280,false],"woocommerce_thumbnail":["https:\/\/www.musclenutrition.com.mx\/wp-content\/uploads\/2025\/03\/2868_source_1704314531-300x300.jpg",300,300,true],"woocommerce_single":["https:\/\/www.musclenutrition.com.mx\/wp-content\/uploads\/2025\/03\/2868_source_1704314531-600x900.jpg",600,900,true],"woocommerce_gallery_thumbnail":["https:\/\/www.musclenutrition.com.mx\/wp-content\/uploads\/2025\/03\/2868_source_1704314531-100x100.jpg",100,100,true],"dgwt-wcas-product-suggestion":["https:\/\/www.musclenutrition.com.mx\/wp-content\/uploads\/2025\/03\/2868_source_1704314531-64x96.jpg",64,96,true]},"uagb_author_info":{"display_name":"ventas reynosa","author_link":"https:\/\/www.musclenutrition.com.mx\/index.php\/author\/"},"uagb_comment_info":0,"uagb_excerpt":"SINISTER PRE-Workout, una colaboraci\u00f3n entre Panda Supps y Black Magic Supply. Un lanzamiento de edici\u00f3n limitada que no es m\u00e1s que una central el\u00e9ctrica. Este pre-entrenaje premium y cargado est\u00e1 lleno de ingredientes completamente dosificados que grabar\u00e1n su marca en su memoria durante a\u00f1os \u00a1Este es un PRE DE ESTIMULACI\u00d3N extremadamente ALTO! Comience con 1\/4&hellip;","_links":{"self":[{"href":"https:\/\/www.musclenutrition.com.mx\/index.php\/wp-json\/wp\/v2\/product\/4228","targetHints":{"allow":["GET"]}}],"collection":[{"href":"https:\/\/www.musclenutrition.com.mx\/index.php\/wp-json\/wp\/v2\/product"}],"about":[{"href":"https:\/\/www.musclenutrition.com.mx\/index.php\/wp-json\/wp\/v2\/types\/product"}],"replies":[{"embeddable":true,"href":"https:\/\/www.musclenutrition.com.mx\/index.php\/wp-json\/wp\/v2\/comments?post=4228"}],"wp:featuredmedia":[{"embeddable":true,"href":"https:\/\/www.musclenutrition.com.mx\/index.php\/wp-json\/wp\/v2\/media\/4270"}],"wp:attachment":[{"href":"https:\/\/www.musclenutrition.com.mx\/index.php\/wp-json\/wp\/v2\/media?parent=4228"}],"wp:term":[{"taxonomy":"product_brand","embeddable":true,"href":"https:\/\/www.musclenutrition.com.mx\/index.php\/wp-json\/wp\/v2\/product_brand?post=4228"},{"taxonomy":"product_cat","embeddable":true,"href":"https:\/\/www.musclenutrition.com.mx\/index.php\/wp-json\/wp\/v2\/product_cat?post=4228"},{"taxonomy":"product_tag","embeddable":true,"href":"https:\/\/www.musclenutrition.com.mx\/index.php\/wp-json\/wp\/v2\/product_tag?post=4228"}],"curies":[{"name":"wp","href":"https:\/\/api.w.org\/{rel}","templated":true}]}}