{"id":4095,"date":"2025-01-13T20:32:33","date_gmt":"2025-01-14T02:32:33","guid":{"rendered":"https:\/\/www.musclenutrition.com.mx\/?post_type=product&#038;p=4095"},"modified":"2026-04-10T20:03:29","modified_gmt":"2026-04-11T02:03:29","slug":"dragon-pharma-iso-phorm","status":"publish","type":"product","link":"https:\/\/www.musclenutrition.com.mx\/index.php\/producto\/dragon-pharma-iso-phorm\/","title":{"rendered":"DRAGON PHARMA ISO PHORM"},"content":{"rendered":"<p>IsoPhorm\u00ae, que contiene 25 g de prote\u00edna de suero de leche hidrolizada completa y de primera calidad en cada porci\u00f3n, va m\u00e1s all\u00e1 del aislado de prote\u00edna de suero de leche.<\/p>\n<p>Aprovechando el poder del aislado de prote\u00edna de suero de leche hidrolizada, cuando usa IsoPhorm\u00ae, activar\u00e1 la s\u00edntesis de prote\u00ednas y maximizar\u00e1 su potencial de crecimiento y reparaci\u00f3n.<\/p>\n<p>No tiene az\u00facares a\u00f1adidos, rellenos, maltodextrina, dextrosa ni amino\u00e1cidos a\u00f1adidos. Lo que obtienes es un aislado de prote\u00edna hidrolizada pura y premium que proporciona valiosas microfracciones y ayuda a maximizar la recuperaci\u00f3n y respalda el crecimiento y la reparaci\u00f3n de la masa muscular magra.<\/p>\n","protected":false},"excerpt":{"rendered":"<p>IsoPhorm\u00ae, que contiene 25 g de prote\u00edna de suero de leche hidrolizada completa y de primera calidad en cada porci\u00f3n, va m\u00e1s all\u00e1 del aislado de prote\u00edna de suero de leche. Aprovechando el poder del aislado de prote\u00edna de suero de leche hidrolizada, cuando usa IsoPhorm\u00ae, activar\u00e1 la s\u00edntesis de prote\u00ednas y maximizar\u00e1 su potencial &hellip;<\/p>\n<p class=\"read-more\"> <a class=\"\" href=\"https:\/\/www.musclenutrition.com.mx\/index.php\/producto\/dragon-pharma-iso-phorm\/\"> <span class=\"screen-reader-text\">DRAGON PHARMA ISO PHORM<\/span> Leer m\u00e1s &raquo;<\/a><\/p>\n","protected":false},"featured_media":4096,"comment_status":"open","ping_status":"closed","template":"","meta":{"_uag_custom_page_level_css":"","site-sidebar-layout":"default","site-content-layout":"default","ast-global-header-display":"","ast-banner-title-visibility":"","ast-main-header-display":"","ast-hfb-above-header-display":"","ast-hfb-below-header-display":"","ast-hfb-mobile-header-display":"","site-post-title":"","ast-breadcrumbs-content":"","ast-featured-img":"","footer-sml-layout":"","theme-transparent-header-meta":"default","adv-header-id-meta":"","stick-header-meta":"","header-above-stick-meta":"","header-main-stick-meta":"","header-below-stick-meta":""},"product_brand":[],"product_cat":[27],"product_tag":[],"class_list":{"0":"post-4095","1":"product","2":"type-product","3":"status-publish","4":"has-post-thumbnail","6":"product_cat-proteina","7":"desktop-align-left","8":"tablet-align-left","9":"mobile-align-left","11":"first","12":"instock","13":"shipping-taxable","14":"purchasable","15":"product-type-variable"},"ams_default_variation_id":0,"ams_product_points_reward":[],"ams_product_discount_percentage":0,"ams_price_to_display":1590,"ams_acf":[],"uagb_featured_image_src":{"full":["https:\/\/www.musclenutrition.com.mx\/wp-content\/uploads\/2025\/01\/iso-phorm.jpg",500,500,false],"thumbnail":["https:\/\/www.musclenutrition.com.mx\/wp-content\/uploads\/2025\/01\/iso-phorm-150x150.jpg",150,150,true],"medium":["https:\/\/www.musclenutrition.com.mx\/wp-content\/uploads\/2025\/01\/iso-phorm-300x300.jpg",300,300,true],"medium_large":["https:\/\/www.musclenutrition.com.mx\/wp-content\/uploads\/2025\/01\/iso-phorm.jpg",500,500,false],"large":["https:\/\/www.musclenutrition.com.mx\/wp-content\/uploads\/2025\/01\/iso-phorm.jpg",500,500,false],"1536x1536":["https:\/\/www.musclenutrition.com.mx\/wp-content\/uploads\/2025\/01\/iso-phorm.jpg",500,500,false],"2048x2048":["https:\/\/www.musclenutrition.com.mx\/wp-content\/uploads\/2025\/01\/iso-phorm.jpg",500,500,false],"woocommerce_thumbnail":["https:\/\/www.musclenutrition.com.mx\/wp-content\/uploads\/2025\/01\/iso-phorm-300x300.jpg",300,300,true],"woocommerce_single":["https:\/\/www.musclenutrition.com.mx\/wp-content\/uploads\/2025\/01\/iso-phorm.jpg",500,500,false],"woocommerce_gallery_thumbnail":["https:\/\/www.musclenutrition.com.mx\/wp-content\/uploads\/2025\/01\/iso-phorm-100x100.jpg",100,100,true],"dgwt-wcas-product-suggestion":["https:\/\/www.musclenutrition.com.mx\/wp-content\/uploads\/2025\/01\/iso-phorm-64x64.jpg",64,64,true]},"uagb_author_info":{"display_name":"ventas reynosa","author_link":"https:\/\/www.musclenutrition.com.mx\/index.php\/author\/"},"uagb_comment_info":0,"uagb_excerpt":"IsoPhorm\u00ae, que contiene 25 g de prote\u00edna de suero de leche hidrolizada completa y de primera calidad en cada porci\u00f3n, va m\u00e1s all\u00e1 del aislado de prote\u00edna de suero de leche. Aprovechando el poder del aislado de prote\u00edna de suero de leche hidrolizada, cuando usa IsoPhorm\u00ae, activar\u00e1 la s\u00edntesis de prote\u00ednas y maximizar\u00e1 su potencial&hellip;","_links":{"self":[{"href":"https:\/\/www.musclenutrition.com.mx\/index.php\/wp-json\/wp\/v2\/product\/4095","targetHints":{"allow":["GET"]}}],"collection":[{"href":"https:\/\/www.musclenutrition.com.mx\/index.php\/wp-json\/wp\/v2\/product"}],"about":[{"href":"https:\/\/www.musclenutrition.com.mx\/index.php\/wp-json\/wp\/v2\/types\/product"}],"replies":[{"embeddable":true,"href":"https:\/\/www.musclenutrition.com.mx\/index.php\/wp-json\/wp\/v2\/comments?post=4095"}],"wp:featuredmedia":[{"embeddable":true,"href":"https:\/\/www.musclenutrition.com.mx\/index.php\/wp-json\/wp\/v2\/media\/4096"}],"wp:attachment":[{"href":"https:\/\/www.musclenutrition.com.mx\/index.php\/wp-json\/wp\/v2\/media?parent=4095"}],"wp:term":[{"taxonomy":"product_brand","embeddable":true,"href":"https:\/\/www.musclenutrition.com.mx\/index.php\/wp-json\/wp\/v2\/product_brand?post=4095"},{"taxonomy":"product_cat","embeddable":true,"href":"https:\/\/www.musclenutrition.com.mx\/index.php\/wp-json\/wp\/v2\/product_cat?post=4095"},{"taxonomy":"product_tag","embeddable":true,"href":"https:\/\/www.musclenutrition.com.mx\/index.php\/wp-json\/wp\/v2\/product_tag?post=4095"}],"curies":[{"name":"wp","href":"https:\/\/api.w.org\/{rel}","templated":true}]}}