{"id":3999,"date":"2024-12-10T16:05:09","date_gmt":"2024-12-10T22:05:09","guid":{"rendered":"https:\/\/www.musclenutrition.com.mx\/?post_type=product&#038;p=3999"},"modified":"2026-03-05T10:23:23","modified_gmt":"2026-03-05T16:23:23","slug":"kaio-ken-black","status":"publish","type":"product","link":"https:\/\/www.musclenutrition.com.mx\/index.php\/producto\/kaio-ken-black\/","title":{"rendered":"KAIO KEN BLACK"},"content":{"rendered":"<p>Eleva tu rendimiento deportivo al m\u00e1ximo con Saiyan Labs Kaioken Black Pre Workout 30 Serv. Este suplemento pre-entreno est\u00e1 dise\u00f1ado para los atletas m\u00e1s exigentes que buscan mejorar su energ\u00eda y resistencia durante los entrenamientos intensos. Su f\u00f3rmula \u00fanica, basada en \u00f3xido pre-entreno, te prepara para enfrentar los desaf\u00edos m\u00e1s grandes y alcanzar nuevos niveles en tu rendimiento f\u00edsico.<\/p>\n<p>Apto para quienes siguen dietas sin gluten, Kaioken Black asegura una experiencia segura y efectiva sin ingredientes de origen animal, excepto aquellos necesarios para alcanzar la m\u00e1xima potencia del producto. Cada bote contiene 30 porciones, perfectamente dosificadas para maximizar los beneficios de cada entrenamiento sin preocupaciones adicionales.<\/p>\n","protected":false},"excerpt":{"rendered":"<p>Eleva tu rendimiento deportivo al m\u00e1ximo con Saiyan Labs Kaioken Black Pre Workout 30 Serv. Este suplemento pre-entreno est\u00e1 dise\u00f1ado para los atletas m\u00e1s exigentes que buscan mejorar su energ\u00eda y resistencia durante los entrenamientos intensos. Su f\u00f3rmula \u00fanica, basada en \u00f3xido pre-entreno, te prepara para enfrentar los desaf\u00edos m\u00e1s grandes y alcanzar nuevos niveles &hellip;<\/p>\n<p class=\"read-more\"> <a class=\"\" href=\"https:\/\/www.musclenutrition.com.mx\/index.php\/producto\/kaio-ken-black\/\"> <span class=\"screen-reader-text\">KAIO KEN BLACK<\/span> Leer m\u00e1s &raquo;<\/a><\/p>\n","protected":false},"featured_media":4000,"comment_status":"open","ping_status":"closed","template":"","meta":{"_uag_custom_page_level_css":"","site-sidebar-layout":"default","site-content-layout":"default","ast-global-header-display":"","ast-banner-title-visibility":"","ast-main-header-display":"","ast-hfb-above-header-display":"","ast-hfb-below-header-display":"","ast-hfb-mobile-header-display":"","site-post-title":"","ast-breadcrumbs-content":"","ast-featured-img":"","footer-sml-layout":"","theme-transparent-header-meta":"default","adv-header-id-meta":"","stick-header-meta":"","header-above-stick-meta":"","header-main-stick-meta":"","header-below-stick-meta":""},"product_brand":[],"product_cat":[15],"product_tag":[],"class_list":{"0":"post-3999","1":"product","2":"type-product","3":"status-publish","4":"has-post-thumbnail","6":"product_cat-sin-categorizar","7":"desktop-align-left","8":"tablet-align-left","9":"mobile-align-left","11":"first","12":"instock","13":"shipping-taxable","14":"purchasable","15":"product-type-variable"},"ams_default_variation_id":0,"ams_product_points_reward":[],"ams_product_discount_percentage":0,"ams_price_to_display":550,"ams_acf":[],"uagb_featured_image_src":{"full":["https:\/\/www.musclenutrition.com.mx\/wp-content\/uploads\/2024\/12\/kaio-ken-black.webp",1080,1080,false],"thumbnail":["https:\/\/www.musclenutrition.com.mx\/wp-content\/uploads\/2024\/12\/kaio-ken-black-150x150.webp",150,150,true],"medium":["https:\/\/www.musclenutrition.com.mx\/wp-content\/uploads\/2024\/12\/kaio-ken-black-300x300.webp",300,300,true],"medium_large":["https:\/\/www.musclenutrition.com.mx\/wp-content\/uploads\/2024\/12\/kaio-ken-black-768x768.webp",768,768,true],"large":["https:\/\/www.musclenutrition.com.mx\/wp-content\/uploads\/2024\/12\/kaio-ken-black-1024x1024.webp",1024,1024,true],"1536x1536":["https:\/\/www.musclenutrition.com.mx\/wp-content\/uploads\/2024\/12\/kaio-ken-black.webp",1080,1080,false],"2048x2048":["https:\/\/www.musclenutrition.com.mx\/wp-content\/uploads\/2024\/12\/kaio-ken-black.webp",1080,1080,false],"woocommerce_thumbnail":["https:\/\/www.musclenutrition.com.mx\/wp-content\/uploads\/2024\/12\/kaio-ken-black-300x300.webp",300,300,true],"woocommerce_single":["https:\/\/www.musclenutrition.com.mx\/wp-content\/uploads\/2024\/12\/kaio-ken-black-600x600.webp",600,600,true],"woocommerce_gallery_thumbnail":["https:\/\/www.musclenutrition.com.mx\/wp-content\/uploads\/2024\/12\/kaio-ken-black-100x100.webp",100,100,true],"dgwt-wcas-product-suggestion":["https:\/\/www.musclenutrition.com.mx\/wp-content\/uploads\/2024\/12\/kaio-ken-black-64x64.webp",64,64,true]},"uagb_author_info":{"display_name":"ventas reynosa","author_link":"https:\/\/www.musclenutrition.com.mx\/index.php\/author\/"},"uagb_comment_info":0,"uagb_excerpt":"Eleva tu rendimiento deportivo al m\u00e1ximo con Saiyan Labs Kaioken Black Pre Workout 30 Serv. Este suplemento pre-entreno est\u00e1 dise\u00f1ado para los atletas m\u00e1s exigentes que buscan mejorar su energ\u00eda y resistencia durante los entrenamientos intensos. Su f\u00f3rmula \u00fanica, basada en \u00f3xido pre-entreno, te prepara para enfrentar los desaf\u00edos m\u00e1s grandes y alcanzar nuevos niveles&hellip;","_links":{"self":[{"href":"https:\/\/www.musclenutrition.com.mx\/index.php\/wp-json\/wp\/v2\/product\/3999","targetHints":{"allow":["GET"]}}],"collection":[{"href":"https:\/\/www.musclenutrition.com.mx\/index.php\/wp-json\/wp\/v2\/product"}],"about":[{"href":"https:\/\/www.musclenutrition.com.mx\/index.php\/wp-json\/wp\/v2\/types\/product"}],"replies":[{"embeddable":true,"href":"https:\/\/www.musclenutrition.com.mx\/index.php\/wp-json\/wp\/v2\/comments?post=3999"}],"wp:featuredmedia":[{"embeddable":true,"href":"https:\/\/www.musclenutrition.com.mx\/index.php\/wp-json\/wp\/v2\/media\/4000"}],"wp:attachment":[{"href":"https:\/\/www.musclenutrition.com.mx\/index.php\/wp-json\/wp\/v2\/media?parent=3999"}],"wp:term":[{"taxonomy":"product_brand","embeddable":true,"href":"https:\/\/www.musclenutrition.com.mx\/index.php\/wp-json\/wp\/v2\/product_brand?post=3999"},{"taxonomy":"product_cat","embeddable":true,"href":"https:\/\/www.musclenutrition.com.mx\/index.php\/wp-json\/wp\/v2\/product_cat?post=3999"},{"taxonomy":"product_tag","embeddable":true,"href":"https:\/\/www.musclenutrition.com.mx\/index.php\/wp-json\/wp\/v2\/product_tag?post=3999"}],"curies":[{"name":"wp","href":"https:\/\/api.w.org\/{rel}","templated":true}]}}