{"id":3952,"date":"2024-11-15T21:03:27","date_gmt":"2024-11-16T03:03:27","guid":{"rendered":"https:\/\/www.musclenutrition.com.mx\/?post_type=product&#038;p=3952"},"modified":"2025-06-14T14:16:09","modified_gmt":"2025-06-14T20:16:09","slug":"ronnie-coleman-king-mass","status":"publish","type":"product","link":"https:\/\/www.musclenutrition.com.mx\/index.php\/producto\/ronnie-coleman-king-mass\/","title":{"rendered":"RONNIE COLEMAN KING MASS"},"content":{"rendered":"<p>F\u00d3RMULA TOTALMENTE PROBADA<br \/>\nPara aquellos que buscan aumentar su masa muscular, KING MASS XL\u2122 es el aliado perfecto durante intensas sesiones de entrenamiento, facilitando la recuperaci\u00f3n y el crecimiento.<\/p>\n<p>Inundar tus m\u00fasculos con la prote\u00edna y los carbohidratos en KING MASS XL\u2122 aumentar\u00e1 tu insulina y te llevar\u00e1 a un mayor almacenamiento y recuperaci\u00f3n de GLUC\u00d3GENO, prepar\u00e1ndote para tu pr\u00f3ximo desaf\u00edo f\u00edsico.<\/p>\n<p>INGREDIENTES PRINCIPALES:<\/p>\n<p>MEZCLA DE PROTE\u00cdNAS DE ALTA CALIDAD para ayudar a desarrollar y mantener la masa muscular magra.<\/p>\n<p>CARBOHIDRATOS COMPLEJOS Y SIMPLES para impulsar tus entrenamientos y ayudar en la recuperaci\u00f3n.<\/p>\n<p>GRASAS SALUDABLES para una funci\u00f3n corporal \u00f3ptima y desarrollo muscular.<\/p>\n<p>CREATINA, el suplemento eficaz m\u00e1s investigado y demostrado para aumentar la masa muscular.<\/p>\n","protected":false},"excerpt":{"rendered":"<p>F\u00d3RMULA TOTALMENTE PROBADA Para aquellos que buscan aumentar su masa muscular, KING MASS XL\u2122 es el aliado perfecto durante intensas sesiones de entrenamiento, facilitando la recuperaci\u00f3n y el crecimiento. Inundar tus m\u00fasculos con la prote\u00edna y los carbohidratos en KING MASS XL\u2122 aumentar\u00e1 tu insulina y te llevar\u00e1 a un mayor almacenamiento y recuperaci\u00f3n de &hellip;<\/p>\n<p class=\"read-more\"> <a class=\"\" href=\"https:\/\/www.musclenutrition.com.mx\/index.php\/producto\/ronnie-coleman-king-mass\/\"> <span class=\"screen-reader-text\">RONNIE COLEMAN KING MASS<\/span> Leer m\u00e1s &raquo;<\/a><\/p>\n","protected":false},"featured_media":3953,"comment_status":"open","ping_status":"closed","template":"","meta":{"_uag_custom_page_level_css":"","site-sidebar-layout":"default","site-content-layout":"default","ast-global-header-display":"","ast-banner-title-visibility":"","ast-main-header-display":"","ast-hfb-above-header-display":"","ast-hfb-below-header-display":"","ast-hfb-mobile-header-display":"","site-post-title":"","ast-breadcrumbs-content":"","ast-featured-img":"","footer-sml-layout":"","theme-transparent-header-meta":"default","adv-header-id-meta":"","stick-header-meta":"","header-above-stick-meta":"","header-main-stick-meta":"","header-below-stick-meta":""},"product_brand":[],"product_cat":[32],"product_tag":[],"class_list":{"0":"post-3952","1":"product","2":"type-product","3":"status-publish","4":"has-post-thumbnail","6":"product_cat-ganadores-de-peso","7":"desktop-align-left","8":"tablet-align-left","9":"mobile-align-left","11":"first","12":"outofstock","13":"shipping-taxable","14":"purchasable","15":"product-type-variable"},"ams_default_variation_id":0,"ams_product_points_reward":[],"ams_product_discount_percentage":0,"ams_price_to_display":990,"ams_acf":[],"uagb_featured_image_src":{"full":["https:\/\/www.musclenutrition.com.mx\/wp-content\/uploads\/2024\/11\/king-mass.jpg",740,489,false],"thumbnail":["https:\/\/www.musclenutrition.com.mx\/wp-content\/uploads\/2024\/11\/king-mass-150x150.jpg",150,150,true],"medium":["https:\/\/www.musclenutrition.com.mx\/wp-content\/uploads\/2024\/11\/king-mass-300x198.jpg",300,198,true],"medium_large":["https:\/\/www.musclenutrition.com.mx\/wp-content\/uploads\/2024\/11\/king-mass.jpg",740,489,false],"large":["https:\/\/www.musclenutrition.com.mx\/wp-content\/uploads\/2024\/11\/king-mass.jpg",740,489,false],"1536x1536":["https:\/\/www.musclenutrition.com.mx\/wp-content\/uploads\/2024\/11\/king-mass.jpg",740,489,false],"2048x2048":["https:\/\/www.musclenutrition.com.mx\/wp-content\/uploads\/2024\/11\/king-mass.jpg",740,489,false],"woocommerce_thumbnail":["https:\/\/www.musclenutrition.com.mx\/wp-content\/uploads\/2024\/11\/king-mass-300x300.jpg",300,300,true],"woocommerce_single":["https:\/\/www.musclenutrition.com.mx\/wp-content\/uploads\/2024\/11\/king-mass-600x396.jpg",600,396,true],"woocommerce_gallery_thumbnail":["https:\/\/www.musclenutrition.com.mx\/wp-content\/uploads\/2024\/11\/king-mass-100x100.jpg",100,100,true],"dgwt-wcas-product-suggestion":["https:\/\/www.musclenutrition.com.mx\/wp-content\/uploads\/2024\/11\/king-mass-64x42.jpg",64,42,true]},"uagb_author_info":{"display_name":"ventas reynosa","author_link":"https:\/\/www.musclenutrition.com.mx\/index.php\/author\/"},"uagb_comment_info":0,"uagb_excerpt":"F\u00d3RMULA TOTALMENTE PROBADA Para aquellos que buscan aumentar su masa muscular, KING MASS XL\u2122 es el aliado perfecto durante intensas sesiones de entrenamiento, facilitando la recuperaci\u00f3n y el crecimiento. Inundar tus m\u00fasculos con la prote\u00edna y los carbohidratos en KING MASS XL\u2122 aumentar\u00e1 tu insulina y te llevar\u00e1 a un mayor almacenamiento y recuperaci\u00f3n de&hellip;","_links":{"self":[{"href":"https:\/\/www.musclenutrition.com.mx\/index.php\/wp-json\/wp\/v2\/product\/3952","targetHints":{"allow":["GET"]}}],"collection":[{"href":"https:\/\/www.musclenutrition.com.mx\/index.php\/wp-json\/wp\/v2\/product"}],"about":[{"href":"https:\/\/www.musclenutrition.com.mx\/index.php\/wp-json\/wp\/v2\/types\/product"}],"replies":[{"embeddable":true,"href":"https:\/\/www.musclenutrition.com.mx\/index.php\/wp-json\/wp\/v2\/comments?post=3952"}],"wp:featuredmedia":[{"embeddable":true,"href":"https:\/\/www.musclenutrition.com.mx\/index.php\/wp-json\/wp\/v2\/media\/3953"}],"wp:attachment":[{"href":"https:\/\/www.musclenutrition.com.mx\/index.php\/wp-json\/wp\/v2\/media?parent=3952"}],"wp:term":[{"taxonomy":"product_brand","embeddable":true,"href":"https:\/\/www.musclenutrition.com.mx\/index.php\/wp-json\/wp\/v2\/product_brand?post=3952"},{"taxonomy":"product_cat","embeddable":true,"href":"https:\/\/www.musclenutrition.com.mx\/index.php\/wp-json\/wp\/v2\/product_cat?post=3952"},{"taxonomy":"product_tag","embeddable":true,"href":"https:\/\/www.musclenutrition.com.mx\/index.php\/wp-json\/wp\/v2\/product_tag?post=3952"}],"curies":[{"name":"wp","href":"https:\/\/api.w.org\/{rel}","templated":true}]}}