{"id":3924,"date":"2024-11-08T15:40:10","date_gmt":"2024-11-08T21:40:10","guid":{"rendered":"https:\/\/www.musclenutrition.com.mx\/?post_type=product&#038;p=3924"},"modified":"2025-07-16T19:55:23","modified_gmt":"2025-07-17T01:55:23","slug":"mutant-carnitine","status":"publish","type":"product","link":"https:\/\/www.musclenutrition.com.mx\/index.php\/producto\/mutant-carnitine\/","title":{"rendered":"MUTANT CARNITINE"},"content":{"rendered":"<p><strong>MUTANT CARNITINE<\/strong>\u00a0contiene L-Carnitina de forma estabilizada (L-Carnitina-L-Tartrato) en niveles comprobados (2,250mg por dosis), ademas de BioPerine<sup>\u00ae<\/sup>\u00a0un agente patentado de absorci\u00f3n, haciendo de\u00a0<strong>MUTANT CARNITINE<\/strong>\u00a0una f\u00f3rmula sobresaliente en su clase. La L-Carnitina tiene muchos usos (potenciaci\u00f3n del \u00f3xido n\u00edtrico, virilidad masculina, recuperaci\u00f3n al ejercicio), pero se toma especialmente para ayudar a transportar la grasa para ser usada como energ\u00eda y asi ayudar a mejorar la composici\u00f3n corporal.<\/p>\n","protected":false},"excerpt":{"rendered":"<p>MUTANT CARNITINE\u00a0contiene L-Carnitina de forma estabilizada (L-Carnitina-L-Tartrato) en niveles comprobados (2,250mg por dosis), ademas de BioPerine\u00ae\u00a0un agente patentado de absorci\u00f3n, haciendo de\u00a0MUTANT CARNITINE\u00a0una f\u00f3rmula sobresaliente en su clase. La L-Carnitina tiene muchos usos (potenciaci\u00f3n del \u00f3xido n\u00edtrico, virilidad masculina, recuperaci\u00f3n al ejercicio), pero se toma especialmente para ayudar a transportar la grasa para ser usada &hellip;<\/p>\n<p class=\"read-more\"> <a class=\"\" href=\"https:\/\/www.musclenutrition.com.mx\/index.php\/producto\/mutant-carnitine\/\"> <span class=\"screen-reader-text\">MUTANT CARNITINE<\/span> Leer m\u00e1s &raquo;<\/a><\/p>\n","protected":false},"featured_media":3925,"comment_status":"open","ping_status":"closed","template":"","meta":{"_uag_custom_page_level_css":"","site-sidebar-layout":"default","site-content-layout":"default","ast-global-header-display":"","ast-banner-title-visibility":"","ast-main-header-display":"","ast-hfb-above-header-display":"","ast-hfb-below-header-display":"","ast-hfb-mobile-header-display":"","site-post-title":"","ast-breadcrumbs-content":"","ast-featured-img":"","footer-sml-layout":"","theme-transparent-header-meta":"default","adv-header-id-meta":"","stick-header-meta":"","header-above-stick-meta":"","header-main-stick-meta":"","header-below-stick-meta":""},"product_brand":[],"product_cat":[38],"product_tag":[],"class_list":{"0":"post-3924","1":"product","2":"type-product","3":"status-publish","4":"has-post-thumbnail","6":"product_cat-carnitinas","7":"desktop-align-left","8":"tablet-align-left","9":"mobile-align-left","11":"first","12":"outofstock","13":"shipping-taxable","14":"purchasable","15":"product-type-simple"},"ams_default_variation_id":0,"ams_product_points_reward":[],"ams_product_discount_percentage":0,"ams_price_to_display":300,"ams_acf":[],"uagb_featured_image_src":{"full":["https:\/\/www.musclenutrition.com.mx\/wp-content\/uploads\/2024\/11\/MUTANT-CARNITINA.webp",750,750,false],"thumbnail":["https:\/\/www.musclenutrition.com.mx\/wp-content\/uploads\/2024\/11\/MUTANT-CARNITINA-150x150.webp",150,150,true],"medium":["https:\/\/www.musclenutrition.com.mx\/wp-content\/uploads\/2024\/11\/MUTANT-CARNITINA-300x300.webp",300,300,true],"medium_large":["https:\/\/www.musclenutrition.com.mx\/wp-content\/uploads\/2024\/11\/MUTANT-CARNITINA.webp",750,750,false],"large":["https:\/\/www.musclenutrition.com.mx\/wp-content\/uploads\/2024\/11\/MUTANT-CARNITINA.webp",750,750,false],"1536x1536":["https:\/\/www.musclenutrition.com.mx\/wp-content\/uploads\/2024\/11\/MUTANT-CARNITINA.webp",750,750,false],"2048x2048":["https:\/\/www.musclenutrition.com.mx\/wp-content\/uploads\/2024\/11\/MUTANT-CARNITINA.webp",750,750,false],"woocommerce_thumbnail":["https:\/\/www.musclenutrition.com.mx\/wp-content\/uploads\/2024\/11\/MUTANT-CARNITINA-300x300.webp",300,300,true],"woocommerce_single":["https:\/\/www.musclenutrition.com.mx\/wp-content\/uploads\/2024\/11\/MUTANT-CARNITINA-600x600.webp",600,600,true],"woocommerce_gallery_thumbnail":["https:\/\/www.musclenutrition.com.mx\/wp-content\/uploads\/2024\/11\/MUTANT-CARNITINA-100x100.webp",100,100,true],"dgwt-wcas-product-suggestion":["https:\/\/www.musclenutrition.com.mx\/wp-content\/uploads\/2024\/11\/MUTANT-CARNITINA-64x64.webp",64,64,true]},"uagb_author_info":{"display_name":"ventas reynosa","author_link":"https:\/\/www.musclenutrition.com.mx\/index.php\/author\/"},"uagb_comment_info":0,"uagb_excerpt":"MUTANT CARNITINE\u00a0contiene L-Carnitina de forma estabilizada (L-Carnitina-L-Tartrato) en niveles comprobados (2,250mg por dosis), ademas de BioPerine\u00ae\u00a0un agente patentado de absorci\u00f3n, haciendo de\u00a0MUTANT CARNITINE\u00a0una f\u00f3rmula sobresaliente en su clase. La L-Carnitina tiene muchos usos (potenciaci\u00f3n del \u00f3xido n\u00edtrico, virilidad masculina, recuperaci\u00f3n al ejercicio), pero se toma especialmente para ayudar a transportar la grasa para ser usada&hellip;","_links":{"self":[{"href":"https:\/\/www.musclenutrition.com.mx\/index.php\/wp-json\/wp\/v2\/product\/3924","targetHints":{"allow":["GET"]}}],"collection":[{"href":"https:\/\/www.musclenutrition.com.mx\/index.php\/wp-json\/wp\/v2\/product"}],"about":[{"href":"https:\/\/www.musclenutrition.com.mx\/index.php\/wp-json\/wp\/v2\/types\/product"}],"replies":[{"embeddable":true,"href":"https:\/\/www.musclenutrition.com.mx\/index.php\/wp-json\/wp\/v2\/comments?post=3924"}],"wp:featuredmedia":[{"embeddable":true,"href":"https:\/\/www.musclenutrition.com.mx\/index.php\/wp-json\/wp\/v2\/media\/3925"}],"wp:attachment":[{"href":"https:\/\/www.musclenutrition.com.mx\/index.php\/wp-json\/wp\/v2\/media?parent=3924"}],"wp:term":[{"taxonomy":"product_brand","embeddable":true,"href":"https:\/\/www.musclenutrition.com.mx\/index.php\/wp-json\/wp\/v2\/product_brand?post=3924"},{"taxonomy":"product_cat","embeddable":true,"href":"https:\/\/www.musclenutrition.com.mx\/index.php\/wp-json\/wp\/v2\/product_cat?post=3924"},{"taxonomy":"product_tag","embeddable":true,"href":"https:\/\/www.musclenutrition.com.mx\/index.php\/wp-json\/wp\/v2\/product_tag?post=3924"}],"curies":[{"name":"wp","href":"https:\/\/api.w.org\/{rel}","templated":true}]}}