{"id":3919,"date":"2024-11-08T15:08:06","date_gmt":"2024-11-08T21:08:06","guid":{"rendered":"https:\/\/www.musclenutrition.com.mx\/?post_type=product&#038;p=3919"},"modified":"2025-03-13T19:59:26","modified_gmt":"2025-03-14T01:59:26","slug":"bnox-reloaded","status":"publish","type":"product","link":"https:\/\/www.musclenutrition.com.mx\/index.php\/producto\/bnox-reloaded\/","title":{"rendered":"BNOX RELOADED"},"content":{"rendered":"<p>B-NOX Reloaded es un suplemento creado para potenciar la energ\u00eda y la concentraci\u00f3n durante el ejercicio f\u00edsico. Su f\u00f3rmula \u00fanica incluye tres fuentes naturales de energ\u00eda: extractos de t\u00e9 verde, granos de caf\u00e9 verde y Teacrine. Esta combinaci\u00f3n ofrece una alternativa a la cafe\u00edna sint\u00e9tica, promoviendo una mayor alerta sin el riesgo de desarrollar una tolerancia excesiva.<\/p>\n<p>La legendaria mezcla\u00a0<strong>Androrush<\/strong>\u00a0en B-NOX Reloaded contiene Tribulus, Stinging Nettle, Maca, y Bioperine\u00ae para mejorar la absorci\u00f3n. Tambi\u00e9n incluye DIM (diindolylmethane) para un efecto de promoci\u00f3n muscular.<\/p>\n","protected":false},"excerpt":{"rendered":"<p>B-NOX Reloaded\u2122 de Betancourt Nutrition es un poderoso pre-entreno potenciador del \u00f3xido n\u00edtrico y de la testosterona en polvo.<\/p>\n","protected":false},"featured_media":3922,"comment_status":"open","ping_status":"closed","template":"","meta":{"_uag_custom_page_level_css":"","site-sidebar-layout":"default","site-content-layout":"default","ast-global-header-display":"","ast-banner-title-visibility":"","ast-main-header-display":"","ast-hfb-above-header-display":"","ast-hfb-below-header-display":"","ast-hfb-mobile-header-display":"","site-post-title":"","ast-breadcrumbs-content":"","ast-featured-img":"","footer-sml-layout":"","theme-transparent-header-meta":"default","adv-header-id-meta":"","stick-header-meta":"","header-above-stick-meta":"","header-main-stick-meta":"","header-below-stick-meta":""},"product_brand":[],"product_cat":[15],"product_tag":[],"class_list":{"0":"post-3919","1":"product","2":"type-product","3":"status-publish","4":"has-post-thumbnail","6":"product_cat-sin-categorizar","7":"desktop-align-left","8":"tablet-align-left","9":"mobile-align-left","11":"first","12":"outofstock","13":"shipping-taxable","14":"purchasable","15":"product-type-variable"},"ams_default_variation_id":0,"ams_product_points_reward":[],"ams_product_discount_percentage":0,"ams_price_to_display":390,"ams_acf":[],"uagb_featured_image_src":{"full":["https:\/\/www.musclenutrition.com.mx\/wp-content\/uploads\/2024\/11\/BNOX-RELOADED.jpg",500,500,false],"thumbnail":["https:\/\/www.musclenutrition.com.mx\/wp-content\/uploads\/2024\/11\/BNOX-RELOADED-150x150.jpg",150,150,true],"medium":["https:\/\/www.musclenutrition.com.mx\/wp-content\/uploads\/2024\/11\/BNOX-RELOADED-300x300.jpg",300,300,true],"medium_large":["https:\/\/www.musclenutrition.com.mx\/wp-content\/uploads\/2024\/11\/BNOX-RELOADED.jpg",500,500,false],"large":["https:\/\/www.musclenutrition.com.mx\/wp-content\/uploads\/2024\/11\/BNOX-RELOADED.jpg",500,500,false],"1536x1536":["https:\/\/www.musclenutrition.com.mx\/wp-content\/uploads\/2024\/11\/BNOX-RELOADED.jpg",500,500,false],"2048x2048":["https:\/\/www.musclenutrition.com.mx\/wp-content\/uploads\/2024\/11\/BNOX-RELOADED.jpg",500,500,false],"woocommerce_thumbnail":["https:\/\/www.musclenutrition.com.mx\/wp-content\/uploads\/2024\/11\/BNOX-RELOADED-300x300.jpg",300,300,true],"woocommerce_single":["https:\/\/www.musclenutrition.com.mx\/wp-content\/uploads\/2024\/11\/BNOX-RELOADED.jpg",500,500,false],"woocommerce_gallery_thumbnail":["https:\/\/www.musclenutrition.com.mx\/wp-content\/uploads\/2024\/11\/BNOX-RELOADED-100x100.jpg",100,100,true],"dgwt-wcas-product-suggestion":["https:\/\/www.musclenutrition.com.mx\/wp-content\/uploads\/2024\/11\/BNOX-RELOADED-64x64.jpg",64,64,true]},"uagb_author_info":{"display_name":"ventas reynosa","author_link":"https:\/\/www.musclenutrition.com.mx\/index.php\/author\/"},"uagb_comment_info":0,"uagb_excerpt":"B-NOX Reloaded\u2122 de Betancourt Nutrition es un poderoso pre-entreno potenciador del \u00f3xido n\u00edtrico y de la testosterona en polvo.","_links":{"self":[{"href":"https:\/\/www.musclenutrition.com.mx\/index.php\/wp-json\/wp\/v2\/product\/3919","targetHints":{"allow":["GET"]}}],"collection":[{"href":"https:\/\/www.musclenutrition.com.mx\/index.php\/wp-json\/wp\/v2\/product"}],"about":[{"href":"https:\/\/www.musclenutrition.com.mx\/index.php\/wp-json\/wp\/v2\/types\/product"}],"replies":[{"embeddable":true,"href":"https:\/\/www.musclenutrition.com.mx\/index.php\/wp-json\/wp\/v2\/comments?post=3919"}],"wp:featuredmedia":[{"embeddable":true,"href":"https:\/\/www.musclenutrition.com.mx\/index.php\/wp-json\/wp\/v2\/media\/3922"}],"wp:attachment":[{"href":"https:\/\/www.musclenutrition.com.mx\/index.php\/wp-json\/wp\/v2\/media?parent=3919"}],"wp:term":[{"taxonomy":"product_brand","embeddable":true,"href":"https:\/\/www.musclenutrition.com.mx\/index.php\/wp-json\/wp\/v2\/product_brand?post=3919"},{"taxonomy":"product_cat","embeddable":true,"href":"https:\/\/www.musclenutrition.com.mx\/index.php\/wp-json\/wp\/v2\/product_cat?post=3919"},{"taxonomy":"product_tag","embeddable":true,"href":"https:\/\/www.musclenutrition.com.mx\/index.php\/wp-json\/wp\/v2\/product_tag?post=3919"}],"curies":[{"name":"wp","href":"https:\/\/api.w.org\/{rel}","templated":true}]}}