{"id":3902,"date":"2024-11-01T13:10:20","date_gmt":"2024-11-01T19:10:20","guid":{"rendered":"https:\/\/www.musclenutrition.com.mx\/?post_type=product&#038;p=3902"},"modified":"2025-06-06T10:50:29","modified_gmt":"2025-06-06T16:50:29","slug":"hydra-anabolic","status":"publish","type":"product","link":"https:\/\/www.musclenutrition.com.mx\/index.php\/producto\/hydra-anabolic\/","title":{"rendered":"HYDRA  ANABOLIC"},"content":{"rendered":"<div class=\"mt-10 hidden lg:block\">\n<div class=\"metafield-rich_text_field\">\n<p><strong>Dragon Pharma Hydra<\/strong> es el anab\u00f3lico natural de alta potencia dise\u00f1ado para ayudarlo a desbloquear un nuevo potencial de crecimiento muscular, recuperaci\u00f3n acelerada, bombeos intensos y un rendimiento mejorado en el gimnasio, todo sin los efectos secundarios no deseados.<\/p>\n<div class=\"\">\n<div class=\"p-5 border-r border-l border-lightgrey max-h-[400px] overflow-auto border-b-2 border-b-red\">\n<div class=\"text-darkgrey\">\n<div class=\"metafield-rich_text_field\">\n<p><strong>Instrucciones:<\/strong>\u00a0\u00a0\u00a0Tomar 2 c\u00e1psulas dos veces al d\u00eda con la comida.\u00a0Para obtener mejores resultados, se recomienda tomar Hydra en ciclos de 4 a 8 semanas, seguidos de un descanso de al menos 4 semanas.<\/p>\n<\/div>\n<\/div>\n<\/div>\n<\/div>\n<div class=\"\">\n<div class=\"py-[5px] px-5 border-solid border border-t border-l border-r border-black flex justify-between items-center cursor-pointer border-b\"><\/div>\n<\/div>\n<\/div>\n<\/div>\n<div class=\"hidden xl:block w-full\">\n<div class=\"xl:mt-10 accordion-wrapper\">\n<div class=\"\">\n<div class=\"py-[5px] px-5 border-solid border border-t border-l border-r border-black flex justify-between items-center cursor-pointer border-b\"><\/div>\n<\/div>\n<\/div>\n<\/div>\n","protected":false},"excerpt":{"rendered":"<p>Dragon Pharma Hydra es el anab\u00f3lico natural de alta potencia dise\u00f1ado para ayudarlo a desbloquear un nuevo potencial de crecimiento muscular, recuperaci\u00f3n acelerada, bombeos intensos y un rendimiento mejorado en el gimnasio, todo sin los efectos secundarios no deseados. Instrucciones:\u00a0\u00a0\u00a0Tomar 2 c\u00e1psulas dos veces al d\u00eda con la comida.\u00a0Para obtener mejores resultados, se recomienda tomar &hellip;<\/p>\n<p class=\"read-more\"> <a class=\"\" href=\"https:\/\/www.musclenutrition.com.mx\/index.php\/producto\/hydra-anabolic\/\"> <span class=\"screen-reader-text\">HYDRA  ANABOLIC<\/span> Leer m\u00e1s &raquo;<\/a><\/p>\n","protected":false},"featured_media":3935,"comment_status":"open","ping_status":"closed","template":"","meta":{"_uag_custom_page_level_css":"","site-sidebar-layout":"default","site-content-layout":"default","ast-global-header-display":"","ast-banner-title-visibility":"","ast-main-header-display":"","ast-hfb-above-header-display":"","ast-hfb-below-header-display":"","ast-hfb-mobile-header-display":"","site-post-title":"","ast-breadcrumbs-content":"","ast-featured-img":"","footer-sml-layout":"","theme-transparent-header-meta":"default","adv-header-id-meta":"","stick-header-meta":"","header-above-stick-meta":"","header-main-stick-meta":"","header-below-stick-meta":""},"product_brand":[],"product_cat":[39],"product_tag":[],"class_list":{"0":"post-3902","1":"product","2":"type-product","3":"status-publish","4":"has-post-thumbnail","6":"product_cat-precursores","7":"desktop-align-left","8":"tablet-align-left","9":"mobile-align-left","11":"first","12":"outofstock","13":"shipping-taxable","14":"purchasable","15":"product-type-simple"},"ams_default_variation_id":0,"ams_product_points_reward":[],"ams_product_discount_percentage":0,"ams_price_to_display":550,"ams_acf":[],"uagb_featured_image_src":{"full":["https:\/\/www.musclenutrition.com.mx\/wp-content\/uploads\/2024\/11\/hydra-anabolic-2.jpg",480,480,false],"thumbnail":["https:\/\/www.musclenutrition.com.mx\/wp-content\/uploads\/2024\/11\/hydra-anabolic-2-150x150.jpg",150,150,true],"medium":["https:\/\/www.musclenutrition.com.mx\/wp-content\/uploads\/2024\/11\/hydra-anabolic-2-300x300.jpg",300,300,true],"medium_large":["https:\/\/www.musclenutrition.com.mx\/wp-content\/uploads\/2024\/11\/hydra-anabolic-2.jpg",480,480,false],"large":["https:\/\/www.musclenutrition.com.mx\/wp-content\/uploads\/2024\/11\/hydra-anabolic-2.jpg",480,480,false],"1536x1536":["https:\/\/www.musclenutrition.com.mx\/wp-content\/uploads\/2024\/11\/hydra-anabolic-2.jpg",480,480,false],"2048x2048":["https:\/\/www.musclenutrition.com.mx\/wp-content\/uploads\/2024\/11\/hydra-anabolic-2.jpg",480,480,false],"woocommerce_thumbnail":["https:\/\/www.musclenutrition.com.mx\/wp-content\/uploads\/2024\/11\/hydra-anabolic-2-300x300.jpg",300,300,true],"woocommerce_single":["https:\/\/www.musclenutrition.com.mx\/wp-content\/uploads\/2024\/11\/hydra-anabolic-2.jpg",480,480,false],"woocommerce_gallery_thumbnail":["https:\/\/www.musclenutrition.com.mx\/wp-content\/uploads\/2024\/11\/hydra-anabolic-2-100x100.jpg",100,100,true],"dgwt-wcas-product-suggestion":["https:\/\/www.musclenutrition.com.mx\/wp-content\/uploads\/2024\/11\/hydra-anabolic-2-64x64.jpg",64,64,true]},"uagb_author_info":{"display_name":"ventas reynosa","author_link":"https:\/\/www.musclenutrition.com.mx\/index.php\/author\/"},"uagb_comment_info":0,"uagb_excerpt":"Dragon Pharma Hydra es el anab\u00f3lico natural de alta potencia dise\u00f1ado para ayudarlo a desbloquear un nuevo potencial de crecimiento muscular, recuperaci\u00f3n acelerada, bombeos intensos y un rendimiento mejorado en el gimnasio, todo sin los efectos secundarios no deseados. Instrucciones:\u00a0\u00a0\u00a0Tomar 2 c\u00e1psulas dos veces al d\u00eda con la comida.\u00a0Para obtener mejores resultados, se recomienda tomar&hellip;","_links":{"self":[{"href":"https:\/\/www.musclenutrition.com.mx\/index.php\/wp-json\/wp\/v2\/product\/3902","targetHints":{"allow":["GET"]}}],"collection":[{"href":"https:\/\/www.musclenutrition.com.mx\/index.php\/wp-json\/wp\/v2\/product"}],"about":[{"href":"https:\/\/www.musclenutrition.com.mx\/index.php\/wp-json\/wp\/v2\/types\/product"}],"replies":[{"embeddable":true,"href":"https:\/\/www.musclenutrition.com.mx\/index.php\/wp-json\/wp\/v2\/comments?post=3902"}],"wp:featuredmedia":[{"embeddable":true,"href":"https:\/\/www.musclenutrition.com.mx\/index.php\/wp-json\/wp\/v2\/media\/3935"}],"wp:attachment":[{"href":"https:\/\/www.musclenutrition.com.mx\/index.php\/wp-json\/wp\/v2\/media?parent=3902"}],"wp:term":[{"taxonomy":"product_brand","embeddable":true,"href":"https:\/\/www.musclenutrition.com.mx\/index.php\/wp-json\/wp\/v2\/product_brand?post=3902"},{"taxonomy":"product_cat","embeddable":true,"href":"https:\/\/www.musclenutrition.com.mx\/index.php\/wp-json\/wp\/v2\/product_cat?post=3902"},{"taxonomy":"product_tag","embeddable":true,"href":"https:\/\/www.musclenutrition.com.mx\/index.php\/wp-json\/wp\/v2\/product_tag?post=3902"}],"curies":[{"name":"wp","href":"https:\/\/api.w.org\/{rel}","templated":true}]}}