{"id":3550,"date":"2024-07-30T17:51:52","date_gmt":"2024-07-30T23:51:52","guid":{"rendered":"https:\/\/www.musclenutrition.com.mx\/?post_type=product&#038;p=3550"},"modified":"2026-03-03T20:57:01","modified_gmt":"2026-03-04T02:57:01","slug":"panda-skull-40-servs","status":"publish","type":"product","link":"https:\/\/www.musclenutrition.com.mx\/index.php\/producto\/panda-skull-40-servs\/","title":{"rendered":"PANDA SKULL (40 SERVS)"},"content":{"rendered":"<p><strong>Panda Skull 40 serv de Panda Supps\u00a0<\/strong>combina bombeo, concentraci\u00f3n, visi\u00f3n de t\u00fanel y resistencia, todo en un solo pre-entrenamiento.<\/p>\n<p>Se ha abierto un nuevo cap\u00edtulo en la l\u00ednea pre-entrenamiento de Panda Supps. El pre-entrenamiento Skull, con sus poderosos ingredientes, promueve la resistencia muscular, ayud\u00e1ndote a superar esas intensas sesiones de entrenamiento con facilidad.<br \/>\nNo solo ayuda en la producci\u00f3n de energ\u00eda, brind\u00e1ndote el combustible sostenible que necesitas para potenciar tus entrenamientos, sino que, lo m\u00e1s importante, apoya la concentraci\u00f3n y la agudeza mental, permiti\u00e9ndote mantenerte completamente comprometido y concentrado.<\/p>\n","protected":false},"excerpt":{"rendered":"<p>Panda Skull 40 serv de Panda Supps\u00a0combina bombeo, concentraci\u00f3n, visi\u00f3n de t\u00fanel y resistencia, todo en un solo pre-entrenamiento. Se ha abierto un nuevo cap\u00edtulo en la l\u00ednea pre-entrenamiento de Panda Supps. El pre-entrenamiento Skull, con sus poderosos ingredientes, promueve la resistencia muscular, ayud\u00e1ndote a superar esas intensas sesiones de entrenamiento con facilidad. No solo &hellip;<\/p>\n<p class=\"read-more\"> <a class=\"\" href=\"https:\/\/www.musclenutrition.com.mx\/index.php\/producto\/panda-skull-40-servs\/\"> <span class=\"screen-reader-text\">PANDA SKULL (40 SERVS)<\/span> Leer m\u00e1s &raquo;<\/a><\/p>\n","protected":false},"featured_media":3551,"comment_status":"open","ping_status":"closed","template":"","meta":{"_uag_custom_page_level_css":"","site-sidebar-layout":"default","site-content-layout":"default","ast-global-header-display":"","ast-banner-title-visibility":"","ast-main-header-display":"","ast-hfb-above-header-display":"","ast-hfb-below-header-display":"","ast-hfb-mobile-header-display":"","site-post-title":"","ast-breadcrumbs-content":"","ast-featured-img":"","footer-sml-layout":"","theme-transparent-header-meta":"default","adv-header-id-meta":"","stick-header-meta":"","header-above-stick-meta":"","header-main-stick-meta":"","header-below-stick-meta":""},"product_brand":[],"product_cat":[35],"product_tag":[],"class_list":{"0":"post-3550","1":"product","2":"type-product","3":"status-publish","4":"has-post-thumbnail","6":"product_cat-pre-entrenos","7":"desktop-align-left","8":"tablet-align-left","9":"mobile-align-left","11":"first","12":"instock","13":"shipping-taxable","14":"purchasable","15":"product-type-variable"},"ams_default_variation_id":0,"ams_product_points_reward":[],"ams_product_discount_percentage":0,"ams_price_to_display":690,"ams_acf":[],"uagb_featured_image_src":{"full":["https:\/\/www.musclenutrition.com.mx\/wp-content\/uploads\/2024\/07\/PANDA-SKULL.png",621,842,false],"thumbnail":["https:\/\/www.musclenutrition.com.mx\/wp-content\/uploads\/2024\/07\/PANDA-SKULL-150x150.png",150,150,true],"medium":["https:\/\/www.musclenutrition.com.mx\/wp-content\/uploads\/2024\/07\/PANDA-SKULL-221x300.png",221,300,true],"medium_large":["https:\/\/www.musclenutrition.com.mx\/wp-content\/uploads\/2024\/07\/PANDA-SKULL.png",621,842,false],"large":["https:\/\/www.musclenutrition.com.mx\/wp-content\/uploads\/2024\/07\/PANDA-SKULL.png",621,842,false],"1536x1536":["https:\/\/www.musclenutrition.com.mx\/wp-content\/uploads\/2024\/07\/PANDA-SKULL.png",621,842,false],"2048x2048":["https:\/\/www.musclenutrition.com.mx\/wp-content\/uploads\/2024\/07\/PANDA-SKULL.png",621,842,false],"woocommerce_thumbnail":["https:\/\/www.musclenutrition.com.mx\/wp-content\/uploads\/2024\/07\/PANDA-SKULL-300x300.png",300,300,true],"woocommerce_single":["https:\/\/www.musclenutrition.com.mx\/wp-content\/uploads\/2024\/07\/PANDA-SKULL-600x814.png",600,814,true],"woocommerce_gallery_thumbnail":["https:\/\/www.musclenutrition.com.mx\/wp-content\/uploads\/2024\/07\/PANDA-SKULL-100x100.png",100,100,true],"dgwt-wcas-product-suggestion":["https:\/\/www.musclenutrition.com.mx\/wp-content\/uploads\/2024\/07\/PANDA-SKULL-64x87.png",64,87,true]},"uagb_author_info":{"display_name":"ventas reynosa","author_link":"https:\/\/www.musclenutrition.com.mx\/index.php\/author\/"},"uagb_comment_info":0,"uagb_excerpt":"Panda Skull 40 serv de Panda Supps\u00a0combina bombeo, concentraci\u00f3n, visi\u00f3n de t\u00fanel y resistencia, todo en un solo pre-entrenamiento. Se ha abierto un nuevo cap\u00edtulo en la l\u00ednea pre-entrenamiento de Panda Supps. El pre-entrenamiento Skull, con sus poderosos ingredientes, promueve la resistencia muscular, ayud\u00e1ndote a superar esas intensas sesiones de entrenamiento con facilidad. No solo&hellip;","_links":{"self":[{"href":"https:\/\/www.musclenutrition.com.mx\/index.php\/wp-json\/wp\/v2\/product\/3550","targetHints":{"allow":["GET"]}}],"collection":[{"href":"https:\/\/www.musclenutrition.com.mx\/index.php\/wp-json\/wp\/v2\/product"}],"about":[{"href":"https:\/\/www.musclenutrition.com.mx\/index.php\/wp-json\/wp\/v2\/types\/product"}],"replies":[{"embeddable":true,"href":"https:\/\/www.musclenutrition.com.mx\/index.php\/wp-json\/wp\/v2\/comments?post=3550"}],"wp:featuredmedia":[{"embeddable":true,"href":"https:\/\/www.musclenutrition.com.mx\/index.php\/wp-json\/wp\/v2\/media\/3551"}],"wp:attachment":[{"href":"https:\/\/www.musclenutrition.com.mx\/index.php\/wp-json\/wp\/v2\/media?parent=3550"}],"wp:term":[{"taxonomy":"product_brand","embeddable":true,"href":"https:\/\/www.musclenutrition.com.mx\/index.php\/wp-json\/wp\/v2\/product_brand?post=3550"},{"taxonomy":"product_cat","embeddable":true,"href":"https:\/\/www.musclenutrition.com.mx\/index.php\/wp-json\/wp\/v2\/product_cat?post=3550"},{"taxonomy":"product_tag","embeddable":true,"href":"https:\/\/www.musclenutrition.com.mx\/index.php\/wp-json\/wp\/v2\/product_tag?post=3550"}],"curies":[{"name":"wp","href":"https:\/\/api.w.org\/{rel}","templated":true}]}}