{"id":3546,"date":"2024-07-30T17:35:47","date_gmt":"2024-07-30T23:35:47","guid":{"rendered":"https:\/\/www.musclenutrition.com.mx\/?post_type=product&#038;p=3546"},"modified":"2026-02-18T17:58:37","modified_gmt":"2026-02-18T23:58:37","slug":"panda-rampage-50-serv","status":"publish","type":"product","link":"https:\/\/www.musclenutrition.com.mx\/index.php\/producto\/panda-rampage-50-serv\/","title":{"rendered":"PANDA RAMPAGE (50 SERV)"},"content":{"rendered":"<p style=\"text-align: left;\" data-sourcepos=\"7:1-7:243\"><strong>Panda Rampage PWO Blue Venom es un pre-entreno extremo dise\u00f1ado para atletas y culturistas que buscan llevar su rendimiento al siguiente nivel.\u00a0Con una f\u00f3rmula ultra concentrada y potenciada,\u00a0este suplemento te brinda una experiencia explosiva en cada entrenamiento:<\/strong><\/p>\n<ul data-sourcepos=\"9:1-9:110\">\n<li style=\"text-align: left;\" data-sourcepos=\"9:1-9:110\"><strong>Enfoque mental inigualable:<\/strong>\u00a0800mg de Alpha GPC te proporcionar\u00e1n una claridad mental y una concentraci\u00f3n l\u00e1ser para ayudarte a mantenerte enfocado en tus objetivos y superar tus l\u00edmites.<\/li>\n<li style=\"text-align: left;\" data-sourcepos=\"10:1-10:235\"><strong>Bomba muscular explosiva:<\/strong>\u00a06g de L-Citrulina Malato te dar\u00e1n un bombeo muscular intenso y duradero,\u00a0maximizando el flujo sangu\u00edneo hacia tus m\u00fasculos y mejorando la entrega de nutrientes para un crecimiento y recuperaci\u00f3n \u00f3ptimos.<\/li>\n<li style=\"text-align: left;\" data-sourcepos=\"11:1-11:244\"><strong>Energ\u00eda extrema y resistencia:<\/strong>\u00a0400mg de cafe\u00edna de tres fuentes diferentes te brindar\u00e1n una energ\u00eda limpia y sostenida,\u00a0mientras que la L-Tirosina mejorar\u00e1 tu resistencia mental y f\u00edsica para que puedas entrenar m\u00e1s duro y por m\u00e1s tiempo.<\/li>\n<\/ul>\n","protected":false},"excerpt":{"rendered":"<p>Panda Rampage PWO Blue Venom es un pre-entreno extremo dise\u00f1ado para atletas y culturistas que buscan llevar su rendimiento al siguiente nivel.\u00a0Con una f\u00f3rmula ultra concentrada y potenciada,\u00a0este suplemento te brinda una experiencia explosiva en cada entrenamiento: Enfoque mental inigualable:\u00a0800mg de Alpha GPC te proporcionar\u00e1n una claridad mental y una concentraci\u00f3n l\u00e1ser para ayudarte a &hellip;<\/p>\n<p class=\"read-more\"> <a class=\"\" href=\"https:\/\/www.musclenutrition.com.mx\/index.php\/producto\/panda-rampage-50-serv\/\"> <span class=\"screen-reader-text\">PANDA RAMPAGE (50 SERV)<\/span> Leer m\u00e1s &raquo;<\/a><\/p>\n","protected":false},"featured_media":3547,"comment_status":"open","ping_status":"closed","template":"","meta":{"_uag_custom_page_level_css":"","site-sidebar-layout":"default","site-content-layout":"default","ast-global-header-display":"","ast-banner-title-visibility":"","ast-main-header-display":"","ast-hfb-above-header-display":"","ast-hfb-below-header-display":"","ast-hfb-mobile-header-display":"","site-post-title":"","ast-breadcrumbs-content":"","ast-featured-img":"","footer-sml-layout":"","theme-transparent-header-meta":"default","adv-header-id-meta":"","stick-header-meta":"","header-above-stick-meta":"","header-main-stick-meta":"","header-below-stick-meta":""},"product_brand":[],"product_cat":[35],"product_tag":[],"class_list":{"0":"post-3546","1":"product","2":"type-product","3":"status-publish","4":"has-post-thumbnail","6":"product_cat-pre-entrenos","7":"desktop-align-left","8":"tablet-align-left","9":"mobile-align-left","11":"first","12":"instock","13":"shipping-taxable","14":"purchasable","15":"product-type-variable"},"ams_default_variation_id":0,"ams_product_points_reward":[],"ams_product_discount_percentage":0,"ams_price_to_display":650,"ams_acf":[],"uagb_featured_image_src":{"full":["https:\/\/www.musclenutrition.com.mx\/wp-content\/uploads\/2024\/07\/PANDA-RAMPGE.png",632,760,false],"thumbnail":["https:\/\/www.musclenutrition.com.mx\/wp-content\/uploads\/2024\/07\/PANDA-RAMPGE-150x150.png",150,150,true],"medium":["https:\/\/www.musclenutrition.com.mx\/wp-content\/uploads\/2024\/07\/PANDA-RAMPGE-249x300.png",249,300,true],"medium_large":["https:\/\/www.musclenutrition.com.mx\/wp-content\/uploads\/2024\/07\/PANDA-RAMPGE.png",632,760,false],"large":["https:\/\/www.musclenutrition.com.mx\/wp-content\/uploads\/2024\/07\/PANDA-RAMPGE.png",632,760,false],"1536x1536":["https:\/\/www.musclenutrition.com.mx\/wp-content\/uploads\/2024\/07\/PANDA-RAMPGE.png",632,760,false],"2048x2048":["https:\/\/www.musclenutrition.com.mx\/wp-content\/uploads\/2024\/07\/PANDA-RAMPGE.png",632,760,false],"woocommerce_thumbnail":["https:\/\/www.musclenutrition.com.mx\/wp-content\/uploads\/2024\/07\/PANDA-RAMPGE-300x300.png",300,300,true],"woocommerce_single":["https:\/\/www.musclenutrition.com.mx\/wp-content\/uploads\/2024\/07\/PANDA-RAMPGE-600x722.png",600,722,true],"woocommerce_gallery_thumbnail":["https:\/\/www.musclenutrition.com.mx\/wp-content\/uploads\/2024\/07\/PANDA-RAMPGE-100x100.png",100,100,true],"dgwt-wcas-product-suggestion":["https:\/\/www.musclenutrition.com.mx\/wp-content\/uploads\/2024\/07\/PANDA-RAMPGE-64x77.png",64,77,true]},"uagb_author_info":{"display_name":"ventas reynosa","author_link":"https:\/\/www.musclenutrition.com.mx\/index.php\/author\/"},"uagb_comment_info":0,"uagb_excerpt":"Panda Rampage PWO Blue Venom es un pre-entreno extremo dise\u00f1ado para atletas y culturistas que buscan llevar su rendimiento al siguiente nivel.\u00a0Con una f\u00f3rmula ultra concentrada y potenciada,\u00a0este suplemento te brinda una experiencia explosiva en cada entrenamiento: Enfoque mental inigualable:\u00a0800mg de Alpha GPC te proporcionar\u00e1n una claridad mental y una concentraci\u00f3n l\u00e1ser para ayudarte a&hellip;","_links":{"self":[{"href":"https:\/\/www.musclenutrition.com.mx\/index.php\/wp-json\/wp\/v2\/product\/3546","targetHints":{"allow":["GET"]}}],"collection":[{"href":"https:\/\/www.musclenutrition.com.mx\/index.php\/wp-json\/wp\/v2\/product"}],"about":[{"href":"https:\/\/www.musclenutrition.com.mx\/index.php\/wp-json\/wp\/v2\/types\/product"}],"replies":[{"embeddable":true,"href":"https:\/\/www.musclenutrition.com.mx\/index.php\/wp-json\/wp\/v2\/comments?post=3546"}],"wp:featuredmedia":[{"embeddable":true,"href":"https:\/\/www.musclenutrition.com.mx\/index.php\/wp-json\/wp\/v2\/media\/3547"}],"wp:attachment":[{"href":"https:\/\/www.musclenutrition.com.mx\/index.php\/wp-json\/wp\/v2\/media?parent=3546"}],"wp:term":[{"taxonomy":"product_brand","embeddable":true,"href":"https:\/\/www.musclenutrition.com.mx\/index.php\/wp-json\/wp\/v2\/product_brand?post=3546"},{"taxonomy":"product_cat","embeddable":true,"href":"https:\/\/www.musclenutrition.com.mx\/index.php\/wp-json\/wp\/v2\/product_cat?post=3546"},{"taxonomy":"product_tag","embeddable":true,"href":"https:\/\/www.musclenutrition.com.mx\/index.php\/wp-json\/wp\/v2\/product_tag?post=3546"}],"curies":[{"name":"wp","href":"https:\/\/api.w.org\/{rel}","templated":true}]}}