{"id":3518,"date":"2024-07-22T14:09:23","date_gmt":"2024-07-22T20:09:23","guid":{"rendered":"https:\/\/www.musclenutrition.com.mx\/?post_type=product&#038;p=3518"},"modified":"2026-03-27T17:49:41","modified_gmt":"2026-03-27T23:49:41","slug":"evogen-creatina-60-servs","status":"publish","type":"product","link":"https:\/\/www.musclenutrition.com.mx\/index.php\/producto\/evogen-creatina-60-servs\/","title":{"rendered":"EVOGEN CREATINA (60 SERVS)"},"content":{"rendered":"<p>La Evogen Creatina es un suplemento dise\u00f1ado para atletas y personas activas que buscan mejorar su rendimiento f\u00edsico. Adem\u00e1s, es una opci\u00f3n ideal para quienes desean incrementar su fuerza, masa muscular y recuperaci\u00f3n de manera segura y efectiva. Sus beneficios:<\/p>\n<ul>\n<li>Incrementa la fuerza:\u00a0Ideal para entrenamientos de alta intensidad.<\/li>\n<li>Mejora la recuperaci\u00f3n: Reduce la fatiga despu\u00e9s del ejercicio<\/li>\n<li>Desarrolla la masa muscular:\u00a0Favorece el crecimiento de los m\u00fasculos.<\/li>\n<li>Alta calidad:\u00a0F\u00f3rmula micronizada para mejor absorci\u00f3n.<\/li>\n<li>100% confiable:\u00a0Libre de sustancias prohibidas.<\/li>\n<\/ul>\n","protected":false},"excerpt":{"rendered":"<p>La Evogen Creatina es un suplemento dise\u00f1ado para atletas y personas activas que buscan mejorar su rendimiento f\u00edsico. Adem\u00e1s, es una opci\u00f3n ideal para quienes desean incrementar su fuerza, masa muscular y recuperaci\u00f3n de manera segura y efectiva. Sus beneficios: Incrementa la fuerza:\u00a0Ideal para entrenamientos de alta intensidad. Mejora la recuperaci\u00f3n: Reduce la fatiga despu\u00e9s &hellip;<\/p>\n<p class=\"read-more\"> <a class=\"\" href=\"https:\/\/www.musclenutrition.com.mx\/index.php\/producto\/evogen-creatina-60-servs\/\"> <span class=\"screen-reader-text\">EVOGEN CREATINA (60 SERVS)<\/span> Leer m\u00e1s &raquo;<\/a><\/p>\n","protected":false},"featured_media":3519,"comment_status":"open","ping_status":"closed","template":"","meta":{"_uag_custom_page_level_css":"","site-sidebar-layout":"default","site-content-layout":"default","ast-global-header-display":"","ast-banner-title-visibility":"","ast-main-header-display":"","ast-hfb-above-header-display":"","ast-hfb-below-header-display":"","ast-hfb-mobile-header-display":"","site-post-title":"","ast-breadcrumbs-content":"","ast-featured-img":"","footer-sml-layout":"","theme-transparent-header-meta":"default","adv-header-id-meta":"","stick-header-meta":"","header-above-stick-meta":"","header-main-stick-meta":"","header-below-stick-meta":""},"product_brand":[],"product_cat":[15,31],"product_tag":[],"class_list":{"0":"post-3518","1":"product","2":"type-product","3":"status-publish","4":"has-post-thumbnail","6":"product_cat-sin-categorizar","7":"product_cat-creatinas","8":"desktop-align-left","9":"tablet-align-left","10":"mobile-align-left","12":"first","13":"instock","14":"shipping-taxable","15":"purchasable","16":"product-type-simple"},"ams_default_variation_id":0,"ams_product_points_reward":[],"ams_product_discount_percentage":0,"ams_price_to_display":520,"ams_acf":[],"uagb_featured_image_src":{"full":["https:\/\/www.musclenutrition.com.mx\/wp-content\/uploads\/2024\/07\/EVOGEN-CREATINA.png",678,898,false],"thumbnail":["https:\/\/www.musclenutrition.com.mx\/wp-content\/uploads\/2024\/07\/EVOGEN-CREATINA-150x150.png",150,150,true],"medium":["https:\/\/www.musclenutrition.com.mx\/wp-content\/uploads\/2024\/07\/EVOGEN-CREATINA-227x300.png",227,300,true],"medium_large":["https:\/\/www.musclenutrition.com.mx\/wp-content\/uploads\/2024\/07\/EVOGEN-CREATINA.png",678,898,false],"large":["https:\/\/www.musclenutrition.com.mx\/wp-content\/uploads\/2024\/07\/EVOGEN-CREATINA.png",678,898,false],"1536x1536":["https:\/\/www.musclenutrition.com.mx\/wp-content\/uploads\/2024\/07\/EVOGEN-CREATINA.png",678,898,false],"2048x2048":["https:\/\/www.musclenutrition.com.mx\/wp-content\/uploads\/2024\/07\/EVOGEN-CREATINA.png",678,898,false],"woocommerce_thumbnail":["https:\/\/www.musclenutrition.com.mx\/wp-content\/uploads\/2024\/07\/EVOGEN-CREATINA-300x300.png",300,300,true],"woocommerce_single":["https:\/\/www.musclenutrition.com.mx\/wp-content\/uploads\/2024\/07\/EVOGEN-CREATINA-600x795.png",600,795,true],"woocommerce_gallery_thumbnail":["https:\/\/www.musclenutrition.com.mx\/wp-content\/uploads\/2024\/07\/EVOGEN-CREATINA-100x100.png",100,100,true],"dgwt-wcas-product-suggestion":["https:\/\/www.musclenutrition.com.mx\/wp-content\/uploads\/2024\/07\/EVOGEN-CREATINA-64x85.png",64,85,true]},"uagb_author_info":{"display_name":"ventas reynosa","author_link":"https:\/\/www.musclenutrition.com.mx\/index.php\/author\/"},"uagb_comment_info":0,"uagb_excerpt":"La Evogen Creatina es un suplemento dise\u00f1ado para atletas y personas activas que buscan mejorar su rendimiento f\u00edsico. Adem\u00e1s, es una opci\u00f3n ideal para quienes desean incrementar su fuerza, masa muscular y recuperaci\u00f3n de manera segura y efectiva. Sus beneficios: Incrementa la fuerza:\u00a0Ideal para entrenamientos de alta intensidad. Mejora la recuperaci\u00f3n: Reduce la fatiga despu\u00e9s&hellip;","_links":{"self":[{"href":"https:\/\/www.musclenutrition.com.mx\/index.php\/wp-json\/wp\/v2\/product\/3518","targetHints":{"allow":["GET"]}}],"collection":[{"href":"https:\/\/www.musclenutrition.com.mx\/index.php\/wp-json\/wp\/v2\/product"}],"about":[{"href":"https:\/\/www.musclenutrition.com.mx\/index.php\/wp-json\/wp\/v2\/types\/product"}],"replies":[{"embeddable":true,"href":"https:\/\/www.musclenutrition.com.mx\/index.php\/wp-json\/wp\/v2\/comments?post=3518"}],"wp:featuredmedia":[{"embeddable":true,"href":"https:\/\/www.musclenutrition.com.mx\/index.php\/wp-json\/wp\/v2\/media\/3519"}],"wp:attachment":[{"href":"https:\/\/www.musclenutrition.com.mx\/index.php\/wp-json\/wp\/v2\/media?parent=3518"}],"wp:term":[{"taxonomy":"product_brand","embeddable":true,"href":"https:\/\/www.musclenutrition.com.mx\/index.php\/wp-json\/wp\/v2\/product_brand?post=3518"},{"taxonomy":"product_cat","embeddable":true,"href":"https:\/\/www.musclenutrition.com.mx\/index.php\/wp-json\/wp\/v2\/product_cat?post=3518"},{"taxonomy":"product_tag","embeddable":true,"href":"https:\/\/www.musclenutrition.com.mx\/index.php\/wp-json\/wp\/v2\/product_tag?post=3518"}],"curies":[{"name":"wp","href":"https:\/\/api.w.org\/{rel}","templated":true}]}}