{"id":3488,"date":"2024-07-15T20:19:46","date_gmt":"2024-07-16T02:19:46","guid":{"rendered":"https:\/\/www.musclenutrition.com.mx\/?post_type=product&#038;p=3488"},"modified":"2026-03-03T21:03:24","modified_gmt":"2026-03-04T03:03:24","slug":"evogreens-30-servs","status":"publish","type":"product","link":"https:\/\/www.musclenutrition.com.mx\/index.php\/producto\/evogreens-30-servs\/","title":{"rendered":"EVOGREENS (30 SERVS)"},"content":{"rendered":"<p><span dir=\"auto\">Evogreens de Evogen Nutrition fue dise\u00f1ado espec\u00edficamente para satisfacer las necesidades de los atletas que entrenan intensamente. El objetivo es proporcionar ingredientes estrat\u00e9gicamente seleccionados no solo para ayudar a desintoxicar y nutrir el cuerpo, sino tambi\u00e9n para acelerar la recuperaci\u00f3n y el bienestar general. Contiene:<\/span><\/p>\n<ul>\n<li><span dir=\"auto\">6 porciones de frutas y verduras<\/span><\/li>\n<li><span dir=\"auto\">2 mil millones de UFC de probi\u00f3ticos para reforzar el sistema inmunitario<\/span><\/li>\n<li><span dir=\"auto\">VitaGranate de 150 mg para la salud cardiovascular<\/span><\/li>\n<li><span dir=\"auto\">Sin colorantes, edulcorantes ni saborizantes sint\u00e9ticos<\/span><\/li>\n<\/ul>\n","protected":false},"excerpt":{"rendered":"<p>Evogreens de Evogen Nutrition fue dise\u00f1ado espec\u00edficamente para satisfacer las necesidades de los atletas que entrenan intensamente. El objetivo es proporcionar ingredientes estrat\u00e9gicamente seleccionados no solo para ayudar a desintoxicar y nutrir el cuerpo, sino tambi\u00e9n para acelerar la recuperaci\u00f3n y el bienestar general. Contiene: 6 porciones de frutas y verduras 2 mil millones de &hellip;<\/p>\n<p class=\"read-more\"> <a class=\"\" href=\"https:\/\/www.musclenutrition.com.mx\/index.php\/producto\/evogreens-30-servs\/\"> <span class=\"screen-reader-text\">EVOGREENS (30 SERVS)<\/span> Leer m\u00e1s &raquo;<\/a><\/p>\n","protected":false},"featured_media":3489,"comment_status":"open","ping_status":"closed","template":"","meta":{"_uag_custom_page_level_css":"","site-sidebar-layout":"default","site-content-layout":"default","ast-global-header-display":"","ast-banner-title-visibility":"","ast-main-header-display":"","ast-hfb-above-header-display":"","ast-hfb-below-header-display":"","ast-hfb-mobile-header-display":"","site-post-title":"","ast-breadcrumbs-content":"","ast-featured-img":"","footer-sml-layout":"","theme-transparent-header-meta":"default","adv-header-id-meta":"","stick-header-meta":"","header-above-stick-meta":"","header-main-stick-meta":"","header-below-stick-meta":""},"product_brand":[],"product_cat":[15,33],"product_tag":[],"class_list":{"0":"post-3488","1":"product","2":"type-product","3":"status-publish","4":"has-post-thumbnail","6":"product_cat-sin-categorizar","7":"product_cat-aminoacidos","8":"desktop-align-left","9":"tablet-align-left","10":"mobile-align-left","12":"first","13":"instock","14":"shipping-taxable","15":"purchasable","16":"product-type-variable"},"ams_default_variation_id":0,"ams_product_points_reward":[],"ams_product_discount_percentage":0,"ams_price_to_display":630,"ams_acf":[],"uagb_featured_image_src":{"full":["https:\/\/www.musclenutrition.com.mx\/wp-content\/uploads\/2024\/07\/EVOGREENS.png",620,752,false],"thumbnail":["https:\/\/www.musclenutrition.com.mx\/wp-content\/uploads\/2024\/07\/EVOGREENS-150x150.png",150,150,true],"medium":["https:\/\/www.musclenutrition.com.mx\/wp-content\/uploads\/2024\/07\/EVOGREENS-247x300.png",247,300,true],"medium_large":["https:\/\/www.musclenutrition.com.mx\/wp-content\/uploads\/2024\/07\/EVOGREENS.png",620,752,false],"large":["https:\/\/www.musclenutrition.com.mx\/wp-content\/uploads\/2024\/07\/EVOGREENS.png",620,752,false],"1536x1536":["https:\/\/www.musclenutrition.com.mx\/wp-content\/uploads\/2024\/07\/EVOGREENS.png",620,752,false],"2048x2048":["https:\/\/www.musclenutrition.com.mx\/wp-content\/uploads\/2024\/07\/EVOGREENS.png",620,752,false],"woocommerce_thumbnail":["https:\/\/www.musclenutrition.com.mx\/wp-content\/uploads\/2024\/07\/EVOGREENS-300x300.png",300,300,true],"woocommerce_single":["https:\/\/www.musclenutrition.com.mx\/wp-content\/uploads\/2024\/07\/EVOGREENS-600x728.png",600,728,true],"woocommerce_gallery_thumbnail":["https:\/\/www.musclenutrition.com.mx\/wp-content\/uploads\/2024\/07\/EVOGREENS-100x100.png",100,100,true],"dgwt-wcas-product-suggestion":["https:\/\/www.musclenutrition.com.mx\/wp-content\/uploads\/2024\/07\/EVOGREENS-64x78.png",64,78,true]},"uagb_author_info":{"display_name":"ventas reynosa","author_link":"https:\/\/www.musclenutrition.com.mx\/index.php\/author\/"},"uagb_comment_info":0,"uagb_excerpt":"Evogreens de Evogen Nutrition fue dise\u00f1ado espec\u00edficamente para satisfacer las necesidades de los atletas que entrenan intensamente. El objetivo es proporcionar ingredientes estrat\u00e9gicamente seleccionados no solo para ayudar a desintoxicar y nutrir el cuerpo, sino tambi\u00e9n para acelerar la recuperaci\u00f3n y el bienestar general. Contiene: 6 porciones de frutas y verduras 2 mil millones de&hellip;","_links":{"self":[{"href":"https:\/\/www.musclenutrition.com.mx\/index.php\/wp-json\/wp\/v2\/product\/3488","targetHints":{"allow":["GET"]}}],"collection":[{"href":"https:\/\/www.musclenutrition.com.mx\/index.php\/wp-json\/wp\/v2\/product"}],"about":[{"href":"https:\/\/www.musclenutrition.com.mx\/index.php\/wp-json\/wp\/v2\/types\/product"}],"replies":[{"embeddable":true,"href":"https:\/\/www.musclenutrition.com.mx\/index.php\/wp-json\/wp\/v2\/comments?post=3488"}],"wp:featuredmedia":[{"embeddable":true,"href":"https:\/\/www.musclenutrition.com.mx\/index.php\/wp-json\/wp\/v2\/media\/3489"}],"wp:attachment":[{"href":"https:\/\/www.musclenutrition.com.mx\/index.php\/wp-json\/wp\/v2\/media?parent=3488"}],"wp:term":[{"taxonomy":"product_brand","embeddable":true,"href":"https:\/\/www.musclenutrition.com.mx\/index.php\/wp-json\/wp\/v2\/product_brand?post=3488"},{"taxonomy":"product_cat","embeddable":true,"href":"https:\/\/www.musclenutrition.com.mx\/index.php\/wp-json\/wp\/v2\/product_cat?post=3488"},{"taxonomy":"product_tag","embeddable":true,"href":"https:\/\/www.musclenutrition.com.mx\/index.php\/wp-json\/wp\/v2\/product_tag?post=3488"}],"curies":[{"name":"wp","href":"https:\/\/api.w.org\/{rel}","templated":true}]}}