{"id":3475,"date":"2024-07-11T18:49:51","date_gmt":"2024-07-12T00:49:51","guid":{"rendered":"https:\/\/www.musclenutrition.com.mx\/?post_type=product&#038;p=3475"},"modified":"2026-03-10T08:18:42","modified_gmt":"2026-03-10T14:18:42","slug":"evogen-evp-xtreme","status":"publish","type":"product","link":"https:\/\/www.musclenutrition.com.mx\/index.php\/producto\/evogen-evp-xtreme\/","title":{"rendered":"EVOGEN EVP XTREME"},"content":{"rendered":"<p><em><strong>EVOGEN EVP Xtreme<\/strong>\u00a0es tu aliado definitivo para entrenamientos extremos. Con 40 servicios por envase, este pre-entreno avanzado est\u00e1 formulado para proporcionarte la energ\u00eda, enfoque y resistencia que necesitas para superar tus l\u00edmites. Desarrollado por\u00a0<strong>Hany Rambod<\/strong>\u00a0y utilizado por los atletas de \u00e9lite, EVP Xtreme es la elecci\u00f3n de los campeones.<\/em><\/p>\n","protected":false},"excerpt":{"rendered":"<p>EVOGEN EVP Xtreme\u00a0es tu aliado definitivo para entrenamientos extremos. Con 40 servicios por envase, este pre-entreno avanzado est\u00e1 formulado para proporcionarte la energ\u00eda, enfoque y resistencia que necesitas para superar tus l\u00edmites. Desarrollado por\u00a0Hany Rambod\u00a0y utilizado por los atletas de \u00e9lite, EVP Xtreme es la elecci\u00f3n de los campeones.<\/p>\n","protected":false},"featured_media":3476,"comment_status":"open","ping_status":"closed","template":"","meta":{"_uag_custom_page_level_css":"","site-sidebar-layout":"default","site-content-layout":"default","ast-global-header-display":"","ast-banner-title-visibility":"","ast-main-header-display":"","ast-hfb-above-header-display":"","ast-hfb-below-header-display":"","ast-hfb-mobile-header-display":"","site-post-title":"","ast-breadcrumbs-content":"","ast-featured-img":"","footer-sml-layout":"","theme-transparent-header-meta":"default","adv-header-id-meta":"","stick-header-meta":"","header-above-stick-meta":"","header-main-stick-meta":"","header-below-stick-meta":""},"product_brand":[],"product_cat":[35],"product_tag":[],"class_list":{"0":"post-3475","1":"product","2":"type-product","3":"status-publish","4":"has-post-thumbnail","6":"product_cat-pre-entrenos","7":"desktop-align-left","8":"tablet-align-left","9":"mobile-align-left","11":"first","12":"instock","13":"shipping-taxable","14":"purchasable","15":"product-type-variable"},"ams_default_variation_id":0,"ams_product_points_reward":[],"ams_product_discount_percentage":0,"ams_price_to_display":720,"ams_acf":[],"uagb_featured_image_src":{"full":["https:\/\/www.musclenutrition.com.mx\/wp-content\/uploads\/2024\/07\/EVOGEN-PREENTRENO.png",847,888,false],"thumbnail":["https:\/\/www.musclenutrition.com.mx\/wp-content\/uploads\/2024\/07\/EVOGEN-PREENTRENO-150x150.png",150,150,true],"medium":["https:\/\/www.musclenutrition.com.mx\/wp-content\/uploads\/2024\/07\/EVOGEN-PREENTRENO-286x300.png",286,300,true],"medium_large":["https:\/\/www.musclenutrition.com.mx\/wp-content\/uploads\/2024\/07\/EVOGEN-PREENTRENO-768x805.png",768,805,true],"large":["https:\/\/www.musclenutrition.com.mx\/wp-content\/uploads\/2024\/07\/EVOGEN-PREENTRENO.png",847,888,false],"1536x1536":["https:\/\/www.musclenutrition.com.mx\/wp-content\/uploads\/2024\/07\/EVOGEN-PREENTRENO.png",847,888,false],"2048x2048":["https:\/\/www.musclenutrition.com.mx\/wp-content\/uploads\/2024\/07\/EVOGEN-PREENTRENO.png",847,888,false],"woocommerce_thumbnail":["https:\/\/www.musclenutrition.com.mx\/wp-content\/uploads\/2024\/07\/EVOGEN-PREENTRENO-300x300.png",300,300,true],"woocommerce_single":["https:\/\/www.musclenutrition.com.mx\/wp-content\/uploads\/2024\/07\/EVOGEN-PREENTRENO-600x629.png",600,629,true],"woocommerce_gallery_thumbnail":["https:\/\/www.musclenutrition.com.mx\/wp-content\/uploads\/2024\/07\/EVOGEN-PREENTRENO-100x100.png",100,100,true],"dgwt-wcas-product-suggestion":["https:\/\/www.musclenutrition.com.mx\/wp-content\/uploads\/2024\/07\/EVOGEN-PREENTRENO-64x67.png",64,67,true]},"uagb_author_info":{"display_name":"ventas reynosa","author_link":"https:\/\/www.musclenutrition.com.mx\/index.php\/author\/"},"uagb_comment_info":0,"uagb_excerpt":"EVOGEN EVP Xtreme\u00a0es tu aliado definitivo para entrenamientos extremos. Con 40 servicios por envase, este pre-entreno avanzado est\u00e1 formulado para proporcionarte la energ\u00eda, enfoque y resistencia que necesitas para superar tus l\u00edmites. Desarrollado por\u00a0Hany Rambod\u00a0y utilizado por los atletas de \u00e9lite, EVP Xtreme es la elecci\u00f3n de los campeones.","_links":{"self":[{"href":"https:\/\/www.musclenutrition.com.mx\/index.php\/wp-json\/wp\/v2\/product\/3475","targetHints":{"allow":["GET"]}}],"collection":[{"href":"https:\/\/www.musclenutrition.com.mx\/index.php\/wp-json\/wp\/v2\/product"}],"about":[{"href":"https:\/\/www.musclenutrition.com.mx\/index.php\/wp-json\/wp\/v2\/types\/product"}],"replies":[{"embeddable":true,"href":"https:\/\/www.musclenutrition.com.mx\/index.php\/wp-json\/wp\/v2\/comments?post=3475"}],"wp:featuredmedia":[{"embeddable":true,"href":"https:\/\/www.musclenutrition.com.mx\/index.php\/wp-json\/wp\/v2\/media\/3476"}],"wp:attachment":[{"href":"https:\/\/www.musclenutrition.com.mx\/index.php\/wp-json\/wp\/v2\/media?parent=3475"}],"wp:term":[{"taxonomy":"product_brand","embeddable":true,"href":"https:\/\/www.musclenutrition.com.mx\/index.php\/wp-json\/wp\/v2\/product_brand?post=3475"},{"taxonomy":"product_cat","embeddable":true,"href":"https:\/\/www.musclenutrition.com.mx\/index.php\/wp-json\/wp\/v2\/product_cat?post=3475"},{"taxonomy":"product_tag","embeddable":true,"href":"https:\/\/www.musclenutrition.com.mx\/index.php\/wp-json\/wp\/v2\/product_tag?post=3475"}],"curies":[{"name":"wp","href":"https:\/\/api.w.org\/{rel}","templated":true}]}}