{"id":3330,"date":"2024-05-31T10:34:36","date_gmt":"2024-05-31T16:34:36","guid":{"rendered":"https:\/\/www.musclenutrition.com.mx\/?post_type=product&#038;p=3330"},"modified":"2026-04-14T09:00:39","modified_gmt":"2026-04-14T15:00:39","slug":"gat-creatina-1kg-200-servicios","status":"publish","type":"product","link":"https:\/\/www.musclenutrition.com.mx\/index.php\/producto\/gat-creatina-1kg-200-servicios\/","title":{"rendered":"GAT CREATINA 1KG (200 SERVICIOS)"},"content":{"rendered":"<h5>GAT CREATINE (200 SERVICIOS)<\/h5>\n<h5><\/h5>\n<h5>Fuerza Muscular, Resistencia y Tama\u00f1o<\/h5>\n<p>El Monohidrato de Creatina de GAT esta probado en HPLC para confirmar el 99.99% de su Pureza.<\/p>\n<p>El Monohidrato de Creatina es la forma de Creatina m\u00e1s estudiada cient\u00edficamente disponible. La Creatina es un metabolito natural que se encuentra en el tejido muscular. Ayuda a resintetizar r\u00e1pidamente el ATP, la \u00faltima forma de energ\u00eda utilizada por las c\u00e9lulas musculares para generar fuerza (contracci\u00f3n muscular).<\/p>\n<p>&nbsp;<\/p>\n<p>Se ha demostrado cl\u00ednicamente que la Creatina mejora la fuerza muscular, la resistencia y el rendimiento. GAT Creatine est\u00e1 micronizado para ayudar a maximizar la absorci\u00f3n y su utilizaci\u00f3n.<\/p>\n","protected":false},"excerpt":{"rendered":"<p>GAT CREATINE (200 SERVICIOS) Fuerza Muscular, Resistencia y Tama\u00f1o El Monohidrato de Creatina de GAT esta probado en HPLC para confirmar el 99.99% de su Pureza. El Monohidrato de Creatina es la forma de Creatina m\u00e1s estudiada cient\u00edficamente disponible. La Creatina es un metabolito natural que se encuentra en el tejido muscular. Ayuda a resintetizar &hellip;<\/p>\n<p class=\"read-more\"> <a class=\"\" href=\"https:\/\/www.musclenutrition.com.mx\/index.php\/producto\/gat-creatina-1kg-200-servicios\/\"> <span class=\"screen-reader-text\">GAT CREATINA 1KG (200 SERVICIOS)<\/span> Leer m\u00e1s &raquo;<\/a><\/p>\n","protected":false},"featured_media":3331,"comment_status":"open","ping_status":"closed","template":"","meta":{"_uag_custom_page_level_css":"","site-sidebar-layout":"default","site-content-layout":"default","ast-global-header-display":"","ast-banner-title-visibility":"","ast-main-header-display":"","ast-hfb-above-header-display":"","ast-hfb-below-header-display":"","ast-hfb-mobile-header-display":"","site-post-title":"","ast-breadcrumbs-content":"","ast-featured-img":"","footer-sml-layout":"","theme-transparent-header-meta":"default","adv-header-id-meta":"","stick-header-meta":"","header-above-stick-meta":"","header-main-stick-meta":"","header-below-stick-meta":""},"product_brand":[],"product_cat":[51,31],"product_tag":[],"class_list":{"0":"post-3330","1":"product","2":"type-product","3":"status-publish","4":"has-post-thumbnail","6":"product_cat-ofertas","7":"product_cat-creatinas","8":"desktop-align-left","9":"tablet-align-left","10":"mobile-align-left","12":"first","13":"instock","14":"sale","15":"shipping-taxable","16":"purchasable","17":"product-type-simple"},"ams_default_variation_id":0,"ams_product_points_reward":[],"ams_product_discount_percentage":7.69,"ams_price_to_display":720,"ams_acf":[],"uagb_featured_image_src":{"full":["https:\/\/www.musclenutrition.com.mx\/wp-content\/uploads\/2024\/05\/gat-creatina-1kg.webp",1024,1024,false],"thumbnail":["https:\/\/www.musclenutrition.com.mx\/wp-content\/uploads\/2024\/05\/gat-creatina-1kg-150x150.webp",150,150,true],"medium":["https:\/\/www.musclenutrition.com.mx\/wp-content\/uploads\/2024\/05\/gat-creatina-1kg-300x300.webp",300,300,true],"medium_large":["https:\/\/www.musclenutrition.com.mx\/wp-content\/uploads\/2024\/05\/gat-creatina-1kg-768x768.webp",768,768,true],"large":["https:\/\/www.musclenutrition.com.mx\/wp-content\/uploads\/2024\/05\/gat-creatina-1kg.webp",1024,1024,false],"1536x1536":["https:\/\/www.musclenutrition.com.mx\/wp-content\/uploads\/2024\/05\/gat-creatina-1kg.webp",1024,1024,false],"2048x2048":["https:\/\/www.musclenutrition.com.mx\/wp-content\/uploads\/2024\/05\/gat-creatina-1kg.webp",1024,1024,false],"woocommerce_thumbnail":["https:\/\/www.musclenutrition.com.mx\/wp-content\/uploads\/2024\/05\/gat-creatina-1kg-300x300.webp",300,300,true],"woocommerce_single":["https:\/\/www.musclenutrition.com.mx\/wp-content\/uploads\/2024\/05\/gat-creatina-1kg-600x600.webp",600,600,true],"woocommerce_gallery_thumbnail":["https:\/\/www.musclenutrition.com.mx\/wp-content\/uploads\/2024\/05\/gat-creatina-1kg-100x100.webp",100,100,true],"dgwt-wcas-product-suggestion":["https:\/\/www.musclenutrition.com.mx\/wp-content\/uploads\/2024\/05\/gat-creatina-1kg-64x64.webp",64,64,true]},"uagb_author_info":{"display_name":"ventas reynosa","author_link":"https:\/\/www.musclenutrition.com.mx\/index.php\/author\/"},"uagb_comment_info":0,"uagb_excerpt":"GAT CREATINE (200 SERVICIOS) Fuerza Muscular, Resistencia y Tama\u00f1o El Monohidrato de Creatina de GAT esta probado en HPLC para confirmar el 99.99% de su Pureza. El Monohidrato de Creatina es la forma de Creatina m\u00e1s estudiada cient\u00edficamente disponible. La Creatina es un metabolito natural que se encuentra en el tejido muscular. Ayuda a resintetizar&hellip;","_links":{"self":[{"href":"https:\/\/www.musclenutrition.com.mx\/index.php\/wp-json\/wp\/v2\/product\/3330","targetHints":{"allow":["GET"]}}],"collection":[{"href":"https:\/\/www.musclenutrition.com.mx\/index.php\/wp-json\/wp\/v2\/product"}],"about":[{"href":"https:\/\/www.musclenutrition.com.mx\/index.php\/wp-json\/wp\/v2\/types\/product"}],"replies":[{"embeddable":true,"href":"https:\/\/www.musclenutrition.com.mx\/index.php\/wp-json\/wp\/v2\/comments?post=3330"}],"wp:featuredmedia":[{"embeddable":true,"href":"https:\/\/www.musclenutrition.com.mx\/index.php\/wp-json\/wp\/v2\/media\/3331"}],"wp:attachment":[{"href":"https:\/\/www.musclenutrition.com.mx\/index.php\/wp-json\/wp\/v2\/media?parent=3330"}],"wp:term":[{"taxonomy":"product_brand","embeddable":true,"href":"https:\/\/www.musclenutrition.com.mx\/index.php\/wp-json\/wp\/v2\/product_brand?post=3330"},{"taxonomy":"product_cat","embeddable":true,"href":"https:\/\/www.musclenutrition.com.mx\/index.php\/wp-json\/wp\/v2\/product_cat?post=3330"},{"taxonomy":"product_tag","embeddable":true,"href":"https:\/\/www.musclenutrition.com.mx\/index.php\/wp-json\/wp\/v2\/product_tag?post=3330"}],"curies":[{"name":"wp","href":"https:\/\/api.w.org\/{rel}","templated":true}]}}