{"id":2742,"date":"2024-02-14T17:44:09","date_gmt":"2024-02-14T23:44:09","guid":{"rendered":"https:\/\/musclenutrition.com.mx\/?post_type=product&#038;p=2742"},"modified":"2026-03-27T17:44:22","modified_gmt":"2026-03-27T23:44:22","slug":"venom-inferno","status":"publish","type":"product","link":"https:\/\/www.musclenutrition.com.mx\/index.php\/producto\/venom-inferno\/","title":{"rendered":"VENOM INFERNO"},"content":{"rendered":"<p><strong>Venom Inferno<\/strong>\u00a0de\u00a0<strong>Dragon Pharma<\/strong>\u00a0representa la evoluci\u00f3n definitiva en suplementos pre-entrenamiento con efectos termog\u00e9nicos, meticulosamente formulado para atletas que buscan una experiencia de entrenamiento transformadora. Esta poderosa f\u00f3rmula combina ingredientes de \u00faltima generaci\u00f3n para desencadenar explosiones de energ\u00eda, enfoque mental extraordinario y potentes bombeos musculares, todo mientras promueve un efecto t\u00e9rmico adicional.<\/p>\n","protected":false},"excerpt":{"rendered":"<p>Venom Inferno\u00a0de\u00a0Dragon Pharma\u00a0representa la evoluci\u00f3n definitiva en suplementos pre-entrenamiento con efectos termog\u00e9nicos, meticulosamente formulado para atletas que buscan una experiencia de entrenamiento transformadora. Esta poderosa f\u00f3rmula combina ingredientes de \u00faltima generaci\u00f3n para desencadenar explosiones de energ\u00eda, enfoque mental extraordinario y potentes bombeos musculares, todo mientras promueve un efecto t\u00e9rmico adicional.<\/p>\n","protected":false},"featured_media":2743,"comment_status":"open","ping_status":"closed","template":"","meta":{"_uag_custom_page_level_css":"","site-sidebar-layout":"default","site-content-layout":"default","ast-global-header-display":"","ast-banner-title-visibility":"","ast-main-header-display":"","ast-hfb-above-header-display":"","ast-hfb-below-header-display":"","ast-hfb-mobile-header-display":"","site-post-title":"","ast-breadcrumbs-content":"","ast-featured-img":"","footer-sml-layout":"","theme-transparent-header-meta":"default","adv-header-id-meta":"","stick-header-meta":"","header-above-stick-meta":"","header-main-stick-meta":"","header-below-stick-meta":""},"product_brand":[],"product_cat":[35],"product_tag":[],"class_list":{"0":"post-2742","1":"product","2":"type-product","3":"status-publish","4":"has-post-thumbnail","6":"product_cat-pre-entrenos","7":"desktop-align-left","8":"tablet-align-left","9":"mobile-align-left","11":"first","12":"instock","13":"shipping-taxable","14":"purchasable","15":"product-type-variable"},"ams_default_variation_id":0,"ams_product_points_reward":[],"ams_product_discount_percentage":0,"ams_price_to_display":540,"ams_acf":[],"uagb_featured_image_src":{"full":["https:\/\/www.musclenutrition.com.mx\/wp-content\/uploads\/2024\/02\/venom-inferno.png",586,587,false],"thumbnail":["https:\/\/www.musclenutrition.com.mx\/wp-content\/uploads\/2024\/02\/venom-inferno-150x150.png",150,150,true],"medium":["https:\/\/www.musclenutrition.com.mx\/wp-content\/uploads\/2024\/02\/venom-inferno-300x300.png",300,300,true],"medium_large":["https:\/\/www.musclenutrition.com.mx\/wp-content\/uploads\/2024\/02\/venom-inferno.png",586,587,false],"large":["https:\/\/www.musclenutrition.com.mx\/wp-content\/uploads\/2024\/02\/venom-inferno.png",586,587,false],"1536x1536":["https:\/\/www.musclenutrition.com.mx\/wp-content\/uploads\/2024\/02\/venom-inferno.png",586,587,false],"2048x2048":["https:\/\/www.musclenutrition.com.mx\/wp-content\/uploads\/2024\/02\/venom-inferno.png",586,587,false],"woocommerce_thumbnail":["https:\/\/www.musclenutrition.com.mx\/wp-content\/uploads\/2024\/02\/venom-inferno-300x300.png",300,300,true],"woocommerce_single":["https:\/\/www.musclenutrition.com.mx\/wp-content\/uploads\/2024\/02\/venom-inferno.png",586,587,false],"woocommerce_gallery_thumbnail":["https:\/\/www.musclenutrition.com.mx\/wp-content\/uploads\/2024\/02\/venom-inferno-100x100.png",100,100,true],"dgwt-wcas-product-suggestion":["https:\/\/www.musclenutrition.com.mx\/wp-content\/uploads\/2024\/02\/venom-inferno-64x64.png",64,64,true]},"uagb_author_info":{"display_name":"ventas reynosa","author_link":"https:\/\/www.musclenutrition.com.mx\/index.php\/author\/"},"uagb_comment_info":0,"uagb_excerpt":"Venom Inferno\u00a0de\u00a0Dragon Pharma\u00a0representa la evoluci\u00f3n definitiva en suplementos pre-entrenamiento con efectos termog\u00e9nicos, meticulosamente formulado para atletas que buscan una experiencia de entrenamiento transformadora. Esta poderosa f\u00f3rmula combina ingredientes de \u00faltima generaci\u00f3n para desencadenar explosiones de energ\u00eda, enfoque mental extraordinario y potentes bombeos musculares, todo mientras promueve un efecto t\u00e9rmico adicional.","_links":{"self":[{"href":"https:\/\/www.musclenutrition.com.mx\/index.php\/wp-json\/wp\/v2\/product\/2742","targetHints":{"allow":["GET"]}}],"collection":[{"href":"https:\/\/www.musclenutrition.com.mx\/index.php\/wp-json\/wp\/v2\/product"}],"about":[{"href":"https:\/\/www.musclenutrition.com.mx\/index.php\/wp-json\/wp\/v2\/types\/product"}],"replies":[{"embeddable":true,"href":"https:\/\/www.musclenutrition.com.mx\/index.php\/wp-json\/wp\/v2\/comments?post=2742"}],"wp:featuredmedia":[{"embeddable":true,"href":"https:\/\/www.musclenutrition.com.mx\/index.php\/wp-json\/wp\/v2\/media\/2743"}],"wp:attachment":[{"href":"https:\/\/www.musclenutrition.com.mx\/index.php\/wp-json\/wp\/v2\/media?parent=2742"}],"wp:term":[{"taxonomy":"product_brand","embeddable":true,"href":"https:\/\/www.musclenutrition.com.mx\/index.php\/wp-json\/wp\/v2\/product_brand?post=2742"},{"taxonomy":"product_cat","embeddable":true,"href":"https:\/\/www.musclenutrition.com.mx\/index.php\/wp-json\/wp\/v2\/product_cat?post=2742"},{"taxonomy":"product_tag","embeddable":true,"href":"https:\/\/www.musclenutrition.com.mx\/index.php\/wp-json\/wp\/v2\/product_tag?post=2742"}],"curies":[{"name":"wp","href":"https:\/\/api.w.org\/{rel}","templated":true}]}}