{"id":2596,"date":"2024-01-16T16:31:16","date_gmt":"2024-01-16T22:31:16","guid":{"rendered":"https:\/\/musclenutrition.com.mx\/?post_type=product&#038;p=2596"},"modified":"2026-03-17T13:26:44","modified_gmt":"2026-03-17T19:26:44","slug":"embudo-porta-proteina","status":"publish","type":"product","link":"https:\/\/www.musclenutrition.com.mx\/index.php\/producto\/embudo-porta-proteina\/","title":{"rendered":"EMBUDO PORTA PROTEINA"},"content":{"rendered":"<p>Llavero para guardar prote\u00edna en polvo o pastillas, ideal para transportar tus suplementos para antes y despu\u00e9s de entrenar<\/p>\n<p>Capacidad: 200 ml<br \/>\nPara llevar: este llavero port\u00e1til de suplementos est\u00e1 contigo donde quiera que vayas, ya sea en el gimnasio, senderismo, mochileros, ciclismo o donde sea que tu estilo de vida activo te lleve.<br \/>\nPr\u00e1ctico: viene equipado con un llavero de mosquet\u00f3n de f\u00e1cil clip para una fijaci\u00f3n r\u00e1pida a bolsas de deporte, llaves, ropa y mucho m\u00e1s.<br \/>\nFuncional y f\u00e1cil de usar: la tapa de rosca dual patentada y el embudo permiten un vertido f\u00e1cil y sin desorden en cualquier botella de agua o agitador para mezclar tus suplementos, prote\u00edna en polvo o preentrenamiento de elecci\u00f3n.<\/p>\n","protected":false},"excerpt":{"rendered":"<p>Llavero para guardar prote\u00edna en polvo o pastillas, ideal para transportar tus suplementos para antes y despu\u00e9s de entrenar Capacidad: 200 ml Para llevar: este llavero port\u00e1til de suplementos est\u00e1 contigo donde quiera que vayas, ya sea en el gimnasio, senderismo, mochileros, ciclismo o donde sea que tu estilo de vida activo te lleve. Pr\u00e1ctico: &hellip;<\/p>\n<p class=\"read-more\"> <a class=\"\" href=\"https:\/\/www.musclenutrition.com.mx\/index.php\/producto\/embudo-porta-proteina\/\"> <span class=\"screen-reader-text\">EMBUDO PORTA PROTEINA<\/span> Leer m\u00e1s &raquo;<\/a><\/p>\n","protected":false},"featured_media":2599,"comment_status":"open","ping_status":"closed","template":"","meta":{"_uag_custom_page_level_css":"","site-sidebar-layout":"default","site-content-layout":"default","ast-global-header-display":"","ast-banner-title-visibility":"","ast-main-header-display":"","ast-hfb-above-header-display":"","ast-hfb-below-header-display":"","ast-hfb-mobile-header-display":"","site-post-title":"","ast-breadcrumbs-content":"","ast-featured-img":"","footer-sml-layout":"","theme-transparent-header-meta":"default","adv-header-id-meta":"","stick-header-meta":"","header-above-stick-meta":"","header-main-stick-meta":"","header-below-stick-meta":""},"product_brand":[],"product_cat":[40],"product_tag":[],"class_list":{"0":"post-2596","1":"product","2":"type-product","3":"status-publish","4":"has-post-thumbnail","6":"product_cat-accesorios","7":"desktop-align-left","8":"tablet-align-left","9":"mobile-align-left","11":"first","12":"instock","13":"shipping-taxable","14":"purchasable","15":"product-type-variable"},"ams_default_variation_id":0,"ams_product_points_reward":[],"ams_product_discount_percentage":0,"ams_price_to_display":100,"ams_acf":[],"uagb_featured_image_src":{"full":["https:\/\/www.musclenutrition.com.mx\/wp-content\/uploads\/2024\/01\/WhatsApp-Image-2024-01-16-at-1.54.26-PM-1.jpeg",960,960,false],"thumbnail":["https:\/\/www.musclenutrition.com.mx\/wp-content\/uploads\/2024\/01\/WhatsApp-Image-2024-01-16-at-1.54.26-PM-1-150x150.jpeg",150,150,true],"medium":["https:\/\/www.musclenutrition.com.mx\/wp-content\/uploads\/2024\/01\/WhatsApp-Image-2024-01-16-at-1.54.26-PM-1-300x300.jpeg",300,300,true],"medium_large":["https:\/\/www.musclenutrition.com.mx\/wp-content\/uploads\/2024\/01\/WhatsApp-Image-2024-01-16-at-1.54.26-PM-1-768x768.jpeg",768,768,true],"large":["https:\/\/www.musclenutrition.com.mx\/wp-content\/uploads\/2024\/01\/WhatsApp-Image-2024-01-16-at-1.54.26-PM-1.jpeg",960,960,false],"1536x1536":["https:\/\/www.musclenutrition.com.mx\/wp-content\/uploads\/2024\/01\/WhatsApp-Image-2024-01-16-at-1.54.26-PM-1.jpeg",960,960,false],"2048x2048":["https:\/\/www.musclenutrition.com.mx\/wp-content\/uploads\/2024\/01\/WhatsApp-Image-2024-01-16-at-1.54.26-PM-1.jpeg",960,960,false],"woocommerce_thumbnail":["https:\/\/www.musclenutrition.com.mx\/wp-content\/uploads\/2024\/01\/WhatsApp-Image-2024-01-16-at-1.54.26-PM-1-300x300.jpeg",300,300,true],"woocommerce_single":["https:\/\/www.musclenutrition.com.mx\/wp-content\/uploads\/2024\/01\/WhatsApp-Image-2024-01-16-at-1.54.26-PM-1-600x600.jpeg",600,600,true],"woocommerce_gallery_thumbnail":["https:\/\/www.musclenutrition.com.mx\/wp-content\/uploads\/2024\/01\/WhatsApp-Image-2024-01-16-at-1.54.26-PM-1-100x100.jpeg",100,100,true],"dgwt-wcas-product-suggestion":["https:\/\/www.musclenutrition.com.mx\/wp-content\/uploads\/2024\/01\/WhatsApp-Image-2024-01-16-at-1.54.26-PM-1-64x64.jpeg",64,64,true]},"uagb_author_info":{"display_name":"ventas reynosa","author_link":"https:\/\/www.musclenutrition.com.mx\/index.php\/author\/"},"uagb_comment_info":0,"uagb_excerpt":"Llavero para guardar prote\u00edna en polvo o pastillas, ideal para transportar tus suplementos para antes y despu\u00e9s de entrenar Capacidad: 200 ml Para llevar: este llavero port\u00e1til de suplementos est\u00e1 contigo donde quiera que vayas, ya sea en el gimnasio, senderismo, mochileros, ciclismo o donde sea que tu estilo de vida activo te lleve. Pr\u00e1ctico:&hellip;","_links":{"self":[{"href":"https:\/\/www.musclenutrition.com.mx\/index.php\/wp-json\/wp\/v2\/product\/2596","targetHints":{"allow":["GET"]}}],"collection":[{"href":"https:\/\/www.musclenutrition.com.mx\/index.php\/wp-json\/wp\/v2\/product"}],"about":[{"href":"https:\/\/www.musclenutrition.com.mx\/index.php\/wp-json\/wp\/v2\/types\/product"}],"replies":[{"embeddable":true,"href":"https:\/\/www.musclenutrition.com.mx\/index.php\/wp-json\/wp\/v2\/comments?post=2596"}],"wp:featuredmedia":[{"embeddable":true,"href":"https:\/\/www.musclenutrition.com.mx\/index.php\/wp-json\/wp\/v2\/media\/2599"}],"wp:attachment":[{"href":"https:\/\/www.musclenutrition.com.mx\/index.php\/wp-json\/wp\/v2\/media?parent=2596"}],"wp:term":[{"taxonomy":"product_brand","embeddable":true,"href":"https:\/\/www.musclenutrition.com.mx\/index.php\/wp-json\/wp\/v2\/product_brand?post=2596"},{"taxonomy":"product_cat","embeddable":true,"href":"https:\/\/www.musclenutrition.com.mx\/index.php\/wp-json\/wp\/v2\/product_cat?post=2596"},{"taxonomy":"product_tag","embeddable":true,"href":"https:\/\/www.musclenutrition.com.mx\/index.php\/wp-json\/wp\/v2\/product_tag?post=2596"}],"curies":[{"name":"wp","href":"https:\/\/api.w.org\/{rel}","templated":true}]}}