{"id":2430,"date":"2023-12-05T16:51:02","date_gmt":"2023-12-05T22:51:02","guid":{"rendered":"https:\/\/musclenutrition.com.mx\/?post_type=product&#038;p=2430"},"modified":"2026-04-14T09:00:39","modified_gmt":"2026-04-14T15:00:39","slug":"mesofrance-gluteo-peptonas-90-caps","status":"publish","type":"product","link":"https:\/\/www.musclenutrition.com.mx\/index.php\/producto\/mesofrance-gluteo-peptonas-90-caps\/","title":{"rendered":"MESOFRANCE GL\u00daTEO PEPTONAS (90 CAPS)"},"content":{"rendered":"<p>Ingredientes: Peptonas de col\u00e1geno, Hialuronato de sodio, \u00c1cido asc\u00f3rbico (vitamina C), Tocoferol (Vitamina E), L-leucina, Extracto de Fenogreco (Trigonella foenum-graecum) y Extracto de hinojo (Foeniculum vulgare). Otros Ingredientes: Gelatina, Celulosa y Estearato de Magnesio.<\/p>\n<p>Beneficios:<br \/>\n\u2022 Aumento de masa muscular.<br \/>\n\u2022 Levanta Gl\u00fateos.<br \/>\n\u2022 Tonifica.<br \/>\n\u2022 Fortalece y reafirma.<br \/>\n\u2022 Aumenta la producci\u00f3n de col\u00e1geno.<br \/>\nV\u00eda de administraci\u00f3n: Oral.<br \/>\nDosis recomendada: 2 capsulas por d\u00eda.<br \/>\nContenido por envase: 90 c\u00e1psulas<\/p>\n","protected":false},"excerpt":{"rendered":"<p>Ingredientes: Peptonas de col\u00e1geno, Hialuronato de sodio, \u00c1cido asc\u00f3rbico (vitamina C), Tocoferol (Vitamina E), L-leucina, Extracto de Fenogreco (Trigonella foenum-graecum) y Extracto de hinojo (Foeniculum vulgare). Otros Ingredientes: Gelatina, Celulosa y Estearato de Magnesio. Beneficios: \u2022 Aumento de masa muscular. \u2022 Levanta Gl\u00fateos. \u2022 Tonifica. \u2022 Fortalece y reafirma. \u2022 Aumenta la producci\u00f3n de col\u00e1geno. &hellip;<\/p>\n<p class=\"read-more\"> <a class=\"\" href=\"https:\/\/www.musclenutrition.com.mx\/index.php\/producto\/mesofrance-gluteo-peptonas-90-caps\/\"> <span class=\"screen-reader-text\">MESOFRANCE GL\u00daTEO PEPTONAS (90 CAPS)<\/span> Leer m\u00e1s &raquo;<\/a><\/p>\n","protected":false},"featured_media":2431,"comment_status":"open","ping_status":"closed","template":"","meta":{"_uag_custom_page_level_css":"","site-sidebar-layout":"default","site-content-layout":"default","ast-global-header-display":"","ast-banner-title-visibility":"","ast-main-header-display":"","ast-hfb-above-header-display":"","ast-hfb-below-header-display":"","ast-hfb-mobile-header-display":"","site-post-title":"","ast-breadcrumbs-content":"","ast-featured-img":"","footer-sml-layout":"","theme-transparent-header-meta":"default","adv-header-id-meta":"","stick-header-meta":"","header-above-stick-meta":"","header-main-stick-meta":"","header-below-stick-meta":""},"product_brand":[],"product_cat":[33],"product_tag":[],"class_list":{"0":"post-2430","1":"product","2":"type-product","3":"status-publish","4":"has-post-thumbnail","6":"product_cat-aminoacidos","7":"desktop-align-left","8":"tablet-align-left","9":"mobile-align-left","11":"first","12":"instock","13":"shipping-taxable","14":"purchasable","15":"product-type-simple"},"ams_default_variation_id":0,"ams_product_points_reward":[],"ams_product_discount_percentage":0,"ams_price_to_display":520,"ams_acf":[],"uagb_featured_image_src":{"full":["https:\/\/www.musclenutrition.com.mx\/wp-content\/uploads\/2023\/12\/peptonas.png",351,317,false],"thumbnail":["https:\/\/www.musclenutrition.com.mx\/wp-content\/uploads\/2023\/12\/peptonas-150x150.png",150,150,true],"medium":["https:\/\/www.musclenutrition.com.mx\/wp-content\/uploads\/2023\/12\/peptonas-300x271.png",300,271,true],"medium_large":["https:\/\/www.musclenutrition.com.mx\/wp-content\/uploads\/2023\/12\/peptonas.png",351,317,false],"large":["https:\/\/www.musclenutrition.com.mx\/wp-content\/uploads\/2023\/12\/peptonas.png",351,317,false],"1536x1536":["https:\/\/www.musclenutrition.com.mx\/wp-content\/uploads\/2023\/12\/peptonas.png",351,317,false],"2048x2048":["https:\/\/www.musclenutrition.com.mx\/wp-content\/uploads\/2023\/12\/peptonas.png",351,317,false],"woocommerce_thumbnail":["https:\/\/www.musclenutrition.com.mx\/wp-content\/uploads\/2023\/12\/peptonas-300x300.png",300,300,true],"woocommerce_single":["https:\/\/www.musclenutrition.com.mx\/wp-content\/uploads\/2023\/12\/peptonas.png",351,317,false],"woocommerce_gallery_thumbnail":["https:\/\/www.musclenutrition.com.mx\/wp-content\/uploads\/2023\/12\/peptonas-100x100.png",100,100,true],"dgwt-wcas-product-suggestion":["https:\/\/www.musclenutrition.com.mx\/wp-content\/uploads\/2023\/12\/peptonas-64x58.png",64,58,true]},"uagb_author_info":{"display_name":"ventas reynosa","author_link":"https:\/\/www.musclenutrition.com.mx\/index.php\/author\/"},"uagb_comment_info":0,"uagb_excerpt":"Ingredientes: Peptonas de col\u00e1geno, Hialuronato de sodio, \u00c1cido asc\u00f3rbico (vitamina C), Tocoferol (Vitamina E), L-leucina, Extracto de Fenogreco (Trigonella foenum-graecum) y Extracto de hinojo (Foeniculum vulgare). Otros Ingredientes: Gelatina, Celulosa y Estearato de Magnesio. Beneficios: \u2022 Aumento de masa muscular. \u2022 Levanta Gl\u00fateos. \u2022 Tonifica. \u2022 Fortalece y reafirma. \u2022 Aumenta la producci\u00f3n de col\u00e1geno.&hellip;","_links":{"self":[{"href":"https:\/\/www.musclenutrition.com.mx\/index.php\/wp-json\/wp\/v2\/product\/2430","targetHints":{"allow":["GET"]}}],"collection":[{"href":"https:\/\/www.musclenutrition.com.mx\/index.php\/wp-json\/wp\/v2\/product"}],"about":[{"href":"https:\/\/www.musclenutrition.com.mx\/index.php\/wp-json\/wp\/v2\/types\/product"}],"replies":[{"embeddable":true,"href":"https:\/\/www.musclenutrition.com.mx\/index.php\/wp-json\/wp\/v2\/comments?post=2430"}],"wp:featuredmedia":[{"embeddable":true,"href":"https:\/\/www.musclenutrition.com.mx\/index.php\/wp-json\/wp\/v2\/media\/2431"}],"wp:attachment":[{"href":"https:\/\/www.musclenutrition.com.mx\/index.php\/wp-json\/wp\/v2\/media?parent=2430"}],"wp:term":[{"taxonomy":"product_brand","embeddable":true,"href":"https:\/\/www.musclenutrition.com.mx\/index.php\/wp-json\/wp\/v2\/product_brand?post=2430"},{"taxonomy":"product_cat","embeddable":true,"href":"https:\/\/www.musclenutrition.com.mx\/index.php\/wp-json\/wp\/v2\/product_cat?post=2430"},{"taxonomy":"product_tag","embeddable":true,"href":"https:\/\/www.musclenutrition.com.mx\/index.php\/wp-json\/wp\/v2\/product_tag?post=2430"}],"curies":[{"name":"wp","href":"https:\/\/api.w.org\/{rel}","templated":true}]}}