{"id":2241,"date":"2023-11-29T04:03:21","date_gmt":"2023-11-29T04:03:21","guid":{"rendered":"https:\/\/musclenutrition.com.mx\/?post_type=product&#038;p=2241"},"modified":"2025-01-08T15:46:24","modified_gmt":"2025-01-08T21:46:24","slug":"mutant-bcaa-200-caps-2","status":"publish","type":"product","link":"https:\/\/www.musclenutrition.com.mx\/index.php\/producto\/mutant-bcaa-200-caps-2\/","title":{"rendered":"MUTANT BCAA (200 CAPS)"},"content":{"rendered":"<p>Mutant BCAA se trata de los amino\u00e1cidos ramificados (BCAAs) en c\u00f3modo formato de c\u00e1psulas, f\u00e1ciles de tragar y de r\u00e1pida absorci\u00f3n. El ratio elegido es el 2:1:1, dado que es la proporci\u00f3n que se encuentra en el tejido muscular animal, y adem\u00e1s se ha fortificado la f\u00f3rmula con electrolitos, incluyendo el magnesio, que contribuye con la s\u00edntesis de prote\u00ednas, y la f\u00f3rmula de absorci\u00f3n BioPerine.<\/p>\n","protected":false},"excerpt":{"rendered":"<p>Mutant BCAA se trata de los amino\u00e1cidos ramificados (BCAAs) en c\u00f3modo formato de c\u00e1psulas, f\u00e1ciles de tragar y de r\u00e1pida absorci\u00f3n. El ratio elegido es el 2:1:1, dado que es la proporci\u00f3n que se encuentra en el tejido muscular animal, y adem\u00e1s se ha fortificado la f\u00f3rmula con electrolitos, incluyendo el magnesio, que contribuye con &hellip;<\/p>\n<p class=\"read-more\"> <a class=\"\" href=\"https:\/\/www.musclenutrition.com.mx\/index.php\/producto\/mutant-bcaa-200-caps-2\/\"> <span class=\"screen-reader-text\">MUTANT BCAA (200 CAPS)<\/span> Leer m\u00e1s &raquo;<\/a><\/p>\n","protected":false},"featured_media":2242,"comment_status":"open","ping_status":"closed","template":"","meta":{"_uag_custom_page_level_css":"","site-sidebar-layout":"default","site-content-layout":"default","ast-global-header-display":"","ast-banner-title-visibility":"","ast-main-header-display":"","ast-hfb-above-header-display":"","ast-hfb-below-header-display":"","ast-hfb-mobile-header-display":"","site-post-title":"","ast-breadcrumbs-content":"","ast-featured-img":"","footer-sml-layout":"","theme-transparent-header-meta":"default","adv-header-id-meta":"","stick-header-meta":"","header-above-stick-meta":"","header-main-stick-meta":"","header-below-stick-meta":""},"product_brand":[],"product_cat":[15],"product_tag":[],"class_list":{"0":"post-2241","1":"product","2":"type-product","3":"status-publish","4":"has-post-thumbnail","6":"product_cat-sin-categorizar","7":"desktop-align-left","8":"tablet-align-left","9":"mobile-align-left","11":"first","12":"outofstock","13":"shipping-taxable","14":"purchasable","15":"product-type-simple"},"ams_default_variation_id":0,"ams_product_points_reward":[],"ams_product_discount_percentage":0,"ams_price_to_display":350,"ams_acf":[],"uagb_featured_image_src":{"full":["https:\/\/www.musclenutrition.com.mx\/wp-content\/uploads\/2023\/11\/Mutant-BCAA-Caps-200-Capsules.jpeg",500,500,false],"thumbnail":["https:\/\/www.musclenutrition.com.mx\/wp-content\/uploads\/2023\/11\/Mutant-BCAA-Caps-200-Capsules-150x150.jpeg",150,150,true],"medium":["https:\/\/www.musclenutrition.com.mx\/wp-content\/uploads\/2023\/11\/Mutant-BCAA-Caps-200-Capsules-300x300.jpeg",300,300,true],"medium_large":["https:\/\/www.musclenutrition.com.mx\/wp-content\/uploads\/2023\/11\/Mutant-BCAA-Caps-200-Capsules.jpeg",500,500,false],"large":["https:\/\/www.musclenutrition.com.mx\/wp-content\/uploads\/2023\/11\/Mutant-BCAA-Caps-200-Capsules.jpeg",500,500,false],"1536x1536":["https:\/\/www.musclenutrition.com.mx\/wp-content\/uploads\/2023\/11\/Mutant-BCAA-Caps-200-Capsules.jpeg",500,500,false],"2048x2048":["https:\/\/www.musclenutrition.com.mx\/wp-content\/uploads\/2023\/11\/Mutant-BCAA-Caps-200-Capsules.jpeg",500,500,false],"woocommerce_thumbnail":["https:\/\/www.musclenutrition.com.mx\/wp-content\/uploads\/2023\/11\/Mutant-BCAA-Caps-200-Capsules-300x300.jpeg",300,300,true],"woocommerce_single":["https:\/\/www.musclenutrition.com.mx\/wp-content\/uploads\/2023\/11\/Mutant-BCAA-Caps-200-Capsules.jpeg",500,500,false],"woocommerce_gallery_thumbnail":["https:\/\/www.musclenutrition.com.mx\/wp-content\/uploads\/2023\/11\/Mutant-BCAA-Caps-200-Capsules-100x100.jpeg",100,100,true],"dgwt-wcas-product-suggestion":["https:\/\/www.musclenutrition.com.mx\/wp-content\/uploads\/2023\/11\/Mutant-BCAA-Caps-200-Capsules-64x64.jpeg",64,64,true]},"uagb_author_info":{"display_name":"ventas reynosa","author_link":"https:\/\/www.musclenutrition.com.mx\/index.php\/author\/"},"uagb_comment_info":0,"uagb_excerpt":"Mutant BCAA se trata de los amino\u00e1cidos ramificados (BCAAs) en c\u00f3modo formato de c\u00e1psulas, f\u00e1ciles de tragar y de r\u00e1pida absorci\u00f3n. El ratio elegido es el 2:1:1, dado que es la proporci\u00f3n que se encuentra en el tejido muscular animal, y adem\u00e1s se ha fortificado la f\u00f3rmula con electrolitos, incluyendo el magnesio, que contribuye con&hellip;","_links":{"self":[{"href":"https:\/\/www.musclenutrition.com.mx\/index.php\/wp-json\/wp\/v2\/product\/2241","targetHints":{"allow":["GET"]}}],"collection":[{"href":"https:\/\/www.musclenutrition.com.mx\/index.php\/wp-json\/wp\/v2\/product"}],"about":[{"href":"https:\/\/www.musclenutrition.com.mx\/index.php\/wp-json\/wp\/v2\/types\/product"}],"replies":[{"embeddable":true,"href":"https:\/\/www.musclenutrition.com.mx\/index.php\/wp-json\/wp\/v2\/comments?post=2241"}],"wp:featuredmedia":[{"embeddable":true,"href":"https:\/\/www.musclenutrition.com.mx\/index.php\/wp-json\/wp\/v2\/media\/2242"}],"wp:attachment":[{"href":"https:\/\/www.musclenutrition.com.mx\/index.php\/wp-json\/wp\/v2\/media?parent=2241"}],"wp:term":[{"taxonomy":"product_brand","embeddable":true,"href":"https:\/\/www.musclenutrition.com.mx\/index.php\/wp-json\/wp\/v2\/product_brand?post=2241"},{"taxonomy":"product_cat","embeddable":true,"href":"https:\/\/www.musclenutrition.com.mx\/index.php\/wp-json\/wp\/v2\/product_cat?post=2241"},{"taxonomy":"product_tag","embeddable":true,"href":"https:\/\/www.musclenutrition.com.mx\/index.php\/wp-json\/wp\/v2\/product_tag?post=2241"}],"curies":[{"name":"wp","href":"https:\/\/api.w.org\/{rel}","templated":true}]}}