{"id":2012,"date":"2023-11-03T06:06:12","date_gmt":"2023-11-03T06:06:12","guid":{"rendered":"https:\/\/musclenutrition.com.mx\/?post_type=product&#038;p=2012"},"modified":"2026-03-16T16:59:20","modified_gmt":"2026-03-16T22:59:20","slug":"gat-beta-alanine","status":"publish","type":"product","link":"https:\/\/www.musclenutrition.com.mx\/index.php\/producto\/gat-beta-alanine\/","title":{"rendered":"GAT BETA ALANINE"},"content":{"rendered":"<p>Beta Alanine de GAT contiene 3.2 gramos de beta alanina pura por porci\u00f3n, un amino\u00e1cido no esencial que juega un papel crucial en la producci\u00f3n de carnosina, un compuesto que ayuda a tamponar el \u00e1cido l\u00e1ctico en los m\u00fasculos y reduce la fatiga muscular. Lo que te permite entrenar m\u00e1s duro y por m\u00e1s tiempo, lo que se traduce en mejoras en el rendimiento, la fuerza,\u00a0 la resistencia y el crecimiento muscular.<\/p>\n","protected":false},"excerpt":{"rendered":"<p>Beta Alanine de GAT contiene 3.2 gramos de beta alanina pura por porci\u00f3n, un amino\u00e1cido no esencial que juega un papel crucial en la producci\u00f3n de carnosina, un compuesto que ayuda a tamponar el \u00e1cido l\u00e1ctico en los m\u00fasculos y reduce la fatiga muscular. Lo que te permite entrenar m\u00e1s duro y por m\u00e1s tiempo, &hellip;<\/p>\n<p class=\"read-more\"> <a class=\"\" href=\"https:\/\/www.musclenutrition.com.mx\/index.php\/producto\/gat-beta-alanine\/\"> <span class=\"screen-reader-text\">GAT BETA ALANINE<\/span> Leer m\u00e1s &raquo;<\/a><\/p>\n","protected":false},"featured_media":2013,"comment_status":"open","ping_status":"closed","template":"","meta":{"_uag_custom_page_level_css":"","site-sidebar-layout":"default","site-content-layout":"default","ast-global-header-display":"","ast-banner-title-visibility":"","ast-main-header-display":"","ast-hfb-above-header-display":"","ast-hfb-below-header-display":"","ast-hfb-mobile-header-display":"","site-post-title":"","ast-breadcrumbs-content":"","ast-featured-img":"","footer-sml-layout":"","theme-transparent-header-meta":"default","adv-header-id-meta":"","stick-header-meta":"","header-above-stick-meta":"","header-main-stick-meta":"","header-below-stick-meta":""},"product_brand":[],"product_cat":[33],"product_tag":[],"class_list":{"0":"post-2012","1":"product","2":"type-product","3":"status-publish","4":"has-post-thumbnail","6":"product_cat-aminoacidos","7":"desktop-align-left","8":"tablet-align-left","9":"mobile-align-left","11":"first","12":"instock","13":"shipping-taxable","14":"purchasable","15":"product-type-simple"},"ams_default_variation_id":0,"ams_product_points_reward":[],"ams_product_discount_percentage":0,"ams_price_to_display":490,"ams_acf":[],"uagb_featured_image_src":{"full":["https:\/\/www.musclenutrition.com.mx\/wp-content\/uploads\/2023\/11\/685a6f78-0db7-49da-8d18-3e94460b7fd9.jpg",600,600,false],"thumbnail":["https:\/\/www.musclenutrition.com.mx\/wp-content\/uploads\/2023\/11\/685a6f78-0db7-49da-8d18-3e94460b7fd9-150x150.jpg",150,150,true],"medium":["https:\/\/www.musclenutrition.com.mx\/wp-content\/uploads\/2023\/11\/685a6f78-0db7-49da-8d18-3e94460b7fd9-300x300.jpg",300,300,true],"medium_large":["https:\/\/www.musclenutrition.com.mx\/wp-content\/uploads\/2023\/11\/685a6f78-0db7-49da-8d18-3e94460b7fd9.jpg",600,600,false],"large":["https:\/\/www.musclenutrition.com.mx\/wp-content\/uploads\/2023\/11\/685a6f78-0db7-49da-8d18-3e94460b7fd9.jpg",600,600,false],"1536x1536":["https:\/\/www.musclenutrition.com.mx\/wp-content\/uploads\/2023\/11\/685a6f78-0db7-49da-8d18-3e94460b7fd9.jpg",600,600,false],"2048x2048":["https:\/\/www.musclenutrition.com.mx\/wp-content\/uploads\/2023\/11\/685a6f78-0db7-49da-8d18-3e94460b7fd9.jpg",600,600,false],"woocommerce_thumbnail":["https:\/\/www.musclenutrition.com.mx\/wp-content\/uploads\/2023\/11\/685a6f78-0db7-49da-8d18-3e94460b7fd9-300x300.jpg",300,300,true],"woocommerce_single":["https:\/\/www.musclenutrition.com.mx\/wp-content\/uploads\/2023\/11\/685a6f78-0db7-49da-8d18-3e94460b7fd9.jpg",600,600,false],"woocommerce_gallery_thumbnail":["https:\/\/www.musclenutrition.com.mx\/wp-content\/uploads\/2023\/11\/685a6f78-0db7-49da-8d18-3e94460b7fd9-100x100.jpg",100,100,true],"dgwt-wcas-product-suggestion":["https:\/\/www.musclenutrition.com.mx\/wp-content\/uploads\/2023\/11\/685a6f78-0db7-49da-8d18-3e94460b7fd9-64x64.jpg",64,64,true]},"uagb_author_info":{"display_name":"benjaming","author_link":"https:\/\/www.musclenutrition.com.mx\/index.php\/author\/"},"uagb_comment_info":0,"uagb_excerpt":"Beta Alanine de GAT contiene 3.2 gramos de beta alanina pura por porci\u00f3n, un amino\u00e1cido no esencial que juega un papel crucial en la producci\u00f3n de carnosina, un compuesto que ayuda a tamponar el \u00e1cido l\u00e1ctico en los m\u00fasculos y reduce la fatiga muscular. Lo que te permite entrenar m\u00e1s duro y por m\u00e1s tiempo,&hellip;","_links":{"self":[{"href":"https:\/\/www.musclenutrition.com.mx\/index.php\/wp-json\/wp\/v2\/product\/2012","targetHints":{"allow":["GET"]}}],"collection":[{"href":"https:\/\/www.musclenutrition.com.mx\/index.php\/wp-json\/wp\/v2\/product"}],"about":[{"href":"https:\/\/www.musclenutrition.com.mx\/index.php\/wp-json\/wp\/v2\/types\/product"}],"replies":[{"embeddable":true,"href":"https:\/\/www.musclenutrition.com.mx\/index.php\/wp-json\/wp\/v2\/comments?post=2012"}],"wp:featuredmedia":[{"embeddable":true,"href":"https:\/\/www.musclenutrition.com.mx\/index.php\/wp-json\/wp\/v2\/media\/2013"}],"wp:attachment":[{"href":"https:\/\/www.musclenutrition.com.mx\/index.php\/wp-json\/wp\/v2\/media?parent=2012"}],"wp:term":[{"taxonomy":"product_brand","embeddable":true,"href":"https:\/\/www.musclenutrition.com.mx\/index.php\/wp-json\/wp\/v2\/product_brand?post=2012"},{"taxonomy":"product_cat","embeddable":true,"href":"https:\/\/www.musclenutrition.com.mx\/index.php\/wp-json\/wp\/v2\/product_cat?post=2012"},{"taxonomy":"product_tag","embeddable":true,"href":"https:\/\/www.musclenutrition.com.mx\/index.php\/wp-json\/wp\/v2\/product_tag?post=2012"}],"curies":[{"name":"wp","href":"https:\/\/api.w.org\/{rel}","templated":true}]}}