{"id":2010,"date":"2023-11-03T06:02:59","date_gmt":"2023-11-03T06:02:59","guid":{"rendered":"https:\/\/musclenutrition.com.mx\/?post_type=product&#038;p=2010"},"modified":"2025-12-01T08:22:12","modified_gmt":"2025-12-01T14:22:12","slug":"insane-labz-beta-alanine-30-serv","status":"publish","type":"product","link":"https:\/\/www.musclenutrition.com.mx\/index.php\/producto\/insane-labz-beta-alanine-30-serv\/","title":{"rendered":"INSANE LABZ BETA ALANINE 30 SERV"},"content":{"rendered":"<p>&#8211; Reduce la fatiga muscular<\/p>\n<p>-Promueve la producci\u00f3n de carnosina<\/p>\n<p>-Incrementa la resistencia muscular<\/p>\n<p>&nbsp;<\/p>\n<p>La Beta Alanina es un amino\u00e1cido esencial que debemos suplementar que convierte las prote\u00ednas en masa muscular magra. Tambi\u00e9n es importante en la producci\u00f3n de carnosina. La cantidad de carnosina en nuestro cuerpo depende de la cantidad de beta alanina presente en el cuerpo.<\/p>\n<p>\u00bfPor qu\u00e9 es importante la carnosina?<\/p>\n<p>Despu\u00e9s de que el ATP es metabolizado durante el entrenamiento, tus m\u00fasculos se empiezan a fatigar y quemar. La carnosina ayuda a retrasar ese proceso permitiendote continuar con el entrenamiento!<\/p>\n","protected":false},"excerpt":{"rendered":"<p>&#8211; Reduce la fatiga muscular -Promueve la producci\u00f3n de carnosina -Incrementa la resistencia muscular &nbsp; La Beta Alanina es un amino\u00e1cido esencial que debemos suplementar que convierte las prote\u00ednas en masa muscular magra. Tambi\u00e9n es importante en la producci\u00f3n de carnosina. La cantidad de carnosina en nuestro cuerpo depende de la cantidad de beta alanina &hellip;<\/p>\n<p class=\"read-more\"> <a class=\"\" href=\"https:\/\/www.musclenutrition.com.mx\/index.php\/producto\/insane-labz-beta-alanine-30-serv\/\"> <span class=\"screen-reader-text\">INSANE LABZ BETA ALANINE 30 SERV<\/span> Leer m\u00e1s &raquo;<\/a><\/p>\n","protected":false},"featured_media":2011,"comment_status":"open","ping_status":"closed","template":"","meta":{"_uag_custom_page_level_css":"","site-sidebar-layout":"default","site-content-layout":"default","ast-global-header-display":"","ast-banner-title-visibility":"","ast-main-header-display":"","ast-hfb-above-header-display":"","ast-hfb-below-header-display":"","ast-hfb-mobile-header-display":"","site-post-title":"","ast-breadcrumbs-content":"","ast-featured-img":"","footer-sml-layout":"","theme-transparent-header-meta":"default","adv-header-id-meta":"","stick-header-meta":"","header-above-stick-meta":"","header-main-stick-meta":"","header-below-stick-meta":""},"product_brand":[],"product_cat":[33],"product_tag":[],"class_list":{"0":"post-2010","1":"product","2":"type-product","3":"status-publish","4":"has-post-thumbnail","6":"product_cat-aminoacidos","7":"desktop-align-left","8":"tablet-align-left","9":"mobile-align-left","11":"first","12":"instock","13":"shipping-taxable","14":"purchasable","15":"product-type-simple"},"ams_default_variation_id":0,"ams_product_points_reward":[],"ams_product_discount_percentage":0,"ams_price_to_display":320,"ams_acf":[],"uagb_featured_image_src":{"full":["https:\/\/www.musclenutrition.com.mx\/wp-content\/uploads\/2023\/11\/98399bf5-2887-4970-890c-7fa7e3ae4d33.jpg",480,480,false],"thumbnail":["https:\/\/www.musclenutrition.com.mx\/wp-content\/uploads\/2023\/11\/98399bf5-2887-4970-890c-7fa7e3ae4d33-150x150.jpg",150,150,true],"medium":["https:\/\/www.musclenutrition.com.mx\/wp-content\/uploads\/2023\/11\/98399bf5-2887-4970-890c-7fa7e3ae4d33-300x300.jpg",300,300,true],"medium_large":["https:\/\/www.musclenutrition.com.mx\/wp-content\/uploads\/2023\/11\/98399bf5-2887-4970-890c-7fa7e3ae4d33.jpg",480,480,false],"large":["https:\/\/www.musclenutrition.com.mx\/wp-content\/uploads\/2023\/11\/98399bf5-2887-4970-890c-7fa7e3ae4d33.jpg",480,480,false],"1536x1536":["https:\/\/www.musclenutrition.com.mx\/wp-content\/uploads\/2023\/11\/98399bf5-2887-4970-890c-7fa7e3ae4d33.jpg",480,480,false],"2048x2048":["https:\/\/www.musclenutrition.com.mx\/wp-content\/uploads\/2023\/11\/98399bf5-2887-4970-890c-7fa7e3ae4d33.jpg",480,480,false],"woocommerce_thumbnail":["https:\/\/www.musclenutrition.com.mx\/wp-content\/uploads\/2023\/11\/98399bf5-2887-4970-890c-7fa7e3ae4d33-300x300.jpg",300,300,true],"woocommerce_single":["https:\/\/www.musclenutrition.com.mx\/wp-content\/uploads\/2023\/11\/98399bf5-2887-4970-890c-7fa7e3ae4d33.jpg",480,480,false],"woocommerce_gallery_thumbnail":["https:\/\/www.musclenutrition.com.mx\/wp-content\/uploads\/2023\/11\/98399bf5-2887-4970-890c-7fa7e3ae4d33-100x100.jpg",100,100,true],"dgwt-wcas-product-suggestion":["https:\/\/www.musclenutrition.com.mx\/wp-content\/uploads\/2023\/11\/98399bf5-2887-4970-890c-7fa7e3ae4d33-64x64.jpg",64,64,true]},"uagb_author_info":{"display_name":"benjaming","author_link":"https:\/\/www.musclenutrition.com.mx\/index.php\/author\/"},"uagb_comment_info":0,"uagb_excerpt":"&#8211; Reduce la fatiga muscular -Promueve la producci\u00f3n de carnosina -Incrementa la resistencia muscular &nbsp; La Beta Alanina es un amino\u00e1cido esencial que debemos suplementar que convierte las prote\u00ednas en masa muscular magra. Tambi\u00e9n es importante en la producci\u00f3n de carnosina. La cantidad de carnosina en nuestro cuerpo depende de la cantidad de beta alanina&hellip;","_links":{"self":[{"href":"https:\/\/www.musclenutrition.com.mx\/index.php\/wp-json\/wp\/v2\/product\/2010","targetHints":{"allow":["GET"]}}],"collection":[{"href":"https:\/\/www.musclenutrition.com.mx\/index.php\/wp-json\/wp\/v2\/product"}],"about":[{"href":"https:\/\/www.musclenutrition.com.mx\/index.php\/wp-json\/wp\/v2\/types\/product"}],"replies":[{"embeddable":true,"href":"https:\/\/www.musclenutrition.com.mx\/index.php\/wp-json\/wp\/v2\/comments?post=2010"}],"wp:featuredmedia":[{"embeddable":true,"href":"https:\/\/www.musclenutrition.com.mx\/index.php\/wp-json\/wp\/v2\/media\/2011"}],"wp:attachment":[{"href":"https:\/\/www.musclenutrition.com.mx\/index.php\/wp-json\/wp\/v2\/media?parent=2010"}],"wp:term":[{"taxonomy":"product_brand","embeddable":true,"href":"https:\/\/www.musclenutrition.com.mx\/index.php\/wp-json\/wp\/v2\/product_brand?post=2010"},{"taxonomy":"product_cat","embeddable":true,"href":"https:\/\/www.musclenutrition.com.mx\/index.php\/wp-json\/wp\/v2\/product_cat?post=2010"},{"taxonomy":"product_tag","embeddable":true,"href":"https:\/\/www.musclenutrition.com.mx\/index.php\/wp-json\/wp\/v2\/product_tag?post=2010"}],"curies":[{"name":"wp","href":"https:\/\/api.w.org\/{rel}","templated":true}]}}