{"id":1987,"date":"2023-10-23T19:06:01","date_gmt":"2023-10-23T19:06:01","guid":{"rendered":"https:\/\/musclenutrition.com.mx\/?post_type=product&#038;p=1987"},"modified":"2026-03-24T17:41:06","modified_gmt":"2026-03-24T23:41:06","slug":"lipo-6-black","status":"publish","type":"product","link":"https:\/\/www.musclenutrition.com.mx\/index.php\/producto\/lipo-6-black\/","title":{"rendered":"LIPO 6 ULTRA CONCENTRATE"},"content":{"rendered":"<h2>Lipo-6 Black Ultra Concentrate<\/h2>\n<h3>Soporte Avanzado Para P\u00e9rdida de Peso<\/h3>\n<p>Esta es, por mucho, una de las f\u00f3rmulas LIPO-6 m\u00e1s fuertes que hemos lanzado. Es tan fuerte que nunca debes tomar m\u00e1s de una p\u00edldora. Esta es una p\u00edldora para p\u00e9rdida de grasa de una sola toma s\u00faper potente y ultra concentrada que est\u00e1 dise\u00f1ada para ayudar a tu cuerpo a perder peso r\u00e1pidamente. Para ayudar a garantizar que tu dieta y tus objetivos de p\u00e9rdida de peso se conviertan en un \u00e9xito, LIPO-6 Black UC contiene poderosos ingredientes quemagrasa para apoyar en la p\u00e9rdida de peso al estimular el metabolismo, suprimir el apetito, mejorar la energ\u00eda y quemar grasa.<\/p>\n","protected":false},"excerpt":{"rendered":"<p>Lipo-6 Black Ultra Concentrate Soporte Avanzado Para P\u00e9rdida de Peso Esta es, por mucho, una de las f\u00f3rmulas LIPO-6 m\u00e1s fuertes que hemos lanzado. Es tan fuerte que nunca debes tomar m\u00e1s de una p\u00edldora. Esta es una p\u00edldora para p\u00e9rdida de grasa de una sola toma s\u00faper potente y ultra concentrada que est\u00e1 dise\u00f1ada &hellip;<\/p>\n<p class=\"read-more\"> <a class=\"\" href=\"https:\/\/www.musclenutrition.com.mx\/index.php\/producto\/lipo-6-black\/\"> <span class=\"screen-reader-text\">LIPO 6 ULTRA CONCENTRATE<\/span> Leer m\u00e1s &raquo;<\/a><\/p>\n","protected":false},"featured_media":2757,"comment_status":"open","ping_status":"closed","template":"","meta":{"_uag_custom_page_level_css":"","site-sidebar-layout":"default","site-content-layout":"default","ast-global-header-display":"","ast-banner-title-visibility":"","ast-main-header-display":"","ast-hfb-above-header-display":"","ast-hfb-below-header-display":"","ast-hfb-mobile-header-display":"","site-post-title":"","ast-breadcrumbs-content":"","ast-featured-img":"","footer-sml-layout":"","theme-transparent-header-meta":"default","adv-header-id-meta":"","stick-header-meta":"","header-above-stick-meta":"","header-main-stick-meta":"","header-below-stick-meta":""},"product_brand":[],"product_cat":[36],"product_tag":[],"class_list":{"0":"post-1987","1":"product","2":"type-product","3":"status-publish","4":"has-post-thumbnail","6":"product_cat-quemadores","7":"desktop-align-left","8":"tablet-align-left","9":"mobile-align-left","11":"first","12":"instock","13":"shipping-taxable","14":"purchasable","15":"product-type-simple"},"ams_default_variation_id":0,"ams_product_points_reward":[],"ams_product_discount_percentage":0,"ams_price_to_display":450,"ams_acf":[],"uagb_featured_image_src":{"full":["https:\/\/www.musclenutrition.com.mx\/wp-content\/uploads\/2023\/10\/lipo6black.png",517,668,false],"thumbnail":["https:\/\/www.musclenutrition.com.mx\/wp-content\/uploads\/2023\/10\/lipo6black-150x150.png",150,150,true],"medium":["https:\/\/www.musclenutrition.com.mx\/wp-content\/uploads\/2023\/10\/lipo6black-232x300.png",232,300,true],"medium_large":["https:\/\/www.musclenutrition.com.mx\/wp-content\/uploads\/2023\/10\/lipo6black.png",517,668,false],"large":["https:\/\/www.musclenutrition.com.mx\/wp-content\/uploads\/2023\/10\/lipo6black.png",517,668,false],"1536x1536":["https:\/\/www.musclenutrition.com.mx\/wp-content\/uploads\/2023\/10\/lipo6black.png",517,668,false],"2048x2048":["https:\/\/www.musclenutrition.com.mx\/wp-content\/uploads\/2023\/10\/lipo6black.png",517,668,false],"woocommerce_thumbnail":["https:\/\/www.musclenutrition.com.mx\/wp-content\/uploads\/2023\/10\/lipo6black-300x300.png",300,300,true],"woocommerce_single":["https:\/\/www.musclenutrition.com.mx\/wp-content\/uploads\/2023\/10\/lipo6black.png",517,668,false],"woocommerce_gallery_thumbnail":["https:\/\/www.musclenutrition.com.mx\/wp-content\/uploads\/2023\/10\/lipo6black-100x100.png",100,100,true],"dgwt-wcas-product-suggestion":["https:\/\/www.musclenutrition.com.mx\/wp-content\/uploads\/2023\/10\/lipo6black-64x83.png",64,83,true]},"uagb_author_info":{"display_name":"benjaming","author_link":"https:\/\/www.musclenutrition.com.mx\/index.php\/author\/"},"uagb_comment_info":0,"uagb_excerpt":"Lipo-6 Black Ultra Concentrate Soporte Avanzado Para P\u00e9rdida de Peso Esta es, por mucho, una de las f\u00f3rmulas LIPO-6 m\u00e1s fuertes que hemos lanzado. Es tan fuerte que nunca debes tomar m\u00e1s de una p\u00edldora. Esta es una p\u00edldora para p\u00e9rdida de grasa de una sola toma s\u00faper potente y ultra concentrada que est\u00e1 dise\u00f1ada&hellip;","_links":{"self":[{"href":"https:\/\/www.musclenutrition.com.mx\/index.php\/wp-json\/wp\/v2\/product\/1987","targetHints":{"allow":["GET"]}}],"collection":[{"href":"https:\/\/www.musclenutrition.com.mx\/index.php\/wp-json\/wp\/v2\/product"}],"about":[{"href":"https:\/\/www.musclenutrition.com.mx\/index.php\/wp-json\/wp\/v2\/types\/product"}],"replies":[{"embeddable":true,"href":"https:\/\/www.musclenutrition.com.mx\/index.php\/wp-json\/wp\/v2\/comments?post=1987"}],"wp:featuredmedia":[{"embeddable":true,"href":"https:\/\/www.musclenutrition.com.mx\/index.php\/wp-json\/wp\/v2\/media\/2757"}],"wp:attachment":[{"href":"https:\/\/www.musclenutrition.com.mx\/index.php\/wp-json\/wp\/v2\/media?parent=1987"}],"wp:term":[{"taxonomy":"product_brand","embeddable":true,"href":"https:\/\/www.musclenutrition.com.mx\/index.php\/wp-json\/wp\/v2\/product_brand?post=1987"},{"taxonomy":"product_cat","embeddable":true,"href":"https:\/\/www.musclenutrition.com.mx\/index.php\/wp-json\/wp\/v2\/product_cat?post=1987"},{"taxonomy":"product_tag","embeddable":true,"href":"https:\/\/www.musclenutrition.com.mx\/index.php\/wp-json\/wp\/v2\/product_tag?post=1987"}],"curies":[{"name":"wp","href":"https:\/\/api.w.org\/{rel}","templated":true}]}}