{"id":1954,"date":"2023-10-20T04:56:29","date_gmt":"2023-10-20T04:56:29","guid":{"rendered":"https:\/\/musclenutrition.com.mx\/?post_type=product&#038;p=1954"},"modified":"2026-04-09T11:55:44","modified_gmt":"2026-04-09T17:55:44","slug":"psychotic-saw","status":"publish","type":"product","link":"https:\/\/www.musclenutrition.com.mx\/index.php\/producto\/psychotic-saw\/","title":{"rendered":"PSYCHOTIC SAW"},"content":{"rendered":"<p><strong>Psychotic SAW<\/strong><\/p>\n<p>Psychotic SAW es el preentrenamiento m\u00e1s LOCO jam\u00e1s realizado por Mad Chemist y su equipo en Insane Labz. \u00a1Han empaquetado la f\u00f3rmula LLENA de ingredientes que trabajan juntos para brindarte todo lo que necesitas para MATAR en el gimnasio! A continuaci\u00f3n, ampl\u00eda cada uno de estos ingredientes para saber qu\u00e9 hace que Psychotic SAW sea diferente a cualquier preentrenamiento que hayas probado.<\/p>\n","protected":false},"excerpt":{"rendered":"<p>Psychotic SAW Psychotic SAW es el preentrenamiento m\u00e1s LOCO jam\u00e1s realizado por Mad Chemist y su equipo en Insane Labz. \u00a1Han empaquetado la f\u00f3rmula LLENA de ingredientes que trabajan juntos para brindarte todo lo que necesitas para MATAR en el gimnasio! A continuaci\u00f3n, ampl\u00eda cada uno de estos ingredientes para saber qu\u00e9 hace que Psychotic &hellip;<\/p>\n<p class=\"read-more\"> <a class=\"\" href=\"https:\/\/www.musclenutrition.com.mx\/index.php\/producto\/psychotic-saw\/\"> <span class=\"screen-reader-text\">PSYCHOTIC SAW<\/span> Leer m\u00e1s &raquo;<\/a><\/p>\n","protected":false},"featured_media":1955,"comment_status":"open","ping_status":"closed","template":"","meta":{"_uag_custom_page_level_css":"","site-sidebar-layout":"default","site-content-layout":"default","ast-global-header-display":"","ast-banner-title-visibility":"","ast-main-header-display":"","ast-hfb-above-header-display":"","ast-hfb-below-header-display":"","ast-hfb-mobile-header-display":"","site-post-title":"","ast-breadcrumbs-content":"","ast-featured-img":"","footer-sml-layout":"","theme-transparent-header-meta":"default","adv-header-id-meta":"","stick-header-meta":"","header-above-stick-meta":"","header-main-stick-meta":"","header-below-stick-meta":""},"product_brand":[],"product_cat":[15,35],"product_tag":[],"class_list":{"0":"post-1954","1":"product","2":"type-product","3":"status-publish","4":"has-post-thumbnail","6":"product_cat-sin-categorizar","7":"product_cat-pre-entrenos","8":"desktop-align-left","9":"tablet-align-left","10":"mobile-align-left","12":"first","13":"instock","14":"shipping-taxable","15":"purchasable","16":"product-type-variable"},"ams_default_variation_id":0,"ams_product_points_reward":[],"ams_product_discount_percentage":0,"ams_price_to_display":520,"ams_acf":[],"uagb_featured_image_src":{"full":["https:\/\/www.musclenutrition.com.mx\/wp-content\/uploads\/2023\/10\/insane-saw.jpg",1280,1280,false],"thumbnail":["https:\/\/www.musclenutrition.com.mx\/wp-content\/uploads\/2023\/10\/insane-saw-150x150.jpg",150,150,true],"medium":["https:\/\/www.musclenutrition.com.mx\/wp-content\/uploads\/2023\/10\/insane-saw-300x300.jpg",300,300,true],"medium_large":["https:\/\/www.musclenutrition.com.mx\/wp-content\/uploads\/2023\/10\/insane-saw-768x768.jpg",768,768,true],"large":["https:\/\/www.musclenutrition.com.mx\/wp-content\/uploads\/2023\/10\/insane-saw-1024x1024.jpg",1024,1024,true],"1536x1536":["https:\/\/www.musclenutrition.com.mx\/wp-content\/uploads\/2023\/10\/insane-saw.jpg",1280,1280,false],"2048x2048":["https:\/\/www.musclenutrition.com.mx\/wp-content\/uploads\/2023\/10\/insane-saw.jpg",1280,1280,false],"woocommerce_thumbnail":["https:\/\/www.musclenutrition.com.mx\/wp-content\/uploads\/2023\/10\/insane-saw-300x300.jpg",300,300,true],"woocommerce_single":["https:\/\/www.musclenutrition.com.mx\/wp-content\/uploads\/2023\/10\/insane-saw-600x600.jpg",600,600,true],"woocommerce_gallery_thumbnail":["https:\/\/www.musclenutrition.com.mx\/wp-content\/uploads\/2023\/10\/insane-saw-100x100.jpg",100,100,true],"dgwt-wcas-product-suggestion":["https:\/\/www.musclenutrition.com.mx\/wp-content\/uploads\/2023\/10\/insane-saw-64x64.jpg",64,64,true]},"uagb_author_info":{"display_name":"benjaming","author_link":"https:\/\/www.musclenutrition.com.mx\/index.php\/author\/"},"uagb_comment_info":0,"uagb_excerpt":"Psychotic SAW Psychotic SAW es el preentrenamiento m\u00e1s LOCO jam\u00e1s realizado por Mad Chemist y su equipo en Insane Labz. \u00a1Han empaquetado la f\u00f3rmula LLENA de ingredientes que trabajan juntos para brindarte todo lo que necesitas para MATAR en el gimnasio! A continuaci\u00f3n, ampl\u00eda cada uno de estos ingredientes para saber qu\u00e9 hace que Psychotic&hellip;","_links":{"self":[{"href":"https:\/\/www.musclenutrition.com.mx\/index.php\/wp-json\/wp\/v2\/product\/1954","targetHints":{"allow":["GET"]}}],"collection":[{"href":"https:\/\/www.musclenutrition.com.mx\/index.php\/wp-json\/wp\/v2\/product"}],"about":[{"href":"https:\/\/www.musclenutrition.com.mx\/index.php\/wp-json\/wp\/v2\/types\/product"}],"replies":[{"embeddable":true,"href":"https:\/\/www.musclenutrition.com.mx\/index.php\/wp-json\/wp\/v2\/comments?post=1954"}],"wp:featuredmedia":[{"embeddable":true,"href":"https:\/\/www.musclenutrition.com.mx\/index.php\/wp-json\/wp\/v2\/media\/1955"}],"wp:attachment":[{"href":"https:\/\/www.musclenutrition.com.mx\/index.php\/wp-json\/wp\/v2\/media?parent=1954"}],"wp:term":[{"taxonomy":"product_brand","embeddable":true,"href":"https:\/\/www.musclenutrition.com.mx\/index.php\/wp-json\/wp\/v2\/product_brand?post=1954"},{"taxonomy":"product_cat","embeddable":true,"href":"https:\/\/www.musclenutrition.com.mx\/index.php\/wp-json\/wp\/v2\/product_cat?post=1954"},{"taxonomy":"product_tag","embeddable":true,"href":"https:\/\/www.musclenutrition.com.mx\/index.php\/wp-json\/wp\/v2\/product_tag?post=1954"}],"curies":[{"name":"wp","href":"https:\/\/api.w.org\/{rel}","templated":true}]}}