{"id":1942,"date":"2023-10-18T18:36:18","date_gmt":"2023-10-18T18:36:18","guid":{"rendered":"https:\/\/musclenutrition.com.mx\/?post_type=product&#038;p=1942"},"modified":"2026-03-26T08:03:54","modified_gmt":"2026-03-26T14:03:54","slug":"animal-pak","status":"publish","type":"product","link":"https:\/\/www.musclenutrition.com.mx\/index.php\/producto\/animal-pak\/","title":{"rendered":"ANIMAL PAK"},"content":{"rendered":"<p><strong>ANIMAL PAK<\/strong><\/p>\n<p>Animal Pak es una nutrici\u00f3n completa cargada con m\u00e1s de 85 nutrientes altamente absorbibles que mejora las sesiones de entrenamiento y aumenta la energ\u00eda en la vida diaria a trav\u00e9s de una combinaci\u00f3n eficiente de vitaminas, minerales, amino\u00e1cidos, antioxidantes, enzimas digestivas, carnitina, hierbas y m\u00e1s. M\u00e1s que un multivitam\u00ednico, Animal Pak llena sus carencias nutricionales asegurando que est\u00e9 preparado para el crecimiento muscular y un rendimiento \u00f3ptimo mientras persigue sus objetivos de acondicionamiento f\u00edsico.<br \/>\nLa f\u00f3rmula nueva y mejorada ofrece un mejor rendimiento y un 25 % menos de pastillas (ahora solo 8 pastillas)<br \/>\nF\u00f3rmula concentrada que brinda los beneficios de 12 suplementos en 1 paquete conveniente<\/p>\n","protected":false},"excerpt":{"rendered":"<p>ANIMAL PAK Animal Pak es una nutrici\u00f3n completa cargada con m\u00e1s de 85 nutrientes altamente absorbibles que mejora las sesiones de entrenamiento y aumenta la energ\u00eda en la vida diaria a trav\u00e9s de una combinaci\u00f3n eficiente de vitaminas, minerales, amino\u00e1cidos, antioxidantes, enzimas digestivas, carnitina, hierbas y m\u00e1s. M\u00e1s que un multivitam\u00ednico, Animal Pak llena sus &hellip;<\/p>\n<p class=\"read-more\"> <a class=\"\" href=\"https:\/\/www.musclenutrition.com.mx\/index.php\/producto\/animal-pak\/\"> <span class=\"screen-reader-text\">ANIMAL PAK<\/span> Leer m\u00e1s &raquo;<\/a><\/p>\n","protected":false},"featured_media":2273,"comment_status":"open","ping_status":"closed","template":"","meta":{"_uag_custom_page_level_css":"","site-sidebar-layout":"default","site-content-layout":"default","ast-global-header-display":"","ast-banner-title-visibility":"","ast-main-header-display":"","ast-hfb-above-header-display":"","ast-hfb-below-header-display":"","ast-hfb-mobile-header-display":"","site-post-title":"","ast-breadcrumbs-content":"","ast-featured-img":"","footer-sml-layout":"","theme-transparent-header-meta":"default","adv-header-id-meta":"","stick-header-meta":"","header-above-stick-meta":"","header-main-stick-meta":"","header-below-stick-meta":""},"product_brand":[],"product_cat":[43],"product_tag":[],"class_list":{"0":"post-1942","1":"product","2":"type-product","3":"status-publish","4":"has-post-thumbnail","6":"product_cat-multivitaminico","7":"desktop-align-left","8":"tablet-align-left","9":"mobile-align-left","11":"first","12":"instock","13":"shipping-taxable","14":"purchasable","15":"product-type-simple"},"ams_default_variation_id":0,"ams_product_points_reward":[],"ams_product_discount_percentage":0,"ams_price_to_display":780,"ams_acf":[],"uagb_featured_image_src":{"full":["https:\/\/www.musclenutrition.com.mx\/wp-content\/uploads\/2023\/10\/ANIMAL-PAK.webp",612,612,false],"thumbnail":["https:\/\/www.musclenutrition.com.mx\/wp-content\/uploads\/2023\/10\/ANIMAL-PAK-150x150.webp",150,150,true],"medium":["https:\/\/www.musclenutrition.com.mx\/wp-content\/uploads\/2023\/10\/ANIMAL-PAK-300x300.webp",300,300,true],"medium_large":["https:\/\/www.musclenutrition.com.mx\/wp-content\/uploads\/2023\/10\/ANIMAL-PAK.webp",612,612,false],"large":["https:\/\/www.musclenutrition.com.mx\/wp-content\/uploads\/2023\/10\/ANIMAL-PAK.webp",612,612,false],"1536x1536":["https:\/\/www.musclenutrition.com.mx\/wp-content\/uploads\/2023\/10\/ANIMAL-PAK.webp",612,612,false],"2048x2048":["https:\/\/www.musclenutrition.com.mx\/wp-content\/uploads\/2023\/10\/ANIMAL-PAK.webp",612,612,false],"woocommerce_thumbnail":["https:\/\/www.musclenutrition.com.mx\/wp-content\/uploads\/2023\/10\/ANIMAL-PAK-300x300.webp",300,300,true],"woocommerce_single":["https:\/\/www.musclenutrition.com.mx\/wp-content\/uploads\/2023\/10\/ANIMAL-PAK-600x600.webp",600,600,true],"woocommerce_gallery_thumbnail":["https:\/\/www.musclenutrition.com.mx\/wp-content\/uploads\/2023\/10\/ANIMAL-PAK-100x100.webp",100,100,true],"dgwt-wcas-product-suggestion":["https:\/\/www.musclenutrition.com.mx\/wp-content\/uploads\/2023\/10\/ANIMAL-PAK-64x64.webp",64,64,true]},"uagb_author_info":{"display_name":"benjaming","author_link":"https:\/\/www.musclenutrition.com.mx\/index.php\/author\/"},"uagb_comment_info":0,"uagb_excerpt":"ANIMAL PAK Animal Pak es una nutrici\u00f3n completa cargada con m\u00e1s de 85 nutrientes altamente absorbibles que mejora las sesiones de entrenamiento y aumenta la energ\u00eda en la vida diaria a trav\u00e9s de una combinaci\u00f3n eficiente de vitaminas, minerales, amino\u00e1cidos, antioxidantes, enzimas digestivas, carnitina, hierbas y m\u00e1s. M\u00e1s que un multivitam\u00ednico, Animal Pak llena sus&hellip;","_links":{"self":[{"href":"https:\/\/www.musclenutrition.com.mx\/index.php\/wp-json\/wp\/v2\/product\/1942","targetHints":{"allow":["GET"]}}],"collection":[{"href":"https:\/\/www.musclenutrition.com.mx\/index.php\/wp-json\/wp\/v2\/product"}],"about":[{"href":"https:\/\/www.musclenutrition.com.mx\/index.php\/wp-json\/wp\/v2\/types\/product"}],"replies":[{"embeddable":true,"href":"https:\/\/www.musclenutrition.com.mx\/index.php\/wp-json\/wp\/v2\/comments?post=1942"}],"wp:featuredmedia":[{"embeddable":true,"href":"https:\/\/www.musclenutrition.com.mx\/index.php\/wp-json\/wp\/v2\/media\/2273"}],"wp:attachment":[{"href":"https:\/\/www.musclenutrition.com.mx\/index.php\/wp-json\/wp\/v2\/media?parent=1942"}],"wp:term":[{"taxonomy":"product_brand","embeddable":true,"href":"https:\/\/www.musclenutrition.com.mx\/index.php\/wp-json\/wp\/v2\/product_brand?post=1942"},{"taxonomy":"product_cat","embeddable":true,"href":"https:\/\/www.musclenutrition.com.mx\/index.php\/wp-json\/wp\/v2\/product_cat?post=1942"},{"taxonomy":"product_tag","embeddable":true,"href":"https:\/\/www.musclenutrition.com.mx\/index.php\/wp-json\/wp\/v2\/product_tag?post=1942"}],"curies":[{"name":"wp","href":"https:\/\/api.w.org\/{rel}","templated":true}]}}