{"id":1927,"date":"2023-09-16T21:02:33","date_gmt":"2023-09-16T21:02:33","guid":{"rendered":"https:\/\/musclenutrition.com.mx\/?post_type=product&#038;p=1927"},"modified":"2025-09-12T14:34:25","modified_gmt":"2025-09-12T20:34:25","slug":"mu-hot-stuff","status":"publish","type":"product","link":"https:\/\/www.musclenutrition.com.mx\/index.php\/producto\/mu-hot-stuff\/","title":{"rendered":"MU HOT STUFF"},"content":{"rendered":"<p>Mu Hot Stuff es un aceite que optimizar\u00e1 tu definici\u00f3n muscular el cual contiene vasculizadores naturales que har\u00e1n mejorar tu circulaci\u00f3n y as\u00ed conseguiras una vasodilataci\u00f3n instant\u00e1nea, gracias a Hot Stuff sentir\u00e1s un calor en tus m\u00fasculos que har\u00e1n que se mantengan calientes mientras bombeas entre bastidores dejando adem\u00e1s un brillo perfecto en la piel.<\/p>\n","protected":false},"excerpt":{"rendered":"<p>Mu Hot Stuff es un aceite que optimizar\u00e1 tu definici\u00f3n muscular el cual contiene vasculizadores naturales que har\u00e1n mejorar tu circulaci\u00f3n y as\u00ed conseguiras una vasodilataci\u00f3n instant\u00e1nea, gracias a Hot Stuff sentir\u00e1s un calor en tus m\u00fasculos que har\u00e1n que se mantengan calientes mientras bombeas entre bastidores dejando adem\u00e1s un brillo perfecto en la piel.<\/p>\n","protected":false},"featured_media":1928,"comment_status":"open","ping_status":"closed","template":"","meta":{"_uag_custom_page_level_css":"","site-sidebar-layout":"default","site-content-layout":"default","ast-global-header-display":"","ast-banner-title-visibility":"","ast-main-header-display":"","ast-hfb-above-header-display":"","ast-hfb-below-header-display":"","ast-hfb-mobile-header-display":"","site-post-title":"","ast-breadcrumbs-content":"","ast-featured-img":"","footer-sml-layout":"","theme-transparent-header-meta":"default","adv-header-id-meta":"","stick-header-meta":"","header-above-stick-meta":"","header-main-stick-meta":"","header-below-stick-meta":""},"product_brand":[],"product_cat":[40],"product_tag":[],"class_list":{"0":"post-1927","1":"product","2":"type-product","3":"status-publish","4":"has-post-thumbnail","6":"product_cat-accesorios","7":"desktop-align-left","8":"tablet-align-left","9":"mobile-align-left","11":"first","12":"instock","13":"shipping-taxable","14":"purchasable","15":"product-type-simple"},"ams_default_variation_id":0,"ams_product_points_reward":[],"ams_product_discount_percentage":0,"ams_price_to_display":330,"ams_acf":[],"uagb_featured_image_src":{"full":["https:\/\/www.musclenutrition.com.mx\/wp-content\/uploads\/2023\/09\/71Xi8BEQeZL.jpg",2000,2000,false],"thumbnail":["https:\/\/www.musclenutrition.com.mx\/wp-content\/uploads\/2023\/09\/71Xi8BEQeZL-150x150.jpg",150,150,true],"medium":["https:\/\/www.musclenutrition.com.mx\/wp-content\/uploads\/2023\/09\/71Xi8BEQeZL-300x300.jpg",300,300,true],"medium_large":["https:\/\/www.musclenutrition.com.mx\/wp-content\/uploads\/2023\/09\/71Xi8BEQeZL-768x768.jpg",768,768,true],"large":["https:\/\/www.musclenutrition.com.mx\/wp-content\/uploads\/2023\/09\/71Xi8BEQeZL-1024x1024.jpg",1024,1024,true],"1536x1536":["https:\/\/www.musclenutrition.com.mx\/wp-content\/uploads\/2023\/09\/71Xi8BEQeZL-1536x1536.jpg",1536,1536,true],"2048x2048":["https:\/\/www.musclenutrition.com.mx\/wp-content\/uploads\/2023\/09\/71Xi8BEQeZL.jpg",2000,2000,false],"woocommerce_thumbnail":["https:\/\/www.musclenutrition.com.mx\/wp-content\/uploads\/2023\/09\/71Xi8BEQeZL-300x300.jpg",300,300,true],"woocommerce_single":["https:\/\/www.musclenutrition.com.mx\/wp-content\/uploads\/2023\/09\/71Xi8BEQeZL-600x600.jpg",600,600,true],"woocommerce_gallery_thumbnail":["https:\/\/www.musclenutrition.com.mx\/wp-content\/uploads\/2023\/09\/71Xi8BEQeZL-100x100.jpg",100,100,true],"dgwt-wcas-product-suggestion":["https:\/\/www.musclenutrition.com.mx\/wp-content\/uploads\/2023\/09\/71Xi8BEQeZL-64x64.jpg",64,64,true]},"uagb_author_info":{"display_name":"benjaming","author_link":"https:\/\/www.musclenutrition.com.mx\/index.php\/author\/"},"uagb_comment_info":0,"uagb_excerpt":"Mu Hot Stuff es un aceite que optimizar\u00e1 tu definici\u00f3n muscular el cual contiene vasculizadores naturales que har\u00e1n mejorar tu circulaci\u00f3n y as\u00ed conseguiras una vasodilataci\u00f3n instant\u00e1nea, gracias a Hot Stuff sentir\u00e1s un calor en tus m\u00fasculos que har\u00e1n que se mantengan calientes mientras bombeas entre bastidores dejando adem\u00e1s un brillo perfecto en la piel.","_links":{"self":[{"href":"https:\/\/www.musclenutrition.com.mx\/index.php\/wp-json\/wp\/v2\/product\/1927","targetHints":{"allow":["GET"]}}],"collection":[{"href":"https:\/\/www.musclenutrition.com.mx\/index.php\/wp-json\/wp\/v2\/product"}],"about":[{"href":"https:\/\/www.musclenutrition.com.mx\/index.php\/wp-json\/wp\/v2\/types\/product"}],"replies":[{"embeddable":true,"href":"https:\/\/www.musclenutrition.com.mx\/index.php\/wp-json\/wp\/v2\/comments?post=1927"}],"wp:featuredmedia":[{"embeddable":true,"href":"https:\/\/www.musclenutrition.com.mx\/index.php\/wp-json\/wp\/v2\/media\/1928"}],"wp:attachment":[{"href":"https:\/\/www.musclenutrition.com.mx\/index.php\/wp-json\/wp\/v2\/media?parent=1927"}],"wp:term":[{"taxonomy":"product_brand","embeddable":true,"href":"https:\/\/www.musclenutrition.com.mx\/index.php\/wp-json\/wp\/v2\/product_brand?post=1927"},{"taxonomy":"product_cat","embeddable":true,"href":"https:\/\/www.musclenutrition.com.mx\/index.php\/wp-json\/wp\/v2\/product_cat?post=1927"},{"taxonomy":"product_tag","embeddable":true,"href":"https:\/\/www.musclenutrition.com.mx\/index.php\/wp-json\/wp\/v2\/product_tag?post=1927"}],"curies":[{"name":"wp","href":"https:\/\/api.w.org\/{rel}","templated":true}]}}