{"id":1848,"date":"2023-09-05T07:19:53","date_gmt":"2023-09-05T07:19:53","guid":{"rendered":"https:\/\/musclenutrition.com.mx\/?post_type=product&#038;p=1848"},"modified":"2025-09-12T15:19:10","modified_gmt":"2025-09-12T21:19:10","slug":"sunny-day-brillo-dorado","status":"publish","type":"product","link":"https:\/\/www.musclenutrition.com.mx\/index.php\/producto\/sunny-day-brillo-dorado\/","title":{"rendered":"SUNNY DAY BRILLO DORADO"},"content":{"rendered":"<p>La loci\u00f3n autobronceadora Sunny Day brillo dorado est\u00e1 dise\u00f1ada para proporcionar un bronceado dorado gradual despu\u00e9s de cada uso. Contiene ricas humectantes con vitaminas A y E, y una mezcla bot\u00e1nica \u00fanica de extractos de t\u00e9 verde y cola para mantener tu piel luciendo y sinti\u00e9ndose en su mejor estado. La loci\u00f3n es f\u00e1cil de usar, lo que te permite controlar el nivel de color que deseas lograr, y deja tu piel sinti\u00e9ndose fresca y fragante.<\/p>\n","protected":false},"excerpt":{"rendered":"<p>La loci\u00f3n autobronceadora Sunny Day brillo dorado est\u00e1 dise\u00f1ada para proporcionar un bronceado dorado gradual despu\u00e9s de cada uso. Contiene ricas humectantes con vitaminas A y E, y una mezcla bot\u00e1nica \u00fanica de extractos de t\u00e9 verde y cola para mantener tu piel luciendo y sinti\u00e9ndose en su mejor estado. La loci\u00f3n es f\u00e1cil de &hellip;<\/p>\n<p class=\"read-more\"> <a class=\"\" href=\"https:\/\/www.musclenutrition.com.mx\/index.php\/producto\/sunny-day-brillo-dorado\/\"> <span class=\"screen-reader-text\">SUNNY DAY BRILLO DORADO<\/span> Leer m\u00e1s &raquo;<\/a><\/p>\n","protected":false},"featured_media":1849,"comment_status":"open","ping_status":"closed","template":"","meta":{"_uag_custom_page_level_css":"","site-sidebar-layout":"default","site-content-layout":"default","ast-global-header-display":"","ast-banner-title-visibility":"","ast-main-header-display":"","ast-hfb-above-header-display":"","ast-hfb-below-header-display":"","ast-hfb-mobile-header-display":"","site-post-title":"","ast-breadcrumbs-content":"","ast-featured-img":"","footer-sml-layout":"","theme-transparent-header-meta":"default","adv-header-id-meta":"","stick-header-meta":"","header-above-stick-meta":"","header-main-stick-meta":"","header-below-stick-meta":""},"product_brand":[],"product_cat":[40],"product_tag":[],"class_list":{"0":"post-1848","1":"product","2":"type-product","3":"status-publish","4":"has-post-thumbnail","6":"product_cat-accesorios","7":"desktop-align-left","8":"tablet-align-left","9":"mobile-align-left","11":"first","12":"outofstock","13":"shipping-taxable","14":"purchasable","15":"product-type-simple"},"ams_default_variation_id":0,"ams_product_points_reward":[],"ams_product_discount_percentage":0,"ams_price_to_display":300,"ams_acf":[],"uagb_featured_image_src":{"full":["https:\/\/www.musclenutrition.com.mx\/wp-content\/uploads\/2023\/09\/044a21d0-1ea8-41e8-bb69-a8ed2e26558e.0bd1e40abe5c297cf1c28c9f884aa649.webp",612,612,false],"thumbnail":["https:\/\/www.musclenutrition.com.mx\/wp-content\/uploads\/2023\/09\/044a21d0-1ea8-41e8-bb69-a8ed2e26558e.0bd1e40abe5c297cf1c28c9f884aa649-150x150.webp",150,150,true],"medium":["https:\/\/www.musclenutrition.com.mx\/wp-content\/uploads\/2023\/09\/044a21d0-1ea8-41e8-bb69-a8ed2e26558e.0bd1e40abe5c297cf1c28c9f884aa649-300x300.webp",300,300,true],"medium_large":["https:\/\/www.musclenutrition.com.mx\/wp-content\/uploads\/2023\/09\/044a21d0-1ea8-41e8-bb69-a8ed2e26558e.0bd1e40abe5c297cf1c28c9f884aa649.webp",612,612,false],"large":["https:\/\/www.musclenutrition.com.mx\/wp-content\/uploads\/2023\/09\/044a21d0-1ea8-41e8-bb69-a8ed2e26558e.0bd1e40abe5c297cf1c28c9f884aa649.webp",612,612,false],"1536x1536":["https:\/\/www.musclenutrition.com.mx\/wp-content\/uploads\/2023\/09\/044a21d0-1ea8-41e8-bb69-a8ed2e26558e.0bd1e40abe5c297cf1c28c9f884aa649.webp",612,612,false],"2048x2048":["https:\/\/www.musclenutrition.com.mx\/wp-content\/uploads\/2023\/09\/044a21d0-1ea8-41e8-bb69-a8ed2e26558e.0bd1e40abe5c297cf1c28c9f884aa649.webp",612,612,false],"woocommerce_thumbnail":["https:\/\/www.musclenutrition.com.mx\/wp-content\/uploads\/2023\/09\/044a21d0-1ea8-41e8-bb69-a8ed2e26558e.0bd1e40abe5c297cf1c28c9f884aa649-300x300.webp",300,300,true],"woocommerce_single":["https:\/\/www.musclenutrition.com.mx\/wp-content\/uploads\/2023\/09\/044a21d0-1ea8-41e8-bb69-a8ed2e26558e.0bd1e40abe5c297cf1c28c9f884aa649-600x600.webp",600,600,true],"woocommerce_gallery_thumbnail":["https:\/\/www.musclenutrition.com.mx\/wp-content\/uploads\/2023\/09\/044a21d0-1ea8-41e8-bb69-a8ed2e26558e.0bd1e40abe5c297cf1c28c9f884aa649-100x100.webp",100,100,true],"dgwt-wcas-product-suggestion":["https:\/\/www.musclenutrition.com.mx\/wp-content\/uploads\/2023\/09\/044a21d0-1ea8-41e8-bb69-a8ed2e26558e.0bd1e40abe5c297cf1c28c9f884aa649-64x64.webp",64,64,true]},"uagb_author_info":{"display_name":"benjaming","author_link":"https:\/\/www.musclenutrition.com.mx\/index.php\/author\/"},"uagb_comment_info":0,"uagb_excerpt":"La loci\u00f3n autobronceadora Sunny Day brillo dorado est\u00e1 dise\u00f1ada para proporcionar un bronceado dorado gradual despu\u00e9s de cada uso. Contiene ricas humectantes con vitaminas A y E, y una mezcla bot\u00e1nica \u00fanica de extractos de t\u00e9 verde y cola para mantener tu piel luciendo y sinti\u00e9ndose en su mejor estado. La loci\u00f3n es f\u00e1cil de&hellip;","_links":{"self":[{"href":"https:\/\/www.musclenutrition.com.mx\/index.php\/wp-json\/wp\/v2\/product\/1848","targetHints":{"allow":["GET"]}}],"collection":[{"href":"https:\/\/www.musclenutrition.com.mx\/index.php\/wp-json\/wp\/v2\/product"}],"about":[{"href":"https:\/\/www.musclenutrition.com.mx\/index.php\/wp-json\/wp\/v2\/types\/product"}],"replies":[{"embeddable":true,"href":"https:\/\/www.musclenutrition.com.mx\/index.php\/wp-json\/wp\/v2\/comments?post=1848"}],"wp:featuredmedia":[{"embeddable":true,"href":"https:\/\/www.musclenutrition.com.mx\/index.php\/wp-json\/wp\/v2\/media\/1849"}],"wp:attachment":[{"href":"https:\/\/www.musclenutrition.com.mx\/index.php\/wp-json\/wp\/v2\/media?parent=1848"}],"wp:term":[{"taxonomy":"product_brand","embeddable":true,"href":"https:\/\/www.musclenutrition.com.mx\/index.php\/wp-json\/wp\/v2\/product_brand?post=1848"},{"taxonomy":"product_cat","embeddable":true,"href":"https:\/\/www.musclenutrition.com.mx\/index.php\/wp-json\/wp\/v2\/product_cat?post=1848"},{"taxonomy":"product_tag","embeddable":true,"href":"https:\/\/www.musclenutrition.com.mx\/index.php\/wp-json\/wp\/v2\/product_tag?post=1848"}],"curies":[{"name":"wp","href":"https:\/\/api.w.org\/{rel}","templated":true}]}}