{"id":1845,"date":"2023-09-05T07:18:07","date_gmt":"2023-09-05T07:18:07","guid":{"rendered":"https:\/\/musclenutrition.com.mx\/?post_type=product&#038;p=1845"},"modified":"2026-02-19T13:09:37","modified_gmt":"2026-02-19T19:09:37","slug":"pro-tan-overnight-250ml","status":"publish","type":"product","link":"https:\/\/www.musclenutrition.com.mx\/index.php\/producto\/pro-tan-overnight-250ml\/","title":{"rendered":"PRO TAN OVERNIGHT 250ML"},"content":{"rendered":"<p>Pro Tan Overnight Competition Color es un autobronceador que permite conseguir un bronceado cobrizo oscuro para competici\u00f3n, crea un bronceado duradero, que no desti\u00f1e ni mancha y luce un bronceado intenso que resalta la forma de los m\u00fasculos.<\/p>\n<p>El autobronceador se aplica por la piel de forma pareja, pues esto permite que el bronceado quede uniforme. Una vez el producto hace su efecto, el bronceado es duradero y no se deteriora, no deja manchas ni es nocivo a la piel, la que adquiere en unas horas un tono cobrizo oscuro, igual a un bronceado real provocado por varios d\u00edas de exposici\u00f3n al sol. El cual da volumen \u00f3ptico a los m\u00fasculos y resalta el contorno de las formas para aumentar la belleza est\u00e9tica.<\/p>\n","protected":false},"excerpt":{"rendered":"<p>Pro Tan Overnight Competition Color es un autobronceador que permite conseguir un bronceado cobrizo oscuro para competici\u00f3n, crea un bronceado duradero, que no desti\u00f1e ni mancha y luce un bronceado intenso que resalta la forma de los m\u00fasculos. El autobronceador se aplica por la piel de forma pareja, pues esto permite que el bronceado quede &hellip;<\/p>\n<p class=\"read-more\"> <a class=\"\" href=\"https:\/\/www.musclenutrition.com.mx\/index.php\/producto\/pro-tan-overnight-250ml\/\"> <span class=\"screen-reader-text\">PRO TAN OVERNIGHT 250ML<\/span> Leer m\u00e1s &raquo;<\/a><\/p>\n","protected":false},"featured_media":1846,"comment_status":"open","ping_status":"closed","template":"","meta":{"_uag_custom_page_level_css":"","site-sidebar-layout":"default","site-content-layout":"default","ast-global-header-display":"","ast-banner-title-visibility":"","ast-main-header-display":"","ast-hfb-above-header-display":"","ast-hfb-below-header-display":"","ast-hfb-mobile-header-display":"","site-post-title":"","ast-breadcrumbs-content":"","ast-featured-img":"","footer-sml-layout":"","theme-transparent-header-meta":"default","adv-header-id-meta":"","stick-header-meta":"","header-above-stick-meta":"","header-main-stick-meta":"","header-below-stick-meta":""},"product_brand":[],"product_cat":[40],"product_tag":[],"class_list":{"0":"post-1845","1":"product","2":"type-product","3":"status-publish","4":"has-post-thumbnail","6":"product_cat-accesorios","7":"desktop-align-left","8":"tablet-align-left","9":"mobile-align-left","11":"first","12":"instock","13":"shipping-taxable","14":"purchasable","15":"product-type-simple"},"ams_default_variation_id":0,"ams_product_points_reward":[],"ams_product_discount_percentage":0,"ams_price_to_display":420,"ams_acf":[],"uagb_featured_image_src":{"full":["https:\/\/www.musclenutrition.com.mx\/wp-content\/uploads\/2023\/09\/PT-Competition-Colour-500x500-2.webp",500,500,false],"thumbnail":["https:\/\/www.musclenutrition.com.mx\/wp-content\/uploads\/2023\/09\/PT-Competition-Colour-500x500-2-150x150.webp",150,150,true],"medium":["https:\/\/www.musclenutrition.com.mx\/wp-content\/uploads\/2023\/09\/PT-Competition-Colour-500x500-2-300x300.webp",300,300,true],"medium_large":["https:\/\/www.musclenutrition.com.mx\/wp-content\/uploads\/2023\/09\/PT-Competition-Colour-500x500-2.webp",500,500,false],"large":["https:\/\/www.musclenutrition.com.mx\/wp-content\/uploads\/2023\/09\/PT-Competition-Colour-500x500-2.webp",500,500,false],"1536x1536":["https:\/\/www.musclenutrition.com.mx\/wp-content\/uploads\/2023\/09\/PT-Competition-Colour-500x500-2.webp",500,500,false],"2048x2048":["https:\/\/www.musclenutrition.com.mx\/wp-content\/uploads\/2023\/09\/PT-Competition-Colour-500x500-2.webp",500,500,false],"woocommerce_thumbnail":["https:\/\/www.musclenutrition.com.mx\/wp-content\/uploads\/2023\/09\/PT-Competition-Colour-500x500-2-300x300.webp",300,300,true],"woocommerce_single":["https:\/\/www.musclenutrition.com.mx\/wp-content\/uploads\/2023\/09\/PT-Competition-Colour-500x500-2.webp",500,500,false],"woocommerce_gallery_thumbnail":["https:\/\/www.musclenutrition.com.mx\/wp-content\/uploads\/2023\/09\/PT-Competition-Colour-500x500-2-100x100.webp",100,100,true],"dgwt-wcas-product-suggestion":["https:\/\/www.musclenutrition.com.mx\/wp-content\/uploads\/2023\/09\/PT-Competition-Colour-500x500-2-64x64.webp",64,64,true]},"uagb_author_info":{"display_name":"benjaming","author_link":"https:\/\/www.musclenutrition.com.mx\/index.php\/author\/"},"uagb_comment_info":0,"uagb_excerpt":"Pro Tan Overnight Competition Color es un autobronceador que permite conseguir un bronceado cobrizo oscuro para competici\u00f3n, crea un bronceado duradero, que no desti\u00f1e ni mancha y luce un bronceado intenso que resalta la forma de los m\u00fasculos. El autobronceador se aplica por la piel de forma pareja, pues esto permite que el bronceado quede&hellip;","_links":{"self":[{"href":"https:\/\/www.musclenutrition.com.mx\/index.php\/wp-json\/wp\/v2\/product\/1845","targetHints":{"allow":["GET"]}}],"collection":[{"href":"https:\/\/www.musclenutrition.com.mx\/index.php\/wp-json\/wp\/v2\/product"}],"about":[{"href":"https:\/\/www.musclenutrition.com.mx\/index.php\/wp-json\/wp\/v2\/types\/product"}],"replies":[{"embeddable":true,"href":"https:\/\/www.musclenutrition.com.mx\/index.php\/wp-json\/wp\/v2\/comments?post=1845"}],"wp:featuredmedia":[{"embeddable":true,"href":"https:\/\/www.musclenutrition.com.mx\/index.php\/wp-json\/wp\/v2\/media\/1846"}],"wp:attachment":[{"href":"https:\/\/www.musclenutrition.com.mx\/index.php\/wp-json\/wp\/v2\/media?parent=1845"}],"wp:term":[{"taxonomy":"product_brand","embeddable":true,"href":"https:\/\/www.musclenutrition.com.mx\/index.php\/wp-json\/wp\/v2\/product_brand?post=1845"},{"taxonomy":"product_cat","embeddable":true,"href":"https:\/\/www.musclenutrition.com.mx\/index.php\/wp-json\/wp\/v2\/product_cat?post=1845"},{"taxonomy":"product_tag","embeddable":true,"href":"https:\/\/www.musclenutrition.com.mx\/index.php\/wp-json\/wp\/v2\/product_tag?post=1845"}],"curies":[{"name":"wp","href":"https:\/\/api.w.org\/{rel}","templated":true}]}}