{"id":1835,"date":"2023-09-05T07:13:02","date_gmt":"2023-09-05T07:13:02","guid":{"rendered":"https:\/\/musclenutrition.com.mx\/?post_type=product&#038;p=1835"},"modified":"2025-01-07T17:14:36","modified_gmt":"2025-01-07T23:14:36","slug":"mutant-whey-4lb","status":"publish","type":"product","link":"https:\/\/www.musclenutrition.com.mx\/index.php\/producto\/mutant-whey-4lb\/","title":{"rendered":"MUTANT WHEY 4LB"},"content":{"rendered":"<p><strong>Mutant WHEY 4 lbs<\/strong><\/p>\n<p>22 g de prote\u00edna de suero 100%<\/p>\n<p>10,4 g de EAA y 5 g de BCAA (presentes de forma natural)<\/p>\n<p>Prote\u00edna entera intacta, sin picos de amino\u00e1cidos (prote\u00edna verdadera probada)<\/p>\n<p>Enzimas digestivas a\u00f1adidas para optimizar la absorci\u00f3n.<\/p>\n<p>Sin aspartamo<\/p>\n","protected":false},"excerpt":{"rendered":"<p>Mutant WHEY 4 lbs 22 g de prote\u00edna de suero 100% 10,4 g de EAA y 5 g de BCAA (presentes de forma natural) Prote\u00edna entera intacta, sin picos de amino\u00e1cidos (prote\u00edna verdadera probada) Enzimas digestivas a\u00f1adidas para optimizar la absorci\u00f3n. Sin aspartamo<\/p>\n","protected":false},"featured_media":1838,"comment_status":"open","ping_status":"closed","template":"","meta":{"_uag_custom_page_level_css":"","site-sidebar-layout":"default","site-content-layout":"default","ast-global-header-display":"","ast-banner-title-visibility":"","ast-main-header-display":"","ast-hfb-above-header-display":"","ast-hfb-below-header-display":"","ast-hfb-mobile-header-display":"","site-post-title":"","ast-breadcrumbs-content":"","ast-featured-img":"","footer-sml-layout":"","theme-transparent-header-meta":"default","adv-header-id-meta":"","stick-header-meta":"","header-above-stick-meta":"","header-main-stick-meta":"","header-below-stick-meta":""},"product_brand":[],"product_cat":[15],"product_tag":[],"class_list":{"0":"post-1835","1":"product","2":"type-product","3":"status-publish","4":"has-post-thumbnail","6":"product_cat-sin-categorizar","7":"desktop-align-left","8":"tablet-align-left","9":"mobile-align-left","11":"first","12":"outofstock","13":"shipping-taxable","14":"purchasable","15":"product-type-variable"},"ams_default_variation_id":0,"ams_product_points_reward":[],"ams_product_discount_percentage":0,"ams_price_to_display":720,"ams_acf":[],"uagb_featured_image_src":{"full":["https:\/\/www.musclenutrition.com.mx\/wp-content\/uploads\/2023\/09\/3425739807.webp",500,500,false],"thumbnail":["https:\/\/www.musclenutrition.com.mx\/wp-content\/uploads\/2023\/09\/3425739807-150x150.webp",150,150,true],"medium":["https:\/\/www.musclenutrition.com.mx\/wp-content\/uploads\/2023\/09\/3425739807-300x300.webp",300,300,true],"medium_large":["https:\/\/www.musclenutrition.com.mx\/wp-content\/uploads\/2023\/09\/3425739807.webp",500,500,false],"large":["https:\/\/www.musclenutrition.com.mx\/wp-content\/uploads\/2023\/09\/3425739807.webp",500,500,false],"1536x1536":["https:\/\/www.musclenutrition.com.mx\/wp-content\/uploads\/2023\/09\/3425739807.webp",500,500,false],"2048x2048":["https:\/\/www.musclenutrition.com.mx\/wp-content\/uploads\/2023\/09\/3425739807.webp",500,500,false],"woocommerce_thumbnail":["https:\/\/www.musclenutrition.com.mx\/wp-content\/uploads\/2023\/09\/3425739807-300x300.webp",300,300,true],"woocommerce_single":["https:\/\/www.musclenutrition.com.mx\/wp-content\/uploads\/2023\/09\/3425739807.webp",500,500,false],"woocommerce_gallery_thumbnail":["https:\/\/www.musclenutrition.com.mx\/wp-content\/uploads\/2023\/09\/3425739807-100x100.webp",100,100,true],"dgwt-wcas-product-suggestion":["https:\/\/www.musclenutrition.com.mx\/wp-content\/uploads\/2023\/09\/3425739807-64x64.webp",64,64,true]},"uagb_author_info":{"display_name":"benjaming","author_link":"https:\/\/www.musclenutrition.com.mx\/index.php\/author\/"},"uagb_comment_info":0,"uagb_excerpt":"Mutant WHEY 4 lbs 22 g de prote\u00edna de suero 100% 10,4 g de EAA y 5 g de BCAA (presentes de forma natural) Prote\u00edna entera intacta, sin picos de amino\u00e1cidos (prote\u00edna verdadera probada) Enzimas digestivas a\u00f1adidas para optimizar la absorci\u00f3n. Sin aspartamo","_links":{"self":[{"href":"https:\/\/www.musclenutrition.com.mx\/index.php\/wp-json\/wp\/v2\/product\/1835","targetHints":{"allow":["GET"]}}],"collection":[{"href":"https:\/\/www.musclenutrition.com.mx\/index.php\/wp-json\/wp\/v2\/product"}],"about":[{"href":"https:\/\/www.musclenutrition.com.mx\/index.php\/wp-json\/wp\/v2\/types\/product"}],"replies":[{"embeddable":true,"href":"https:\/\/www.musclenutrition.com.mx\/index.php\/wp-json\/wp\/v2\/comments?post=1835"}],"wp:featuredmedia":[{"embeddable":true,"href":"https:\/\/www.musclenutrition.com.mx\/index.php\/wp-json\/wp\/v2\/media\/1838"}],"wp:attachment":[{"href":"https:\/\/www.musclenutrition.com.mx\/index.php\/wp-json\/wp\/v2\/media?parent=1835"}],"wp:term":[{"taxonomy":"product_brand","embeddable":true,"href":"https:\/\/www.musclenutrition.com.mx\/index.php\/wp-json\/wp\/v2\/product_brand?post=1835"},{"taxonomy":"product_cat","embeddable":true,"href":"https:\/\/www.musclenutrition.com.mx\/index.php\/wp-json\/wp\/v2\/product_cat?post=1835"},{"taxonomy":"product_tag","embeddable":true,"href":"https:\/\/www.musclenutrition.com.mx\/index.php\/wp-json\/wp\/v2\/product_tag?post=1835"}],"curies":[{"name":"wp","href":"https:\/\/api.w.org\/{rel}","templated":true}]}}