{"id":1730,"date":"2023-08-30T05:10:15","date_gmt":"2023-08-30T05:10:15","guid":{"rendered":"https:\/\/musclenutrition.com.mx\/?post_type=product&#038;p=1730"},"modified":"2026-04-01T10:06:56","modified_gmt":"2026-04-01T16:06:56","slug":"gat-testrol-platinum","status":"publish","type":"product","link":"https:\/\/www.musclenutrition.com.mx\/index.php\/producto\/gat-testrol-platinum\/","title":{"rendered":"GAT TESTROL PLATINUM"},"content":{"rendered":"<p><strong>GAT TESTROL PLATINUM<\/strong><\/p>\n<p>Hasta un 132 % de aumento en los niveles de prueba<\/p>\n<p>Nuevo TESTROL PLATINUM aumenta de forma natural la testosterona libre y total de un hombre para restaurar el vigor juvenil y en\u00e9rgico y revivir ese sentimiento masculino de dominaci\u00f3n. Nuestra f\u00f3rmula sin\u00e9rgica y personalizada PLATINUM contiene vitaminas, minerales y hierbas de apoyo.<\/p>\n<p>Eucommia combinado con el Extracto de Corteza de Ulmoides es el amplificador perfecto de las hormonas sexuales masculinas. Es el nuevo fitoandr\u00f3geno que se une y potencia el receptor de andr\u00f3genos. Tambi\u00e9n agregamos LJ-100\u00ae, el principal ingrediente de pro-testosterona respaldado cl\u00ednicamente reconocido como una alternativa natural a la Terapia de Reemplazo de Testosterona.<\/p>\n<p>Se ha demostrado que aumenta la testosterona total hasta en un 132 %. Acelera al m\u00e1ximo rendimiento y al verdadero estado ALPHA con el NUEVO Testrol Platinum<\/p>\n","protected":false},"excerpt":{"rendered":"<p>GAT TESTROL PLATINUM Hasta un 132 % de aumento en los niveles de prueba Nuevo TESTROL PLATINUM aumenta de forma natural la testosterona libre y total de un hombre para restaurar el vigor juvenil y en\u00e9rgico y revivir ese sentimiento masculino de dominaci\u00f3n. Nuestra f\u00f3rmula sin\u00e9rgica y personalizada PLATINUM contiene vitaminas, minerales y hierbas de &hellip;<\/p>\n<p class=\"read-more\"> <a class=\"\" href=\"https:\/\/www.musclenutrition.com.mx\/index.php\/producto\/gat-testrol-platinum\/\"> <span class=\"screen-reader-text\">GAT TESTROL PLATINUM<\/span> Leer m\u00e1s &raquo;<\/a><\/p>\n","protected":false},"featured_media":1731,"comment_status":"open","ping_status":"closed","template":"","meta":{"_uag_custom_page_level_css":"","site-sidebar-layout":"default","site-content-layout":"default","ast-global-header-display":"","ast-banner-title-visibility":"","ast-main-header-display":"","ast-hfb-above-header-display":"","ast-hfb-below-header-display":"","ast-hfb-mobile-header-display":"","site-post-title":"","ast-breadcrumbs-content":"","ast-featured-img":"","footer-sml-layout":"","theme-transparent-header-meta":"default","adv-header-id-meta":"","stick-header-meta":"","header-above-stick-meta":"","header-main-stick-meta":"","header-below-stick-meta":""},"product_brand":[],"product_cat":[39],"product_tag":[],"class_list":{"0":"post-1730","1":"product","2":"type-product","3":"status-publish","4":"has-post-thumbnail","6":"product_cat-precursores","7":"desktop-align-left","8":"tablet-align-left","9":"mobile-align-left","11":"first","12":"instock","13":"shipping-taxable","14":"purchasable","15":"product-type-simple"},"ams_default_variation_id":0,"ams_product_points_reward":[],"ams_product_discount_percentage":0,"ams_price_to_display":700,"ams_acf":[],"uagb_featured_image_src":{"full":["https:\/\/www.musclenutrition.com.mx\/wp-content\/uploads\/2023\/08\/TEST.png",806,807,false],"thumbnail":["https:\/\/www.musclenutrition.com.mx\/wp-content\/uploads\/2023\/08\/TEST-150x150.png",150,150,true],"medium":["https:\/\/www.musclenutrition.com.mx\/wp-content\/uploads\/2023\/08\/TEST-300x300.png",300,300,true],"medium_large":["https:\/\/www.musclenutrition.com.mx\/wp-content\/uploads\/2023\/08\/TEST-768x769.png",768,769,true],"large":["https:\/\/www.musclenutrition.com.mx\/wp-content\/uploads\/2023\/08\/TEST.png",806,807,false],"1536x1536":["https:\/\/www.musclenutrition.com.mx\/wp-content\/uploads\/2023\/08\/TEST.png",806,807,false],"2048x2048":["https:\/\/www.musclenutrition.com.mx\/wp-content\/uploads\/2023\/08\/TEST.png",806,807,false],"woocommerce_thumbnail":["https:\/\/www.musclenutrition.com.mx\/wp-content\/uploads\/2023\/08\/TEST-300x300.png",300,300,true],"woocommerce_single":["https:\/\/www.musclenutrition.com.mx\/wp-content\/uploads\/2023\/08\/TEST-600x601.png",600,601,true],"woocommerce_gallery_thumbnail":["https:\/\/www.musclenutrition.com.mx\/wp-content\/uploads\/2023\/08\/TEST-100x100.png",100,100,true],"dgwt-wcas-product-suggestion":["https:\/\/www.musclenutrition.com.mx\/wp-content\/uploads\/2023\/08\/TEST-64x64.png",64,64,true]},"uagb_author_info":{"display_name":"benjaming","author_link":"https:\/\/www.musclenutrition.com.mx\/index.php\/author\/"},"uagb_comment_info":0,"uagb_excerpt":"GAT TESTROL PLATINUM Hasta un 132 % de aumento en los niveles de prueba Nuevo TESTROL PLATINUM aumenta de forma natural la testosterona libre y total de un hombre para restaurar el vigor juvenil y en\u00e9rgico y revivir ese sentimiento masculino de dominaci\u00f3n. Nuestra f\u00f3rmula sin\u00e9rgica y personalizada PLATINUM contiene vitaminas, minerales y hierbas de&hellip;","_links":{"self":[{"href":"https:\/\/www.musclenutrition.com.mx\/index.php\/wp-json\/wp\/v2\/product\/1730","targetHints":{"allow":["GET"]}}],"collection":[{"href":"https:\/\/www.musclenutrition.com.mx\/index.php\/wp-json\/wp\/v2\/product"}],"about":[{"href":"https:\/\/www.musclenutrition.com.mx\/index.php\/wp-json\/wp\/v2\/types\/product"}],"replies":[{"embeddable":true,"href":"https:\/\/www.musclenutrition.com.mx\/index.php\/wp-json\/wp\/v2\/comments?post=1730"}],"wp:featuredmedia":[{"embeddable":true,"href":"https:\/\/www.musclenutrition.com.mx\/index.php\/wp-json\/wp\/v2\/media\/1731"}],"wp:attachment":[{"href":"https:\/\/www.musclenutrition.com.mx\/index.php\/wp-json\/wp\/v2\/media?parent=1730"}],"wp:term":[{"taxonomy":"product_brand","embeddable":true,"href":"https:\/\/www.musclenutrition.com.mx\/index.php\/wp-json\/wp\/v2\/product_brand?post=1730"},{"taxonomy":"product_cat","embeddable":true,"href":"https:\/\/www.musclenutrition.com.mx\/index.php\/wp-json\/wp\/v2\/product_cat?post=1730"},{"taxonomy":"product_tag","embeddable":true,"href":"https:\/\/www.musclenutrition.com.mx\/index.php\/wp-json\/wp\/v2\/product_tag?post=1730"}],"curies":[{"name":"wp","href":"https:\/\/api.w.org\/{rel}","templated":true}]}}