{"id":1727,"date":"2023-08-30T05:02:01","date_gmt":"2023-08-30T11:02:01","guid":{"rendered":"https:\/\/musclenutrition.com.mx\/?post_type=product&#038;p=1727"},"modified":"2026-03-27T18:10:55","modified_gmt":"2026-03-28T00:10:55","slug":"gat-testrol-gold","status":"publish","type":"product","link":"https:\/\/www.musclenutrition.com.mx\/index.php\/producto\/gat-testrol-gold\/","title":{"rendered":"GAT TESTROL GOLD"},"content":{"rendered":"<p><strong>GAT TESTROL GOLD<\/strong><\/p>\n<p>Testrol Gold ES es el reforzador de testosterona para hombres avanzado de GAT. Esta f\u00f3rmula cient\u00edficamente dosificada respalda naturalmente el rendimiento, la resistencia, la fuerza y la testosterona masculinas, con el beneficio agregado de los reguladores hormonales.<\/p>\n<p>Contiene DIM, abreviatura de 3,3&#8217;\u2013 Diindolylmethane, un compuesto de indol-3-carbinol (I3C), un fitonutriente que ofrece soporte de equilibrio de estr\u00f3geno para los hombres. DIM apoya la actividad de enzimas espec\u00edficas que soportan proporciones normales de estr\u00f3geno que optimizan la testosterona los niveles hormonales ya est\u00e1n dentro del rango normal.<\/p>\n<p>Mejora de la testosterona agregada con PrimaVie\u00ae: un dep\u00f3sito mineral de shilajit de alta calidad, cl\u00ednicamente probado, del Himalaya. Estudiado para aumentar la testosterona total, la testosterona libre y la DHEA.<\/p>\n","protected":false},"excerpt":{"rendered":"<p>GAT TESTROL GOLD Testrol Gold ES es el reforzador de testosterona para hombres avanzado de GAT. Esta f\u00f3rmula cient\u00edficamente dosificada respalda naturalmente el rendimiento, la resistencia, la fuerza y la testosterona masculinas, con el beneficio agregado de los reguladores hormonales. Contiene DIM, abreviatura de 3,3&#8217;\u2013 Diindolylmethane, un compuesto de indol-3-carbinol (I3C), un fitonutriente que ofrece &hellip;<\/p>\n<p class=\"read-more\"> <a class=\"\" href=\"https:\/\/www.musclenutrition.com.mx\/index.php\/producto\/gat-testrol-gold\/\"> <span class=\"screen-reader-text\">GAT TESTROL GOLD<\/span> Leer m\u00e1s &raquo;<\/a><\/p>\n","protected":false},"featured_media":1734,"comment_status":"open","ping_status":"closed","template":"","meta":{"_uag_custom_page_level_css":"","site-sidebar-layout":"default","site-content-layout":"default","ast-global-header-display":"","ast-banner-title-visibility":"","ast-main-header-display":"","ast-hfb-above-header-display":"","ast-hfb-below-header-display":"","ast-hfb-mobile-header-display":"","site-post-title":"","ast-breadcrumbs-content":"","ast-featured-img":"","footer-sml-layout":"","theme-transparent-header-meta":"default","adv-header-id-meta":"","stick-header-meta":"","header-above-stick-meta":"","header-main-stick-meta":"","header-below-stick-meta":""},"product_brand":[],"product_cat":[39],"product_tag":[],"class_list":{"0":"post-1727","1":"product","2":"type-product","3":"status-publish","4":"has-post-thumbnail","6":"product_cat-precursores","7":"desktop-align-left","8":"tablet-align-left","9":"mobile-align-left","11":"first","12":"instock","13":"shipping-taxable","14":"purchasable","15":"product-type-simple"},"ams_default_variation_id":0,"ams_product_points_reward":[],"ams_product_discount_percentage":0,"ams_price_to_display":490,"ams_acf":[],"uagb_featured_image_src":{"full":["https:\/\/www.musclenutrition.com.mx\/wp-content\/uploads\/2023\/08\/TESTOGOLD.jpg",414,414,false],"thumbnail":["https:\/\/www.musclenutrition.com.mx\/wp-content\/uploads\/2023\/08\/TESTOGOLD-150x150.jpg",150,150,true],"medium":["https:\/\/www.musclenutrition.com.mx\/wp-content\/uploads\/2023\/08\/TESTOGOLD-300x300.jpg",300,300,true],"medium_large":["https:\/\/www.musclenutrition.com.mx\/wp-content\/uploads\/2023\/08\/TESTOGOLD.jpg",414,414,false],"large":["https:\/\/www.musclenutrition.com.mx\/wp-content\/uploads\/2023\/08\/TESTOGOLD.jpg",414,414,false],"1536x1536":["https:\/\/www.musclenutrition.com.mx\/wp-content\/uploads\/2023\/08\/TESTOGOLD.jpg",414,414,false],"2048x2048":["https:\/\/www.musclenutrition.com.mx\/wp-content\/uploads\/2023\/08\/TESTOGOLD.jpg",414,414,false],"woocommerce_thumbnail":["https:\/\/www.musclenutrition.com.mx\/wp-content\/uploads\/2023\/08\/TESTOGOLD-300x300.jpg",300,300,true],"woocommerce_single":["https:\/\/www.musclenutrition.com.mx\/wp-content\/uploads\/2023\/08\/TESTOGOLD.jpg",414,414,false],"woocommerce_gallery_thumbnail":["https:\/\/www.musclenutrition.com.mx\/wp-content\/uploads\/2023\/08\/TESTOGOLD-100x100.jpg",100,100,true],"dgwt-wcas-product-suggestion":["https:\/\/www.musclenutrition.com.mx\/wp-content\/uploads\/2023\/08\/TESTOGOLD-64x64.jpg",64,64,true]},"uagb_author_info":{"display_name":"benjaming","author_link":"https:\/\/www.musclenutrition.com.mx\/index.php\/author\/"},"uagb_comment_info":0,"uagb_excerpt":"GAT TESTROL GOLD Testrol Gold ES es el reforzador de testosterona para hombres avanzado de GAT. Esta f\u00f3rmula cient\u00edficamente dosificada respalda naturalmente el rendimiento, la resistencia, la fuerza y la testosterona masculinas, con el beneficio agregado de los reguladores hormonales. Contiene DIM, abreviatura de 3,3&#8217;\u2013 Diindolylmethane, un compuesto de indol-3-carbinol (I3C), un fitonutriente que ofrece&hellip;","_links":{"self":[{"href":"https:\/\/www.musclenutrition.com.mx\/index.php\/wp-json\/wp\/v2\/product\/1727","targetHints":{"allow":["GET"]}}],"collection":[{"href":"https:\/\/www.musclenutrition.com.mx\/index.php\/wp-json\/wp\/v2\/product"}],"about":[{"href":"https:\/\/www.musclenutrition.com.mx\/index.php\/wp-json\/wp\/v2\/types\/product"}],"replies":[{"embeddable":true,"href":"https:\/\/www.musclenutrition.com.mx\/index.php\/wp-json\/wp\/v2\/comments?post=1727"}],"wp:featuredmedia":[{"embeddable":true,"href":"https:\/\/www.musclenutrition.com.mx\/index.php\/wp-json\/wp\/v2\/media\/1734"}],"wp:attachment":[{"href":"https:\/\/www.musclenutrition.com.mx\/index.php\/wp-json\/wp\/v2\/media?parent=1727"}],"wp:term":[{"taxonomy":"product_brand","embeddable":true,"href":"https:\/\/www.musclenutrition.com.mx\/index.php\/wp-json\/wp\/v2\/product_brand?post=1727"},{"taxonomy":"product_cat","embeddable":true,"href":"https:\/\/www.musclenutrition.com.mx\/index.php\/wp-json\/wp\/v2\/product_cat?post=1727"},{"taxonomy":"product_tag","embeddable":true,"href":"https:\/\/www.musclenutrition.com.mx\/index.php\/wp-json\/wp\/v2\/product_tag?post=1727"}],"curies":[{"name":"wp","href":"https:\/\/api.w.org\/{rel}","templated":true}]}}