{"id":1723,"date":"2023-08-30T04:54:15","date_gmt":"2023-08-30T04:54:15","guid":{"rendered":"https:\/\/musclenutrition.com.mx\/?post_type=product&#038;p=1723"},"modified":"2026-03-27T18:10:29","modified_gmt":"2026-03-28T00:10:29","slug":"gat-testrol-original","status":"publish","type":"product","link":"https:\/\/www.musclenutrition.com.mx\/index.php\/producto\/gat-testrol-original\/","title":{"rendered":"GAT TESTROL ORIGINAL"},"content":{"rendered":"<p><strong>GAT TESTROL<\/strong><\/p>\n<p>Testrol de laboratorios GAT contiene la \u00faltima mezcla once componentes, relacionados con la testosterona, que han demostrado cl\u00ednicamente que construyen la musculatura y aumentan la impulsi\u00f3n sexual.<br \/>\nTestrol es una potente f\u00f3rmula que contiene 2000mg de ingredientes de alta potencia tales como el Tribulus Terrestris, Xanthoparmelia, Cnidium Monnier, Avena Sativa, Damiana, Tongkat Ali, Selenio, Saw Palmetto, Macuna Puriens, APG Gold (L-Arginina), y Gingko Biloba.<br \/>\nResumen de ingredientes:<br \/>\n1) Xanthoparmelia Scabrosa &#8211; induce la relajaci\u00f3n muscular, soportando una dilataci\u00f3n arterial m\u00e1xima y un flujo creciente de sangre.<br \/>\n2) Cnidium Monnier &#8211; Aumenta la liberaci\u00f3n del \u00f3xido n\u00edtrico e inhibe la PDE-5, permitiendo que las erecciones sean sostenidas durante per\u00edodos de tiempo m\u00e1s largos.<br \/>\n3) L-Arginina \u2013 produce aumentos naturales del \u00f3xido n\u00edtrico, conduciendo a una erecci\u00f3n m\u00e1s r\u00edgida.<br \/>\n4) Epidemium- Horney Goat Seed \u2013 es conocido por la ciencia que aumenta la impulsi\u00f3n sexual. Testrol utiliza un extracto de 20:1 (5 veces m\u00e1s potente que la competencia!) para asegurar un \u201cest\u00edmulo M\u00c1XIMO!\u201d<\/p>\n","protected":false},"excerpt":{"rendered":"<p>GAT TESTROL Testrol de laboratorios GAT contiene la \u00faltima mezcla once componentes, relacionados con la testosterona, que han demostrado cl\u00ednicamente que construyen la musculatura y aumentan la impulsi\u00f3n sexual. Testrol es una potente f\u00f3rmula que contiene 2000mg de ingredientes de alta potencia tales como el Tribulus Terrestris, Xanthoparmelia, Cnidium Monnier, Avena Sativa, Damiana, Tongkat Ali, &hellip;<\/p>\n<p class=\"read-more\"> <a class=\"\" href=\"https:\/\/www.musclenutrition.com.mx\/index.php\/producto\/gat-testrol-original\/\"> <span class=\"screen-reader-text\">GAT TESTROL ORIGINAL<\/span> Leer m\u00e1s &raquo;<\/a><\/p>\n","protected":false},"featured_media":1724,"comment_status":"open","ping_status":"closed","template":"","meta":{"_uag_custom_page_level_css":"","site-sidebar-layout":"default","site-content-layout":"default","ast-global-header-display":"","ast-banner-title-visibility":"","ast-main-header-display":"","ast-hfb-above-header-display":"","ast-hfb-below-header-display":"","ast-hfb-mobile-header-display":"","site-post-title":"","ast-breadcrumbs-content":"","ast-featured-img":"","footer-sml-layout":"","theme-transparent-header-meta":"default","adv-header-id-meta":"","stick-header-meta":"","header-above-stick-meta":"","header-main-stick-meta":"","header-below-stick-meta":""},"product_brand":[],"product_cat":[39],"product_tag":[],"class_list":{"0":"post-1723","1":"product","2":"type-product","3":"status-publish","4":"has-post-thumbnail","6":"product_cat-precursores","7":"desktop-align-left","8":"tablet-align-left","9":"mobile-align-left","11":"first","12":"instock","13":"shipping-taxable","14":"purchasable","15":"product-type-simple"},"ams_default_variation_id":0,"ams_product_points_reward":[],"ams_product_discount_percentage":0,"ams_price_to_display":460,"ams_acf":[],"uagb_featured_image_src":{"full":["https:\/\/www.musclenutrition.com.mx\/wp-content\/uploads\/2023\/08\/image-b353956cd64041db9a13d8156289ae0e.webp",1500,1500,false],"thumbnail":["https:\/\/www.musclenutrition.com.mx\/wp-content\/uploads\/2023\/08\/image-b353956cd64041db9a13d8156289ae0e-150x150.webp",150,150,true],"medium":["https:\/\/www.musclenutrition.com.mx\/wp-content\/uploads\/2023\/08\/image-b353956cd64041db9a13d8156289ae0e-300x300.webp",300,300,true],"medium_large":["https:\/\/www.musclenutrition.com.mx\/wp-content\/uploads\/2023\/08\/image-b353956cd64041db9a13d8156289ae0e-768x768.webp",768,768,true],"large":["https:\/\/www.musclenutrition.com.mx\/wp-content\/uploads\/2023\/08\/image-b353956cd64041db9a13d8156289ae0e-1024x1024.webp",1024,1024,true],"1536x1536":["https:\/\/www.musclenutrition.com.mx\/wp-content\/uploads\/2023\/08\/image-b353956cd64041db9a13d8156289ae0e.webp",1500,1500,false],"2048x2048":["https:\/\/www.musclenutrition.com.mx\/wp-content\/uploads\/2023\/08\/image-b353956cd64041db9a13d8156289ae0e.webp",1500,1500,false],"woocommerce_thumbnail":["https:\/\/www.musclenutrition.com.mx\/wp-content\/uploads\/2023\/08\/image-b353956cd64041db9a13d8156289ae0e-300x300.webp",300,300,true],"woocommerce_single":["https:\/\/www.musclenutrition.com.mx\/wp-content\/uploads\/2023\/08\/image-b353956cd64041db9a13d8156289ae0e-600x600.webp",600,600,true],"woocommerce_gallery_thumbnail":["https:\/\/www.musclenutrition.com.mx\/wp-content\/uploads\/2023\/08\/image-b353956cd64041db9a13d8156289ae0e-100x100.webp",100,100,true],"dgwt-wcas-product-suggestion":["https:\/\/www.musclenutrition.com.mx\/wp-content\/uploads\/2023\/08\/image-b353956cd64041db9a13d8156289ae0e-64x64.webp",64,64,true]},"uagb_author_info":{"display_name":"benjaming","author_link":"https:\/\/www.musclenutrition.com.mx\/index.php\/author\/"},"uagb_comment_info":0,"uagb_excerpt":"GAT TESTROL Testrol de laboratorios GAT contiene la \u00faltima mezcla once componentes, relacionados con la testosterona, que han demostrado cl\u00ednicamente que construyen la musculatura y aumentan la impulsi\u00f3n sexual. Testrol es una potente f\u00f3rmula que contiene 2000mg de ingredientes de alta potencia tales como el Tribulus Terrestris, Xanthoparmelia, Cnidium Monnier, Avena Sativa, Damiana, Tongkat Ali,&hellip;","_links":{"self":[{"href":"https:\/\/www.musclenutrition.com.mx\/index.php\/wp-json\/wp\/v2\/product\/1723","targetHints":{"allow":["GET"]}}],"collection":[{"href":"https:\/\/www.musclenutrition.com.mx\/index.php\/wp-json\/wp\/v2\/product"}],"about":[{"href":"https:\/\/www.musclenutrition.com.mx\/index.php\/wp-json\/wp\/v2\/types\/product"}],"replies":[{"embeddable":true,"href":"https:\/\/www.musclenutrition.com.mx\/index.php\/wp-json\/wp\/v2\/comments?post=1723"}],"wp:featuredmedia":[{"embeddable":true,"href":"https:\/\/www.musclenutrition.com.mx\/index.php\/wp-json\/wp\/v2\/media\/1724"}],"wp:attachment":[{"href":"https:\/\/www.musclenutrition.com.mx\/index.php\/wp-json\/wp\/v2\/media?parent=1723"}],"wp:term":[{"taxonomy":"product_brand","embeddable":true,"href":"https:\/\/www.musclenutrition.com.mx\/index.php\/wp-json\/wp\/v2\/product_brand?post=1723"},{"taxonomy":"product_cat","embeddable":true,"href":"https:\/\/www.musclenutrition.com.mx\/index.php\/wp-json\/wp\/v2\/product_cat?post=1723"},{"taxonomy":"product_tag","embeddable":true,"href":"https:\/\/www.musclenutrition.com.mx\/index.php\/wp-json\/wp\/v2\/product_tag?post=1723"}],"curies":[{"name":"wp","href":"https:\/\/api.w.org\/{rel}","templated":true}]}}