{"id":1654,"date":"2023-08-27T22:08:54","date_gmt":"2023-08-27T22:08:54","guid":{"rendered":"https:\/\/musclenutrition.com.mx\/?post_type=product&#038;p=1654"},"modified":"2025-03-13T19:46:56","modified_gmt":"2025-03-14T01:46:56","slug":"nutrex-lipo-6-training-orange-mango","status":"publish","type":"product","link":"https:\/\/www.musclenutrition.com.mx\/index.php\/producto\/nutrex-lipo-6-training-orange-mango\/","title":{"rendered":"NUTREX LIPO 6 TRAINING"},"content":{"rendered":"<p><strong>LIPO 6<\/strong><\/p>\n<p>LIPO-6 BLACK ULTRA CONCENTRATE es un quemagrasas muy fuerte. Es tan fuerte que nunca puedes tomar m\u00e1s de una pastilla por porci\u00f3n. Esta es una ayuda para la p\u00e9rdida de grasa s\u00faper potente y ultraconcentrada que est\u00e1 dise\u00f1ada para ayudar completamente a su cuerpo a quemar grasa.<br \/>\nLIPO-6 BLACK UC ayuda a activar su metabolismo para estimular la quema de calor\u00edas. Apoya el control del apetito para ayudar a prevenir los antojos de alimentos y comer en exceso. Tambi\u00e9n promueve la energ\u00eda y el estado de alerta, por lo que puede mantener alto su nivel de actividad mientras hace dieta.<br \/>\nLa ventaja termog\u00e9nica<br \/>\nLIPO-6 BLACK ULTRA CONCENTRATE contiene Advantra Z\u00ae cl\u00ednicamente probado junto con yohimbina, rauwolscina, teobromina y cafe\u00edna. Este quinteto de ingredientes ayuda a promover un fuerte efecto termog\u00e9nico.<br \/>\nLa termog\u00e9nesis genera calor, lo que hace que su cuerpo queme grasa. Es posible que sienta m\u00e1s calor y sude m\u00e1s. Al tomar una pastilla dos veces al d\u00eda, puede avivar su horno interno y apoyar constantemente la quema de grasa.<\/p>\n","protected":false},"excerpt":{"rendered":"<p>LIPO 6 LIPO-6 BLACK ULTRA CONCENTRATE es un quemagrasas muy fuerte. Es tan fuerte que nunca puedes tomar m\u00e1s de una pastilla por porci\u00f3n. Esta es una ayuda para la p\u00e9rdida de grasa s\u00faper potente y ultraconcentrada que est\u00e1 dise\u00f1ada para ayudar completamente a su cuerpo a quemar grasa. LIPO-6 BLACK UC ayuda a activar &hellip;<\/p>\n<p class=\"read-more\"> <a class=\"\" href=\"https:\/\/www.musclenutrition.com.mx\/index.php\/producto\/nutrex-lipo-6-training-orange-mango\/\"> <span class=\"screen-reader-text\">NUTREX LIPO 6 TRAINING<\/span> Leer m\u00e1s &raquo;<\/a><\/p>\n","protected":false},"featured_media":2327,"comment_status":"open","ping_status":"closed","template":"","meta":{"_uag_custom_page_level_css":"","site-sidebar-layout":"default","site-content-layout":"default","ast-global-header-display":"","ast-banner-title-visibility":"","ast-main-header-display":"","ast-hfb-above-header-display":"","ast-hfb-below-header-display":"","ast-hfb-mobile-header-display":"","site-post-title":"","ast-breadcrumbs-content":"","ast-featured-img":"","footer-sml-layout":"","theme-transparent-header-meta":"default","adv-header-id-meta":"","stick-header-meta":"","header-above-stick-meta":"","header-main-stick-meta":"","header-below-stick-meta":""},"product_brand":[],"product_cat":[15],"product_tag":[],"class_list":{"0":"post-1654","1":"product","2":"type-product","3":"status-publish","4":"has-post-thumbnail","6":"product_cat-sin-categorizar","7":"desktop-align-left","8":"tablet-align-left","9":"mobile-align-left","11":"first","12":"outofstock","13":"shipping-taxable","14":"purchasable","15":"product-type-variable"},"ams_default_variation_id":0,"ams_product_points_reward":[],"ams_product_discount_percentage":0,"ams_price_to_display":390,"ams_acf":[],"uagb_featured_image_src":{"full":["https:\/\/www.musclenutrition.com.mx\/wp-content\/uploads\/2023\/08\/LIPO-6-TRAINING.webp",1200,1200,false],"thumbnail":["https:\/\/www.musclenutrition.com.mx\/wp-content\/uploads\/2023\/08\/LIPO-6-TRAINING-150x150.webp",150,150,true],"medium":["https:\/\/www.musclenutrition.com.mx\/wp-content\/uploads\/2023\/08\/LIPO-6-TRAINING-300x300.webp",300,300,true],"medium_large":["https:\/\/www.musclenutrition.com.mx\/wp-content\/uploads\/2023\/08\/LIPO-6-TRAINING-768x768.webp",768,768,true],"large":["https:\/\/www.musclenutrition.com.mx\/wp-content\/uploads\/2023\/08\/LIPO-6-TRAINING-1024x1024.webp",1024,1024,true],"1536x1536":["https:\/\/www.musclenutrition.com.mx\/wp-content\/uploads\/2023\/08\/LIPO-6-TRAINING.webp",1200,1200,false],"2048x2048":["https:\/\/www.musclenutrition.com.mx\/wp-content\/uploads\/2023\/08\/LIPO-6-TRAINING.webp",1200,1200,false],"woocommerce_thumbnail":["https:\/\/www.musclenutrition.com.mx\/wp-content\/uploads\/2023\/08\/LIPO-6-TRAINING-300x300.webp",300,300,true],"woocommerce_single":["https:\/\/www.musclenutrition.com.mx\/wp-content\/uploads\/2023\/08\/LIPO-6-TRAINING-600x600.webp",600,600,true],"woocommerce_gallery_thumbnail":["https:\/\/www.musclenutrition.com.mx\/wp-content\/uploads\/2023\/08\/LIPO-6-TRAINING-100x100.webp",100,100,true],"dgwt-wcas-product-suggestion":["https:\/\/www.musclenutrition.com.mx\/wp-content\/uploads\/2023\/08\/LIPO-6-TRAINING-64x64.webp",64,64,true]},"uagb_author_info":{"display_name":"benjaming","author_link":"https:\/\/www.musclenutrition.com.mx\/index.php\/author\/"},"uagb_comment_info":0,"uagb_excerpt":"LIPO 6 LIPO-6 BLACK ULTRA CONCENTRATE es un quemagrasas muy fuerte. Es tan fuerte que nunca puedes tomar m\u00e1s de una pastilla por porci\u00f3n. Esta es una ayuda para la p\u00e9rdida de grasa s\u00faper potente y ultraconcentrada que est\u00e1 dise\u00f1ada para ayudar completamente a su cuerpo a quemar grasa. LIPO-6 BLACK UC ayuda a activar&hellip;","_links":{"self":[{"href":"https:\/\/www.musclenutrition.com.mx\/index.php\/wp-json\/wp\/v2\/product\/1654","targetHints":{"allow":["GET"]}}],"collection":[{"href":"https:\/\/www.musclenutrition.com.mx\/index.php\/wp-json\/wp\/v2\/product"}],"about":[{"href":"https:\/\/www.musclenutrition.com.mx\/index.php\/wp-json\/wp\/v2\/types\/product"}],"replies":[{"embeddable":true,"href":"https:\/\/www.musclenutrition.com.mx\/index.php\/wp-json\/wp\/v2\/comments?post=1654"}],"wp:featuredmedia":[{"embeddable":true,"href":"https:\/\/www.musclenutrition.com.mx\/index.php\/wp-json\/wp\/v2\/media\/2327"}],"wp:attachment":[{"href":"https:\/\/www.musclenutrition.com.mx\/index.php\/wp-json\/wp\/v2\/media?parent=1654"}],"wp:term":[{"taxonomy":"product_brand","embeddable":true,"href":"https:\/\/www.musclenutrition.com.mx\/index.php\/wp-json\/wp\/v2\/product_brand?post=1654"},{"taxonomy":"product_cat","embeddable":true,"href":"https:\/\/www.musclenutrition.com.mx\/index.php\/wp-json\/wp\/v2\/product_cat?post=1654"},{"taxonomy":"product_tag","embeddable":true,"href":"https:\/\/www.musclenutrition.com.mx\/index.php\/wp-json\/wp\/v2\/product_tag?post=1654"}],"curies":[{"name":"wp","href":"https:\/\/api.w.org\/{rel}","templated":true}]}}