{"id":1643,"date":"2023-08-27T22:02:44","date_gmt":"2023-08-27T22:02:44","guid":{"rendered":"https:\/\/musclenutrition.com.mx\/?post_type=product&#038;p=1643"},"modified":"2026-04-13T16:36:42","modified_gmt":"2026-04-13T22:36:42","slug":"lipodrene-hardcore","status":"publish","type":"product","link":"https:\/\/www.musclenutrition.com.mx\/index.php\/producto\/lipodrene-hardcore\/","title":{"rendered":"LIPODRENE HARDCORE"},"content":{"rendered":"<p><strong>LIPODRENE HARDCORE<\/strong><\/p>\n<p>Lipodrene hardcore con extracto de efedrina es un quemador de grasa que tiene el extraordinario poder para mejorar el metabolismo y quemar m\u00e1s grasa. Lipodrene con extracto de efedrina, tiene como compuesto principal la revolucionaria tecnolog\u00eda e ingredientes \u00fanicos como la efedra.<\/p>\n<p>Los estudios realizados en Lipodrene efedrina han demostrado que este producto, aumenta la temperatura corporal con el fin de empujar su cuerpo a consumir m\u00e1s energ\u00eda y por lo tanto diluir la grasa m\u00e1s r\u00e1pido. Lipodrene efedrina (ma huang), dise\u00f1ado por los laboratorios de Hi-Tech Pharmaceuticals, posee una f\u00f3rmula termog\u00e9nica que retarda la absorci\u00f3n de la serotonina, lo que permite un mejor control de peso.<\/p>\n<p>Los primeros efectos que se observara por el uso de Lipodrene Hardcore son a unos 30 minutos despu\u00e9s de tomar y pueden durar hasta seis horas. Despu\u00e9s de la primera semana de uso de Lipodrene efedra comenzara a ver los resultados causados por tomar este quemador de grasa de gran alcance. Conjuntamento con efedrina Lipodrene y una dieta baja en grasas con un programa diario de ejercicios, usted puede perder hasta 10 kilos en un mes.<\/p>\n<p>Lipodrene con extracto de efedrina ha sido creado para facilitar una r\u00e1pida p\u00e9rdida de peso, sin causar efectos significativos en p\u00e9rdida de la energ\u00eda. Lipodrene with 25mg ephedra extract contiene Hoodia Gordonii, un cactus de Sud\u00e1frica en el que se destaca por ser un poderoso supresor del apetito.<\/p>\n<p>Lipodrene con extracto de efedrina tambi\u00e9n se compone de yohimbina para concentrarse en \u00e1reas prioritarias de la grasa abdominal, caderas y gl\u00fateos. El t\u00e9 verde tambi\u00e9n forma parte de adelgazamiento de la composici\u00f3n de Lipodrene con extracto de efedrina.<br \/>\nBeneficios de Lipodrene con 25mg Ephedra Extract<\/p>\n<p>\u2022Bloquea la absorci\u00f3n de grasas en la dieta<br \/>\n\u2022Aumenta los niveles de energ\u00eda<br \/>\n\u2022Disminuye la sensaci\u00f3n de hambre<br \/>\n\u2022Ayuda a reducir la ingesta cal\u00f3rica<br \/>\n\u2022Promueve la p\u00e9rdida de peso<\/p>\n","protected":false},"excerpt":{"rendered":"<p>LIPODRENE HARDCORE Lipodrene hardcore con extracto de efedrina es un quemador de grasa que tiene el extraordinario poder para mejorar el metabolismo y quemar m\u00e1s grasa. Lipodrene con extracto de efedrina, tiene como compuesto principal la revolucionaria tecnolog\u00eda e ingredientes \u00fanicos como la efedra. Los estudios realizados en Lipodrene efedrina han demostrado que este producto, &hellip;<\/p>\n<p class=\"read-more\"> <a class=\"\" href=\"https:\/\/www.musclenutrition.com.mx\/index.php\/producto\/lipodrene-hardcore\/\"> <span class=\"screen-reader-text\">LIPODRENE HARDCORE<\/span> Leer m\u00e1s &raquo;<\/a><\/p>\n","protected":false},"featured_media":2325,"comment_status":"open","ping_status":"closed","template":"","meta":{"_uag_custom_page_level_css":"","site-sidebar-layout":"default","site-content-layout":"default","ast-global-header-display":"","ast-banner-title-visibility":"","ast-main-header-display":"","ast-hfb-above-header-display":"","ast-hfb-below-header-display":"","ast-hfb-mobile-header-display":"","site-post-title":"","ast-breadcrumbs-content":"","ast-featured-img":"","footer-sml-layout":"","theme-transparent-header-meta":"default","adv-header-id-meta":"","stick-header-meta":"","header-above-stick-meta":"","header-main-stick-meta":"","header-below-stick-meta":""},"product_brand":[],"product_cat":[36],"product_tag":[],"class_list":{"0":"post-1643","1":"product","2":"type-product","3":"status-publish","4":"has-post-thumbnail","6":"product_cat-quemadores","7":"desktop-align-left","8":"tablet-align-left","9":"mobile-align-left","11":"first","12":"outofstock","13":"shipping-taxable","14":"purchasable","15":"product-type-simple"},"ams_default_variation_id":0,"ams_product_points_reward":[],"ams_product_discount_percentage":0,"ams_price_to_display":590,"ams_acf":[],"uagb_featured_image_src":{"full":["https:\/\/www.musclenutrition.com.mx\/wp-content\/uploads\/2023\/08\/LIPODRENE-HARDCORE.webp",600,600,false],"thumbnail":["https:\/\/www.musclenutrition.com.mx\/wp-content\/uploads\/2023\/08\/LIPODRENE-HARDCORE-150x150.webp",150,150,true],"medium":["https:\/\/www.musclenutrition.com.mx\/wp-content\/uploads\/2023\/08\/LIPODRENE-HARDCORE-300x300.webp",300,300,true],"medium_large":["https:\/\/www.musclenutrition.com.mx\/wp-content\/uploads\/2023\/08\/LIPODRENE-HARDCORE.webp",600,600,false],"large":["https:\/\/www.musclenutrition.com.mx\/wp-content\/uploads\/2023\/08\/LIPODRENE-HARDCORE.webp",600,600,false],"1536x1536":["https:\/\/www.musclenutrition.com.mx\/wp-content\/uploads\/2023\/08\/LIPODRENE-HARDCORE.webp",600,600,false],"2048x2048":["https:\/\/www.musclenutrition.com.mx\/wp-content\/uploads\/2023\/08\/LIPODRENE-HARDCORE.webp",600,600,false],"woocommerce_thumbnail":["https:\/\/www.musclenutrition.com.mx\/wp-content\/uploads\/2023\/08\/LIPODRENE-HARDCORE-300x300.webp",300,300,true],"woocommerce_single":["https:\/\/www.musclenutrition.com.mx\/wp-content\/uploads\/2023\/08\/LIPODRENE-HARDCORE.webp",600,600,false],"woocommerce_gallery_thumbnail":["https:\/\/www.musclenutrition.com.mx\/wp-content\/uploads\/2023\/08\/LIPODRENE-HARDCORE-100x100.webp",100,100,true],"dgwt-wcas-product-suggestion":["https:\/\/www.musclenutrition.com.mx\/wp-content\/uploads\/2023\/08\/LIPODRENE-HARDCORE-64x64.webp",64,64,true]},"uagb_author_info":{"display_name":"benjaming","author_link":"https:\/\/www.musclenutrition.com.mx\/index.php\/author\/"},"uagb_comment_info":0,"uagb_excerpt":"LIPODRENE HARDCORE Lipodrene hardcore con extracto de efedrina es un quemador de grasa que tiene el extraordinario poder para mejorar el metabolismo y quemar m\u00e1s grasa. Lipodrene con extracto de efedrina, tiene como compuesto principal la revolucionaria tecnolog\u00eda e ingredientes \u00fanicos como la efedra. Los estudios realizados en Lipodrene efedrina han demostrado que este producto,&hellip;","_links":{"self":[{"href":"https:\/\/www.musclenutrition.com.mx\/index.php\/wp-json\/wp\/v2\/product\/1643","targetHints":{"allow":["GET"]}}],"collection":[{"href":"https:\/\/www.musclenutrition.com.mx\/index.php\/wp-json\/wp\/v2\/product"}],"about":[{"href":"https:\/\/www.musclenutrition.com.mx\/index.php\/wp-json\/wp\/v2\/types\/product"}],"replies":[{"embeddable":true,"href":"https:\/\/www.musclenutrition.com.mx\/index.php\/wp-json\/wp\/v2\/comments?post=1643"}],"wp:featuredmedia":[{"embeddable":true,"href":"https:\/\/www.musclenutrition.com.mx\/index.php\/wp-json\/wp\/v2\/media\/2325"}],"wp:attachment":[{"href":"https:\/\/www.musclenutrition.com.mx\/index.php\/wp-json\/wp\/v2\/media?parent=1643"}],"wp:term":[{"taxonomy":"product_brand","embeddable":true,"href":"https:\/\/www.musclenutrition.com.mx\/index.php\/wp-json\/wp\/v2\/product_brand?post=1643"},{"taxonomy":"product_cat","embeddable":true,"href":"https:\/\/www.musclenutrition.com.mx\/index.php\/wp-json\/wp\/v2\/product_cat?post=1643"},{"taxonomy":"product_tag","embeddable":true,"href":"https:\/\/www.musclenutrition.com.mx\/index.php\/wp-json\/wp\/v2\/product_tag?post=1643"}],"curies":[{"name":"wp","href":"https:\/\/api.w.org\/{rel}","templated":true}]}}