{"id":1639,"date":"2023-08-27T22:02:05","date_gmt":"2023-08-27T22:02:05","guid":{"rendered":"https:\/\/musclenutrition.com.mx\/?post_type=product&#038;p=1639"},"modified":"2026-04-07T15:52:06","modified_gmt":"2026-04-07T21:52:06","slug":"lipodrene-amarillas","status":"publish","type":"product","link":"https:\/\/www.musclenutrition.com.mx\/index.php\/producto\/lipodrene-amarillas\/","title":{"rendered":"LIPODRENE (AMARILLAS)"},"content":{"rendered":"<p><strong>LIPODRENE AMARILLAS<\/strong><\/p>\n<p>Lipodrene con extracto de efedrina es uno de los quemadores de grasa que tiene el extraordinario poder para mejorar el metabolismo y quemar m\u00e1s grasa. Lipodrene con extracto de efedrina, tiene como compuesto principal la revolucionaria tecnolog\u00eda e ingredientes \u00fanicos como la efedra.<\/p>\n<p>Los estudios realizados en Lipodrene efedrina han demostrado que este producto, aumenta la temperatura corporal con el fin de empujar su cuerpo a consumir m\u00e1s energ\u00eda y por lo tanto diluir la grasa m\u00e1s r\u00e1pido. Lipodrene efedrina (ma huang), dise\u00f1ado por los laboratorios de Hi-Tech Pharmaceuticals, posee una f\u00f3rmula termog\u00e9nica que retarda la absorci\u00f3n de la serotonina, lo que permite un mejor control de peso.<\/p>\n<p>Beneficios:<\/p>\n<p>Bloquea la absorci\u00f3n de grasas en la dieta<\/p>\n<p>Aumenta los niveles de energ\u00eda<\/p>\n<p>Disminuye la sensaci\u00f3n de hambre<\/p>\n<p>Ayuda a reducir la ingesta cal\u00f3rica<\/p>\n<p>Promueve la p\u00e9rdida de peso<\/p>\n","protected":false},"excerpt":{"rendered":"<p>LIPODRENE AMARILLAS Lipodrene con extracto de efedrina es uno de los quemadores de grasa que tiene el extraordinario poder para mejorar el metabolismo y quemar m\u00e1s grasa. Lipodrene con extracto de efedrina, tiene como compuesto principal la revolucionaria tecnolog\u00eda e ingredientes \u00fanicos como la efedra. Los estudios realizados en Lipodrene efedrina han demostrado que este &hellip;<\/p>\n<p class=\"read-more\"> <a class=\"\" href=\"https:\/\/www.musclenutrition.com.mx\/index.php\/producto\/lipodrene-amarillas\/\"> <span class=\"screen-reader-text\">LIPODRENE (AMARILLAS)<\/span> Leer m\u00e1s &raquo;<\/a><\/p>\n","protected":false},"featured_media":2324,"comment_status":"open","ping_status":"closed","template":"","meta":{"_uag_custom_page_level_css":"","site-sidebar-layout":"default","site-content-layout":"default","ast-global-header-display":"","ast-banner-title-visibility":"","ast-main-header-display":"","ast-hfb-above-header-display":"","ast-hfb-below-header-display":"","ast-hfb-mobile-header-display":"","site-post-title":"","ast-breadcrumbs-content":"","ast-featured-img":"","footer-sml-layout":"","theme-transparent-header-meta":"default","adv-header-id-meta":"","stick-header-meta":"","header-above-stick-meta":"","header-main-stick-meta":"","header-below-stick-meta":""},"product_brand":[],"product_cat":[36],"product_tag":[],"class_list":{"0":"post-1639","1":"product","2":"type-product","3":"status-publish","4":"has-post-thumbnail","6":"product_cat-quemadores","7":"desktop-align-left","8":"tablet-align-left","9":"mobile-align-left","11":"first","12":"instock","13":"shipping-taxable","14":"purchasable","15":"product-type-simple"},"ams_default_variation_id":0,"ams_product_points_reward":[],"ams_product_discount_percentage":0,"ams_price_to_display":590,"ams_acf":[],"uagb_featured_image_src":{"full":["https:\/\/www.musclenutrition.com.mx\/wp-content\/uploads\/2023\/08\/LIPODRENE.webp",2000,2000,false],"thumbnail":["https:\/\/www.musclenutrition.com.mx\/wp-content\/uploads\/2023\/08\/LIPODRENE-150x150.webp",150,150,true],"medium":["https:\/\/www.musclenutrition.com.mx\/wp-content\/uploads\/2023\/08\/LIPODRENE-300x300.webp",300,300,true],"medium_large":["https:\/\/www.musclenutrition.com.mx\/wp-content\/uploads\/2023\/08\/LIPODRENE-768x768.webp",768,768,true],"large":["https:\/\/www.musclenutrition.com.mx\/wp-content\/uploads\/2023\/08\/LIPODRENE-1024x1024.webp",1024,1024,true],"1536x1536":["https:\/\/www.musclenutrition.com.mx\/wp-content\/uploads\/2023\/08\/LIPODRENE-1536x1536.webp",1536,1536,true],"2048x2048":["https:\/\/www.musclenutrition.com.mx\/wp-content\/uploads\/2023\/08\/LIPODRENE.webp",2000,2000,false],"woocommerce_thumbnail":["https:\/\/www.musclenutrition.com.mx\/wp-content\/uploads\/2023\/08\/LIPODRENE-300x300.webp",300,300,true],"woocommerce_single":["https:\/\/www.musclenutrition.com.mx\/wp-content\/uploads\/2023\/08\/LIPODRENE-600x600.webp",600,600,true],"woocommerce_gallery_thumbnail":["https:\/\/www.musclenutrition.com.mx\/wp-content\/uploads\/2023\/08\/LIPODRENE-100x100.webp",100,100,true],"dgwt-wcas-product-suggestion":["https:\/\/www.musclenutrition.com.mx\/wp-content\/uploads\/2023\/08\/LIPODRENE-64x64.webp",64,64,true]},"uagb_author_info":{"display_name":"benjaming","author_link":"https:\/\/www.musclenutrition.com.mx\/index.php\/author\/"},"uagb_comment_info":0,"uagb_excerpt":"LIPODRENE AMARILLAS Lipodrene con extracto de efedrina es uno de los quemadores de grasa que tiene el extraordinario poder para mejorar el metabolismo y quemar m\u00e1s grasa. Lipodrene con extracto de efedrina, tiene como compuesto principal la revolucionaria tecnolog\u00eda e ingredientes \u00fanicos como la efedra. Los estudios realizados en Lipodrene efedrina han demostrado que este&hellip;","_links":{"self":[{"href":"https:\/\/www.musclenutrition.com.mx\/index.php\/wp-json\/wp\/v2\/product\/1639","targetHints":{"allow":["GET"]}}],"collection":[{"href":"https:\/\/www.musclenutrition.com.mx\/index.php\/wp-json\/wp\/v2\/product"}],"about":[{"href":"https:\/\/www.musclenutrition.com.mx\/index.php\/wp-json\/wp\/v2\/types\/product"}],"replies":[{"embeddable":true,"href":"https:\/\/www.musclenutrition.com.mx\/index.php\/wp-json\/wp\/v2\/comments?post=1639"}],"wp:featuredmedia":[{"embeddable":true,"href":"https:\/\/www.musclenutrition.com.mx\/index.php\/wp-json\/wp\/v2\/media\/2324"}],"wp:attachment":[{"href":"https:\/\/www.musclenutrition.com.mx\/index.php\/wp-json\/wp\/v2\/media?parent=1639"}],"wp:term":[{"taxonomy":"product_brand","embeddable":true,"href":"https:\/\/www.musclenutrition.com.mx\/index.php\/wp-json\/wp\/v2\/product_brand?post=1639"},{"taxonomy":"product_cat","embeddable":true,"href":"https:\/\/www.musclenutrition.com.mx\/index.php\/wp-json\/wp\/v2\/product_cat?post=1639"},{"taxonomy":"product_tag","embeddable":true,"href":"https:\/\/www.musclenutrition.com.mx\/index.php\/wp-json\/wp\/v2\/product_tag?post=1639"}],"curies":[{"name":"wp","href":"https:\/\/api.w.org\/{rel}","templated":true}]}}