{"id":1632,"date":"2023-08-27T21:59:08","date_gmt":"2023-08-27T21:59:08","guid":{"rendered":"https:\/\/musclenutrition.com.mx\/?post_type=product&#038;p=1632"},"modified":"2025-11-05T22:12:13","modified_gmt":"2025-11-06T04:12:13","slug":"hydroxycut-hardcore-110-caps","status":"publish","type":"product","link":"https:\/\/www.musclenutrition.com.mx\/index.php\/producto\/hydroxycut-hardcore-110-caps\/","title":{"rendered":"HYDROXYCUT HARDCORE 110 CAPS"},"content":{"rendered":"<p><strong>HYDROXYCUT HARDCORE<\/strong><\/p>\n<p>Potencia a trav\u00e9s de los entrenamientos y enfrenta d\u00edas repletos. Esta f\u00f3rmula presenta una dosis cient\u00edficamente investigada de cafe\u00edna anhidra que aumenta la energ\u00eda y el enfoque mental.<br \/>\nHydroxycut Hardcore Elite brinda una experiencia termog\u00e9nica y energ\u00e9tica con una intensidad inigualable, con un ingrediente clave para la p\u00e9rdida de peso.<\/p>\n","protected":false},"excerpt":{"rendered":"<p>HYDROXYCUT HARDCORE Potencia a trav\u00e9s de los entrenamientos y enfrenta d\u00edas repletos. Esta f\u00f3rmula presenta una dosis cient\u00edficamente investigada de cafe\u00edna anhidra que aumenta la energ\u00eda y el enfoque mental. Hydroxycut Hardcore Elite brinda una experiencia termog\u00e9nica y energ\u00e9tica con una intensidad inigualable, con un ingrediente clave para la p\u00e9rdida de peso.<\/p>\n","protected":false},"featured_media":1633,"comment_status":"open","ping_status":"closed","template":"","meta":{"_uag_custom_page_level_css":"","site-sidebar-layout":"default","site-content-layout":"default","ast-global-header-display":"","ast-banner-title-visibility":"","ast-main-header-display":"","ast-hfb-above-header-display":"","ast-hfb-below-header-display":"","ast-hfb-mobile-header-display":"","site-post-title":"","ast-breadcrumbs-content":"","ast-featured-img":"","footer-sml-layout":"","theme-transparent-header-meta":"default","adv-header-id-meta":"","stick-header-meta":"","header-above-stick-meta":"","header-main-stick-meta":"","header-below-stick-meta":""},"product_brand":[],"product_cat":[15],"product_tag":[],"class_list":{"0":"post-1632","1":"product","2":"type-product","3":"status-publish","4":"has-post-thumbnail","6":"product_cat-sin-categorizar","7":"desktop-align-left","8":"tablet-align-left","9":"mobile-align-left","11":"first","12":"outofstock","13":"shipping-taxable","14":"purchasable","15":"product-type-simple"},"ams_default_variation_id":0,"ams_product_points_reward":[],"ams_product_discount_percentage":0,"ams_price_to_display":450,"ams_acf":[],"uagb_featured_image_src":{"full":["https:\/\/www.musclenutrition.com.mx\/wp-content\/uploads\/2023\/08\/Hydroxycut-Hardcore-ELITE-110-Caps_01.webp",800,800,false],"thumbnail":["https:\/\/www.musclenutrition.com.mx\/wp-content\/uploads\/2023\/08\/Hydroxycut-Hardcore-ELITE-110-Caps_01-150x150.webp",150,150,true],"medium":["https:\/\/www.musclenutrition.com.mx\/wp-content\/uploads\/2023\/08\/Hydroxycut-Hardcore-ELITE-110-Caps_01-300x300.webp",300,300,true],"medium_large":["https:\/\/www.musclenutrition.com.mx\/wp-content\/uploads\/2023\/08\/Hydroxycut-Hardcore-ELITE-110-Caps_01-768x768.webp",768,768,true],"large":["https:\/\/www.musclenutrition.com.mx\/wp-content\/uploads\/2023\/08\/Hydroxycut-Hardcore-ELITE-110-Caps_01.webp",800,800,false],"1536x1536":["https:\/\/www.musclenutrition.com.mx\/wp-content\/uploads\/2023\/08\/Hydroxycut-Hardcore-ELITE-110-Caps_01.webp",800,800,false],"2048x2048":["https:\/\/www.musclenutrition.com.mx\/wp-content\/uploads\/2023\/08\/Hydroxycut-Hardcore-ELITE-110-Caps_01.webp",800,800,false],"woocommerce_thumbnail":["https:\/\/www.musclenutrition.com.mx\/wp-content\/uploads\/2023\/08\/Hydroxycut-Hardcore-ELITE-110-Caps_01-300x300.webp",300,300,true],"woocommerce_single":["https:\/\/www.musclenutrition.com.mx\/wp-content\/uploads\/2023\/08\/Hydroxycut-Hardcore-ELITE-110-Caps_01-600x600.webp",600,600,true],"woocommerce_gallery_thumbnail":["https:\/\/www.musclenutrition.com.mx\/wp-content\/uploads\/2023\/08\/Hydroxycut-Hardcore-ELITE-110-Caps_01-100x100.webp",100,100,true],"dgwt-wcas-product-suggestion":["https:\/\/www.musclenutrition.com.mx\/wp-content\/uploads\/2023\/08\/Hydroxycut-Hardcore-ELITE-110-Caps_01.webp",64,64,false]},"uagb_author_info":{"display_name":"benjaming","author_link":"https:\/\/www.musclenutrition.com.mx\/index.php\/author\/"},"uagb_comment_info":0,"uagb_excerpt":"HYDROXYCUT HARDCORE Potencia a trav\u00e9s de los entrenamientos y enfrenta d\u00edas repletos. Esta f\u00f3rmula presenta una dosis cient\u00edficamente investigada de cafe\u00edna anhidra que aumenta la energ\u00eda y el enfoque mental. Hydroxycut Hardcore Elite brinda una experiencia termog\u00e9nica y energ\u00e9tica con una intensidad inigualable, con un ingrediente clave para la p\u00e9rdida de peso.","_links":{"self":[{"href":"https:\/\/www.musclenutrition.com.mx\/index.php\/wp-json\/wp\/v2\/product\/1632","targetHints":{"allow":["GET"]}}],"collection":[{"href":"https:\/\/www.musclenutrition.com.mx\/index.php\/wp-json\/wp\/v2\/product"}],"about":[{"href":"https:\/\/www.musclenutrition.com.mx\/index.php\/wp-json\/wp\/v2\/types\/product"}],"replies":[{"embeddable":true,"href":"https:\/\/www.musclenutrition.com.mx\/index.php\/wp-json\/wp\/v2\/comments?post=1632"}],"wp:featuredmedia":[{"embeddable":true,"href":"https:\/\/www.musclenutrition.com.mx\/index.php\/wp-json\/wp\/v2\/media\/1633"}],"wp:attachment":[{"href":"https:\/\/www.musclenutrition.com.mx\/index.php\/wp-json\/wp\/v2\/media?parent=1632"}],"wp:term":[{"taxonomy":"product_brand","embeddable":true,"href":"https:\/\/www.musclenutrition.com.mx\/index.php\/wp-json\/wp\/v2\/product_brand?post=1632"},{"taxonomy":"product_cat","embeddable":true,"href":"https:\/\/www.musclenutrition.com.mx\/index.php\/wp-json\/wp\/v2\/product_cat?post=1632"},{"taxonomy":"product_tag","embeddable":true,"href":"https:\/\/www.musclenutrition.com.mx\/index.php\/wp-json\/wp\/v2\/product_tag?post=1632"}],"curies":[{"name":"wp","href":"https:\/\/api.w.org\/{rel}","templated":true}]}}