{"id":1615,"date":"2023-08-27T21:52:30","date_gmt":"2023-08-27T21:52:30","guid":{"rendered":"https:\/\/musclenutrition.com.mx\/?post_type=product&#038;p=1615"},"modified":"2026-02-04T12:41:57","modified_gmt":"2026-02-04T18:41:57","slug":"black-widow","status":"publish","type":"product","link":"https:\/\/www.musclenutrition.com.mx\/index.php\/producto\/black-widow\/","title":{"rendered":"BLACK WIDOW"},"content":{"rendered":"<p><strong>BLACK WIDOW<\/strong><\/p>\n<p>BLACK WIDOW HTP HI-TECH 90 CAPS<\/p>\n<p>El estimulante mas reciente de de HI-TECH, hablando de capsulas para dieta y energ\u00eda ellos son los lideres.<\/p>\n<p>El principal activo de este poderoso termog\u00e9nico es el 25 mg de extracto de efedra, este poderoso estimulante es dise\u00f1ado principalmente para proporcionar esa energ\u00eda extrema que tanto buscas durante el dia tanto como en el entrenamiento.<\/p>\n<p>Este poderoso producto es el predilecto de los fans del hardcore.<\/p>\n<p>Black Widow se puede distinguir f\u00e1cilmente de otros productos por la principal caracter\u00edstica de la ara\u00f1a negra impresa en su empaque. Millones de personas disfrutan de este poderoso producto para lograr sus objetivos en quema de grasa y obtenci\u00f3n de energ\u00eda.<\/p>\n<p>Inmediatamente posterior a la toma sentir\u00e1s el poderoso efecto, dentro de los cuales notaras que tu sistema nervioso se incendia y estar\u00e1 activo en tu cuerpo por horas.<\/p>\n","protected":false},"excerpt":{"rendered":"<p>BLACK WIDOW BLACK WIDOW HTP HI-TECH 90 CAPS El estimulante mas reciente de de HI-TECH, hablando de capsulas para dieta y energ\u00eda ellos son los lideres. El principal activo de este poderoso termog\u00e9nico es el 25 mg de extracto de efedra, este poderoso estimulante es dise\u00f1ado principalmente para proporcionar esa energ\u00eda extrema que tanto buscas &hellip;<\/p>\n<p class=\"read-more\"> <a class=\"\" href=\"https:\/\/www.musclenutrition.com.mx\/index.php\/producto\/black-widow\/\"> <span class=\"screen-reader-text\">BLACK WIDOW<\/span> Leer m\u00e1s &raquo;<\/a><\/p>\n","protected":false},"featured_media":1616,"comment_status":"open","ping_status":"closed","template":"","meta":{"_uag_custom_page_level_css":"","site-sidebar-layout":"default","site-content-layout":"default","ast-global-header-display":"","ast-banner-title-visibility":"","ast-main-header-display":"","ast-hfb-above-header-display":"","ast-hfb-below-header-display":"","ast-hfb-mobile-header-display":"","site-post-title":"","ast-breadcrumbs-content":"","ast-featured-img":"","footer-sml-layout":"","theme-transparent-header-meta":"default","adv-header-id-meta":"","stick-header-meta":"","header-above-stick-meta":"","header-main-stick-meta":"","header-below-stick-meta":""},"product_brand":[],"product_cat":[36],"product_tag":[],"class_list":{"0":"post-1615","1":"product","2":"type-product","3":"status-publish","4":"has-post-thumbnail","6":"product_cat-quemadores","7":"desktop-align-left","8":"tablet-align-left","9":"mobile-align-left","11":"first","12":"instock","13":"shipping-taxable","14":"purchasable","15":"product-type-simple"},"ams_default_variation_id":0,"ams_product_points_reward":[],"ams_product_discount_percentage":0,"ams_price_to_display":550,"ams_acf":[],"uagb_featured_image_src":{"full":["https:\/\/www.musclenutrition.com.mx\/wp-content\/uploads\/2023\/08\/c963952e-daa7-4b1e-b6e3-a244899f8108.fe23607cfbc547968dffd3fd2a692f31.webp",2000,2000,false],"thumbnail":["https:\/\/www.musclenutrition.com.mx\/wp-content\/uploads\/2023\/08\/c963952e-daa7-4b1e-b6e3-a244899f8108.fe23607cfbc547968dffd3fd2a692f31-150x150.webp",150,150,true],"medium":["https:\/\/www.musclenutrition.com.mx\/wp-content\/uploads\/2023\/08\/c963952e-daa7-4b1e-b6e3-a244899f8108.fe23607cfbc547968dffd3fd2a692f31-300x300.webp",300,300,true],"medium_large":["https:\/\/www.musclenutrition.com.mx\/wp-content\/uploads\/2023\/08\/c963952e-daa7-4b1e-b6e3-a244899f8108.fe23607cfbc547968dffd3fd2a692f31-768x768.webp",768,768,true],"large":["https:\/\/www.musclenutrition.com.mx\/wp-content\/uploads\/2023\/08\/c963952e-daa7-4b1e-b6e3-a244899f8108.fe23607cfbc547968dffd3fd2a692f31-1024x1024.webp",1024,1024,true],"1536x1536":["https:\/\/www.musclenutrition.com.mx\/wp-content\/uploads\/2023\/08\/c963952e-daa7-4b1e-b6e3-a244899f8108.fe23607cfbc547968dffd3fd2a692f31-1536x1536.webp",1536,1536,true],"2048x2048":["https:\/\/www.musclenutrition.com.mx\/wp-content\/uploads\/2023\/08\/c963952e-daa7-4b1e-b6e3-a244899f8108.fe23607cfbc547968dffd3fd2a692f31.webp",2000,2000,false],"woocommerce_thumbnail":["https:\/\/www.musclenutrition.com.mx\/wp-content\/uploads\/2023\/08\/c963952e-daa7-4b1e-b6e3-a244899f8108.fe23607cfbc547968dffd3fd2a692f31-300x300.webp",300,300,true],"woocommerce_single":["https:\/\/www.musclenutrition.com.mx\/wp-content\/uploads\/2023\/08\/c963952e-daa7-4b1e-b6e3-a244899f8108.fe23607cfbc547968dffd3fd2a692f31-600x600.webp",600,600,true],"woocommerce_gallery_thumbnail":["https:\/\/www.musclenutrition.com.mx\/wp-content\/uploads\/2023\/08\/c963952e-daa7-4b1e-b6e3-a244899f8108.fe23607cfbc547968dffd3fd2a692f31-100x100.webp",100,100,true],"dgwt-wcas-product-suggestion":["https:\/\/www.musclenutrition.com.mx\/wp-content\/uploads\/2023\/08\/c963952e-daa7-4b1e-b6e3-a244899f8108.fe23607cfbc547968dffd3fd2a692f31.webp",64,64,false]},"uagb_author_info":{"display_name":"benjaming","author_link":"https:\/\/www.musclenutrition.com.mx\/index.php\/author\/"},"uagb_comment_info":0,"uagb_excerpt":"BLACK WIDOW BLACK WIDOW HTP HI-TECH 90 CAPS El estimulante mas reciente de de HI-TECH, hablando de capsulas para dieta y energ\u00eda ellos son los lideres. El principal activo de este poderoso termog\u00e9nico es el 25 mg de extracto de efedra, este poderoso estimulante es dise\u00f1ado principalmente para proporcionar esa energ\u00eda extrema que tanto buscas&hellip;","_links":{"self":[{"href":"https:\/\/www.musclenutrition.com.mx\/index.php\/wp-json\/wp\/v2\/product\/1615","targetHints":{"allow":["GET"]}}],"collection":[{"href":"https:\/\/www.musclenutrition.com.mx\/index.php\/wp-json\/wp\/v2\/product"}],"about":[{"href":"https:\/\/www.musclenutrition.com.mx\/index.php\/wp-json\/wp\/v2\/types\/product"}],"replies":[{"embeddable":true,"href":"https:\/\/www.musclenutrition.com.mx\/index.php\/wp-json\/wp\/v2\/comments?post=1615"}],"wp:featuredmedia":[{"embeddable":true,"href":"https:\/\/www.musclenutrition.com.mx\/index.php\/wp-json\/wp\/v2\/media\/1616"}],"wp:attachment":[{"href":"https:\/\/www.musclenutrition.com.mx\/index.php\/wp-json\/wp\/v2\/media?parent=1615"}],"wp:term":[{"taxonomy":"product_brand","embeddable":true,"href":"https:\/\/www.musclenutrition.com.mx\/index.php\/wp-json\/wp\/v2\/product_brand?post=1615"},{"taxonomy":"product_cat","embeddable":true,"href":"https:\/\/www.musclenutrition.com.mx\/index.php\/wp-json\/wp\/v2\/product_cat?post=1615"},{"taxonomy":"product_tag","embeddable":true,"href":"https:\/\/www.musclenutrition.com.mx\/index.php\/wp-json\/wp\/v2\/product_tag?post=1615"}],"curies":[{"name":"wp","href":"https:\/\/api.w.org\/{rel}","templated":true}]}}