{"id":1611,"date":"2023-08-27T21:50:52","date_gmt":"2023-08-27T21:50:52","guid":{"rendered":"https:\/\/musclenutrition.com.mx\/?post_type=product&#038;p=1611"},"modified":"2026-03-05T17:37:07","modified_gmt":"2026-03-05T23:37:07","slug":"asia-black-25","status":"publish","type":"product","link":"https:\/\/www.musclenutrition.com.mx\/index.php\/producto\/asia-black-25\/","title":{"rendered":"ASIA BLACK 25"},"content":{"rendered":"<p><strong>ASIA BLACK<\/strong><\/p>\n<p>Asia Black 25 capsula de Efedra son para gente que saben lo que quieren de una capsula de Efedra. La p\u00edldora diet\u00e9tica de Efedra de Asia Black 25 consiste de una combinaci\u00f3n de ECA que contiene Efedra, Cafe\u00edna y Aspirina, extendiendo su masivo poder termogenico. Si quieres quemar calor\u00edas todo el d\u00eda como si estuvieras en el GYM, necesitas probar Asia Black 25 capsula de Efedra.<\/p>\n<p>Con Asia Black 25 capsulas de Efedra obtendr\u00e1s:<\/p>\n<p>&#8211; Incremento en Metabolismo<\/p>\n<p>&#8211; Apetito suprimido<\/p>\n<p>&#8211; Energ\u00eda incrementada<\/p>\n<p>&#8211; R\u00e1pida p\u00e9rdida de peso<\/p>\n<p>Asia Black 25 trabaja a traves de termogenicos. Efedra es el m\u00e1s poderoso termogenico disponible, es por eso que se encuentra como el rey indiscutible de los ingredientes en capsulas diet\u00e9ticas. La Efedra aumenta tu temperatura corporal por muchos grados, causando que quemes calor\u00edas como un horno quema-grasas. Sabr\u00e1s que las capsulas de Asia Black 25 est\u00e1n funcionando desde la primera vez que las tomes, como una sensaci\u00f3n c\u00e1lida llenando tu n\u00facleo y Asia Black 25 contiene una INMENSA dosis de 25 mg de extracto de efedrina. Este es un suplemento serio para la gente que sabe lo que quiere y sabe c\u00f3mo alcanzar esas metas.<\/p>\n","protected":false},"excerpt":{"rendered":"<p>ASIA BLACK Asia Black 25 capsula de Efedra son para gente que saben lo que quieren de una capsula de Efedra. La p\u00edldora diet\u00e9tica de Efedra de Asia Black 25 consiste de una combinaci\u00f3n de ECA que contiene Efedra, Cafe\u00edna y Aspirina, extendiendo su masivo poder termogenico. Si quieres quemar calor\u00edas todo el d\u00eda como &hellip;<\/p>\n<p class=\"read-more\"> <a class=\"\" href=\"https:\/\/www.musclenutrition.com.mx\/index.php\/producto\/asia-black-25\/\"> <span class=\"screen-reader-text\">ASIA BLACK 25<\/span> Leer m\u00e1s &raquo;<\/a><\/p>\n","protected":false},"featured_media":1612,"comment_status":"open","ping_status":"closed","template":"","meta":{"_uag_custom_page_level_css":"","site-sidebar-layout":"default","site-content-layout":"default","ast-global-header-display":"","ast-banner-title-visibility":"","ast-main-header-display":"","ast-hfb-above-header-display":"","ast-hfb-below-header-display":"","ast-hfb-mobile-header-display":"","site-post-title":"","ast-breadcrumbs-content":"","ast-featured-img":"","footer-sml-layout":"","theme-transparent-header-meta":"default","adv-header-id-meta":"","stick-header-meta":"","header-above-stick-meta":"","header-main-stick-meta":"","header-below-stick-meta":""},"product_brand":[],"product_cat":[36],"product_tag":[],"class_list":{"0":"post-1611","1":"product","2":"type-product","3":"status-publish","4":"has-post-thumbnail","6":"product_cat-quemadores","7":"desktop-align-left","8":"tablet-align-left","9":"mobile-align-left","11":"first","12":"instock","13":"shipping-taxable","14":"purchasable","15":"product-type-simple"},"ams_default_variation_id":0,"ams_product_points_reward":[],"ams_product_discount_percentage":0,"ams_price_to_display":480,"ams_acf":[],"uagb_featured_image_src":{"full":["https:\/\/www.musclenutrition.com.mx\/wp-content\/uploads\/2023\/08\/asiablack.jpg.webp",600,600,false],"thumbnail":["https:\/\/www.musclenutrition.com.mx\/wp-content\/uploads\/2023\/08\/asiablack.jpg-150x150.webp",150,150,true],"medium":["https:\/\/www.musclenutrition.com.mx\/wp-content\/uploads\/2023\/08\/asiablack.jpg-300x300.webp",300,300,true],"medium_large":["https:\/\/www.musclenutrition.com.mx\/wp-content\/uploads\/2023\/08\/asiablack.jpg.webp",600,600,false],"large":["https:\/\/www.musclenutrition.com.mx\/wp-content\/uploads\/2023\/08\/asiablack.jpg.webp",600,600,false],"1536x1536":["https:\/\/www.musclenutrition.com.mx\/wp-content\/uploads\/2023\/08\/asiablack.jpg.webp",600,600,false],"2048x2048":["https:\/\/www.musclenutrition.com.mx\/wp-content\/uploads\/2023\/08\/asiablack.jpg.webp",600,600,false],"woocommerce_thumbnail":["https:\/\/www.musclenutrition.com.mx\/wp-content\/uploads\/2023\/08\/asiablack.jpg-300x300.webp",300,300,true],"woocommerce_single":["https:\/\/www.musclenutrition.com.mx\/wp-content\/uploads\/2023\/08\/asiablack.jpg.webp",600,600,false],"woocommerce_gallery_thumbnail":["https:\/\/www.musclenutrition.com.mx\/wp-content\/uploads\/2023\/08\/asiablack.jpg-100x100.webp",100,100,true],"dgwt-wcas-product-suggestion":["https:\/\/www.musclenutrition.com.mx\/wp-content\/uploads\/2023\/08\/asiablack.jpg.webp",64,64,false]},"uagb_author_info":{"display_name":"benjaming","author_link":"https:\/\/www.musclenutrition.com.mx\/index.php\/author\/"},"uagb_comment_info":0,"uagb_excerpt":"ASIA BLACK Asia Black 25 capsula de Efedra son para gente que saben lo que quieren de una capsula de Efedra. La p\u00edldora diet\u00e9tica de Efedra de Asia Black 25 consiste de una combinaci\u00f3n de ECA que contiene Efedra, Cafe\u00edna y Aspirina, extendiendo su masivo poder termogenico. Si quieres quemar calor\u00edas todo el d\u00eda como&hellip;","_links":{"self":[{"href":"https:\/\/www.musclenutrition.com.mx\/index.php\/wp-json\/wp\/v2\/product\/1611","targetHints":{"allow":["GET"]}}],"collection":[{"href":"https:\/\/www.musclenutrition.com.mx\/index.php\/wp-json\/wp\/v2\/product"}],"about":[{"href":"https:\/\/www.musclenutrition.com.mx\/index.php\/wp-json\/wp\/v2\/types\/product"}],"replies":[{"embeddable":true,"href":"https:\/\/www.musclenutrition.com.mx\/index.php\/wp-json\/wp\/v2\/comments?post=1611"}],"wp:featuredmedia":[{"embeddable":true,"href":"https:\/\/www.musclenutrition.com.mx\/index.php\/wp-json\/wp\/v2\/media\/1612"}],"wp:attachment":[{"href":"https:\/\/www.musclenutrition.com.mx\/index.php\/wp-json\/wp\/v2\/media?parent=1611"}],"wp:term":[{"taxonomy":"product_brand","embeddable":true,"href":"https:\/\/www.musclenutrition.com.mx\/index.php\/wp-json\/wp\/v2\/product_brand?post=1611"},{"taxonomy":"product_cat","embeddable":true,"href":"https:\/\/www.musclenutrition.com.mx\/index.php\/wp-json\/wp\/v2\/product_cat?post=1611"},{"taxonomy":"product_tag","embeddable":true,"href":"https:\/\/www.musclenutrition.com.mx\/index.php\/wp-json\/wp\/v2\/product_tag?post=1611"}],"curies":[{"name":"wp","href":"https:\/\/api.w.org\/{rel}","templated":true}]}}