{"id":1586,"date":"2023-08-27T21:41:44","date_gmt":"2023-08-27T21:41:44","guid":{"rendered":"https:\/\/musclenutrition.com.mx\/?post_type=product&#038;p=1586"},"modified":"2025-12-04T16:23:43","modified_gmt":"2025-12-04T22:23:43","slug":"the-shadow","status":"publish","type":"product","link":"https:\/\/www.musclenutrition.com.mx\/index.php\/producto\/the-shadow\/","title":{"rendered":"THE SHADOW"},"content":{"rendered":"<p><strong>Shadow X<\/strong><\/p>\n<p>S\u00f3lo una cucharada de Shadow-X y todo cambia &#8230;<br \/>\nBusca algo de metal porque cuando entre en acci\u00f3n vas a necesitar algo pesado para agarrarte.<br \/>\nShadow-X no es para los d\u00e9biles!<br \/>\nEste pre-entrenamiento entra suave, pero despierta al gigante dormido. Para una energ\u00eda monstruosa, fuerza, las sesiones de entrenamiento s\u00faper cargadas y el enfoque mental casi hipn\u00f3tica, este es el lugar!<br \/>\nUna f\u00f3rmula que no deja nada a la suerte y nada esconde.<br \/>\nSi has probado todos los dem\u00e1s pre-entrenamientos del mercado hoy en d\u00eda y piensas que ya has encontrado el m\u00e1s fuerte, entonces piense otra vez &#8230; Shadow-X har\u00e1 verdaderamente volar tu mente y dejar de clamar por m\u00e1s!!!<\/p>\n","protected":false},"excerpt":{"rendered":"<p>Shadow X S\u00f3lo una cucharada de Shadow-X y todo cambia &#8230; Busca algo de metal porque cuando entre en acci\u00f3n vas a necesitar algo pesado para agarrarte. Shadow-X no es para los d\u00e9biles! Este pre-entrenamiento entra suave, pero despierta al gigante dormido. Para una energ\u00eda monstruosa, fuerza, las sesiones de entrenamiento s\u00faper cargadas y el &hellip;<\/p>\n<p class=\"read-more\"> <a class=\"\" href=\"https:\/\/www.musclenutrition.com.mx\/index.php\/producto\/the-shadow\/\"> <span class=\"screen-reader-text\">THE SHADOW<\/span> Leer m\u00e1s &raquo;<\/a><\/p>\n","protected":false},"featured_media":1591,"comment_status":"open","ping_status":"closed","template":"","meta":{"_uag_custom_page_level_css":"","site-sidebar-layout":"default","site-content-layout":"default","ast-global-header-display":"","ast-banner-title-visibility":"","ast-main-header-display":"","ast-hfb-above-header-display":"","ast-hfb-below-header-display":"","ast-hfb-mobile-header-display":"","site-post-title":"","ast-breadcrumbs-content":"","ast-featured-img":"","footer-sml-layout":"","theme-transparent-header-meta":"default","adv-header-id-meta":"","stick-header-meta":"","header-above-stick-meta":"","header-main-stick-meta":"","header-below-stick-meta":""},"product_brand":[],"product_cat":[35],"product_tag":[],"class_list":{"0":"post-1586","1":"product","2":"type-product","3":"status-publish","4":"has-post-thumbnail","6":"product_cat-pre-entrenos","7":"desktop-align-left","8":"tablet-align-left","9":"mobile-align-left","11":"first","12":"instock","13":"shipping-taxable","14":"purchasable","15":"product-type-variable"},"ams_default_variation_id":0,"ams_product_points_reward":[],"ams_product_discount_percentage":0,"ams_price_to_display":520,"ams_acf":[],"uagb_featured_image_src":{"full":["https:\/\/www.musclenutrition.com.mx\/wp-content\/uploads\/2023\/08\/71yku4zjNIL._AC_SX425_.jpg.webp",425,479,false],"thumbnail":["https:\/\/www.musclenutrition.com.mx\/wp-content\/uploads\/2023\/08\/71yku4zjNIL._AC_SX425_.jpg-150x150.webp",150,150,true],"medium":["https:\/\/www.musclenutrition.com.mx\/wp-content\/uploads\/2023\/08\/71yku4zjNIL._AC_SX425_.jpg-266x300.webp",266,300,true],"medium_large":["https:\/\/www.musclenutrition.com.mx\/wp-content\/uploads\/2023\/08\/71yku4zjNIL._AC_SX425_.jpg.webp",425,479,false],"large":["https:\/\/www.musclenutrition.com.mx\/wp-content\/uploads\/2023\/08\/71yku4zjNIL._AC_SX425_.jpg.webp",425,479,false],"1536x1536":["https:\/\/www.musclenutrition.com.mx\/wp-content\/uploads\/2023\/08\/71yku4zjNIL._AC_SX425_.jpg.webp",425,479,false],"2048x2048":["https:\/\/www.musclenutrition.com.mx\/wp-content\/uploads\/2023\/08\/71yku4zjNIL._AC_SX425_.jpg.webp",425,479,false],"woocommerce_thumbnail":["https:\/\/www.musclenutrition.com.mx\/wp-content\/uploads\/2023\/08\/71yku4zjNIL._AC_SX425_.jpg-300x300.webp",300,300,true],"woocommerce_single":["https:\/\/www.musclenutrition.com.mx\/wp-content\/uploads\/2023\/08\/71yku4zjNIL._AC_SX425_.jpg.webp",425,479,false],"woocommerce_gallery_thumbnail":["https:\/\/www.musclenutrition.com.mx\/wp-content\/uploads\/2023\/08\/71yku4zjNIL._AC_SX425_.jpg-100x100.webp",100,100,true],"dgwt-wcas-product-suggestion":["https:\/\/www.musclenutrition.com.mx\/wp-content\/uploads\/2023\/08\/71yku4zjNIL._AC_SX425_.jpg.webp",64,72,false]},"uagb_author_info":{"display_name":"benjaming","author_link":"https:\/\/www.musclenutrition.com.mx\/index.php\/author\/"},"uagb_comment_info":0,"uagb_excerpt":"Shadow X S\u00f3lo una cucharada de Shadow-X y todo cambia &#8230; Busca algo de metal porque cuando entre en acci\u00f3n vas a necesitar algo pesado para agarrarte. Shadow-X no es para los d\u00e9biles! Este pre-entrenamiento entra suave, pero despierta al gigante dormido. Para una energ\u00eda monstruosa, fuerza, las sesiones de entrenamiento s\u00faper cargadas y el&hellip;","_links":{"self":[{"href":"https:\/\/www.musclenutrition.com.mx\/index.php\/wp-json\/wp\/v2\/product\/1586","targetHints":{"allow":["GET"]}}],"collection":[{"href":"https:\/\/www.musclenutrition.com.mx\/index.php\/wp-json\/wp\/v2\/product"}],"about":[{"href":"https:\/\/www.musclenutrition.com.mx\/index.php\/wp-json\/wp\/v2\/types\/product"}],"replies":[{"embeddable":true,"href":"https:\/\/www.musclenutrition.com.mx\/index.php\/wp-json\/wp\/v2\/comments?post=1586"}],"wp:featuredmedia":[{"embeddable":true,"href":"https:\/\/www.musclenutrition.com.mx\/index.php\/wp-json\/wp\/v2\/media\/1591"}],"wp:attachment":[{"href":"https:\/\/www.musclenutrition.com.mx\/index.php\/wp-json\/wp\/v2\/media?parent=1586"}],"wp:term":[{"taxonomy":"product_brand","embeddable":true,"href":"https:\/\/www.musclenutrition.com.mx\/index.php\/wp-json\/wp\/v2\/product_brand?post=1586"},{"taxonomy":"product_cat","embeddable":true,"href":"https:\/\/www.musclenutrition.com.mx\/index.php\/wp-json\/wp\/v2\/product_cat?post=1586"},{"taxonomy":"product_tag","embeddable":true,"href":"https:\/\/www.musclenutrition.com.mx\/index.php\/wp-json\/wp\/v2\/product_tag?post=1586"}],"curies":[{"name":"wp","href":"https:\/\/api.w.org\/{rel}","templated":true}]}}