{"id":1580,"date":"2023-08-27T21:38:25","date_gmt":"2023-08-27T21:38:25","guid":{"rendered":"https:\/\/musclenutrition.com.mx\/?post_type=product&#038;p=1580"},"modified":"2026-02-16T12:42:26","modified_gmt":"2026-02-16T18:42:26","slug":"the-curse","status":"publish","type":"product","link":"https:\/\/www.musclenutrition.com.mx\/index.php\/producto\/the-curse\/","title":{"rendered":"THE CURSE"},"content":{"rendered":"<p>The curse<\/p>\n<p>Lanzamos La Maldici\u00f3n! pre-entrenamiento en 2010 con una misi\u00f3n en mente: librar al mundo de excusas. No m\u00e1s quedarse callado. No m\u00e1s sentarse. No m\u00e1s conformismo. Solo m\u00e1s energ\u00eda, m\u00e1s resistencia y m\u00e1s resultados. Porque una vez La maldici\u00f3n! entra en acci\u00f3n, no hay vuelta atr\u00e1s y nada se interpondr\u00e1 en tu camino. Estamos hablando de una energ\u00eda insana, una fuerza salvaje, enormes bombas musculares y un enfoque mental de visi\u00f3n de t\u00fanel. Es hora de alterar el statu quo&#8230; ESTA es la medicina para el caos.<\/p>\n<p>\u00a1The curse! simplemente golpea diferente con su exclusiva Mezcla Energizante de Combustible Muscular, Mezcla Amplificador, Matriz de Control Mental y sabrosos sabores AF. Estaban Hablando:<br \/>\nMezcla de combustible muscular energizante con creatina y beta-alanina para maximizar la capacidad de ejercicio y disminuir la fatiga muscular<\/p>\n<p>Mezcla amplificadora para apoyar el flujo sangu\u00edneo y aumentar la s\u00edntesis muscular<\/p>\n<p>Matriz de control mental para aumentar la energ\u00eda y promover el enfoque mental de visi\u00f3n de t\u00fanel.<\/p>\n","protected":false},"excerpt":{"rendered":"<p>The curse Lanzamos La Maldici\u00f3n! pre-entrenamiento en 2010 con una misi\u00f3n en mente: librar al mundo de excusas. No m\u00e1s quedarse callado. No m\u00e1s sentarse. No m\u00e1s conformismo. Solo m\u00e1s energ\u00eda, m\u00e1s resistencia y m\u00e1s resultados. Porque una vez La maldici\u00f3n! entra en acci\u00f3n, no hay vuelta atr\u00e1s y nada se interpondr\u00e1 en tu camino. &hellip;<\/p>\n<p class=\"read-more\"> <a class=\"\" href=\"https:\/\/www.musclenutrition.com.mx\/index.php\/producto\/the-curse\/\"> <span class=\"screen-reader-text\">THE CURSE<\/span> Leer m\u00e1s &raquo;<\/a><\/p>\n","protected":false},"featured_media":1584,"comment_status":"open","ping_status":"closed","template":"","meta":{"_uag_custom_page_level_css":"","site-sidebar-layout":"default","site-content-layout":"default","ast-global-header-display":"","ast-banner-title-visibility":"","ast-main-header-display":"","ast-hfb-above-header-display":"","ast-hfb-below-header-display":"","ast-hfb-mobile-header-display":"","site-post-title":"","ast-breadcrumbs-content":"","ast-featured-img":"","footer-sml-layout":"","theme-transparent-header-meta":"default","adv-header-id-meta":"","stick-header-meta":"","header-above-stick-meta":"","header-main-stick-meta":"","header-below-stick-meta":""},"product_brand":[],"product_cat":[35],"product_tag":[],"class_list":{"0":"post-1580","1":"product","2":"type-product","3":"status-publish","4":"has-post-thumbnail","6":"product_cat-pre-entrenos","7":"desktop-align-left","8":"tablet-align-left","9":"mobile-align-left","11":"first","12":"instock","13":"shipping-taxable","14":"purchasable","15":"product-type-variable"},"ams_default_variation_id":0,"ams_product_points_reward":[],"ams_product_discount_percentage":0,"ams_price_to_display":500,"ams_acf":[],"uagb_featured_image_src":{"full":["https:\/\/www.musclenutrition.com.mx\/wp-content\/uploads\/2023\/08\/61XMkmbKeOL._AC_UF10001000_QL80_.jpg",947,1000,false],"thumbnail":["https:\/\/www.musclenutrition.com.mx\/wp-content\/uploads\/2023\/08\/61XMkmbKeOL._AC_UF10001000_QL80_-150x150.jpg",150,150,true],"medium":["https:\/\/www.musclenutrition.com.mx\/wp-content\/uploads\/2023\/08\/61XMkmbKeOL._AC_UF10001000_QL80_-284x300.jpg",284,300,true],"medium_large":["https:\/\/www.musclenutrition.com.mx\/wp-content\/uploads\/2023\/08\/61XMkmbKeOL._AC_UF10001000_QL80_-768x811.jpg",768,811,true],"large":["https:\/\/www.musclenutrition.com.mx\/wp-content\/uploads\/2023\/08\/61XMkmbKeOL._AC_UF10001000_QL80_.jpg",947,1000,false],"1536x1536":["https:\/\/www.musclenutrition.com.mx\/wp-content\/uploads\/2023\/08\/61XMkmbKeOL._AC_UF10001000_QL80_.jpg",947,1000,false],"2048x2048":["https:\/\/www.musclenutrition.com.mx\/wp-content\/uploads\/2023\/08\/61XMkmbKeOL._AC_UF10001000_QL80_.jpg",947,1000,false],"woocommerce_thumbnail":["https:\/\/www.musclenutrition.com.mx\/wp-content\/uploads\/2023\/08\/61XMkmbKeOL._AC_UF10001000_QL80_-300x300.jpg",300,300,true],"woocommerce_single":["https:\/\/www.musclenutrition.com.mx\/wp-content\/uploads\/2023\/08\/61XMkmbKeOL._AC_UF10001000_QL80_-600x634.jpg",600,634,true],"woocommerce_gallery_thumbnail":["https:\/\/www.musclenutrition.com.mx\/wp-content\/uploads\/2023\/08\/61XMkmbKeOL._AC_UF10001000_QL80_-100x100.jpg",100,100,true],"dgwt-wcas-product-suggestion":["https:\/\/www.musclenutrition.com.mx\/wp-content\/uploads\/2023\/08\/61XMkmbKeOL._AC_UF10001000_QL80_.jpg",64,68,false]},"uagb_author_info":{"display_name":"benjaming","author_link":"https:\/\/www.musclenutrition.com.mx\/index.php\/author\/"},"uagb_comment_info":0,"uagb_excerpt":"The curse Lanzamos La Maldici\u00f3n! pre-entrenamiento en 2010 con una misi\u00f3n en mente: librar al mundo de excusas. No m\u00e1s quedarse callado. No m\u00e1s sentarse. No m\u00e1s conformismo. Solo m\u00e1s energ\u00eda, m\u00e1s resistencia y m\u00e1s resultados. Porque una vez La maldici\u00f3n! entra en acci\u00f3n, no hay vuelta atr\u00e1s y nada se interpondr\u00e1 en tu camino.&hellip;","_links":{"self":[{"href":"https:\/\/www.musclenutrition.com.mx\/index.php\/wp-json\/wp\/v2\/product\/1580","targetHints":{"allow":["GET"]}}],"collection":[{"href":"https:\/\/www.musclenutrition.com.mx\/index.php\/wp-json\/wp\/v2\/product"}],"about":[{"href":"https:\/\/www.musclenutrition.com.mx\/index.php\/wp-json\/wp\/v2\/types\/product"}],"replies":[{"embeddable":true,"href":"https:\/\/www.musclenutrition.com.mx\/index.php\/wp-json\/wp\/v2\/comments?post=1580"}],"wp:featuredmedia":[{"embeddable":true,"href":"https:\/\/www.musclenutrition.com.mx\/index.php\/wp-json\/wp\/v2\/media\/1584"}],"wp:attachment":[{"href":"https:\/\/www.musclenutrition.com.mx\/index.php\/wp-json\/wp\/v2\/media?parent=1580"}],"wp:term":[{"taxonomy":"product_brand","embeddable":true,"href":"https:\/\/www.musclenutrition.com.mx\/index.php\/wp-json\/wp\/v2\/product_brand?post=1580"},{"taxonomy":"product_cat","embeddable":true,"href":"https:\/\/www.musclenutrition.com.mx\/index.php\/wp-json\/wp\/v2\/product_cat?post=1580"},{"taxonomy":"product_tag","embeddable":true,"href":"https:\/\/www.musclenutrition.com.mx\/index.php\/wp-json\/wp\/v2\/product_tag?post=1580"}],"curies":[{"name":"wp","href":"https:\/\/api.w.org\/{rel}","templated":true}]}}