{"id":1573,"date":"2023-08-27T21:34:50","date_gmt":"2023-08-27T21:34:50","guid":{"rendered":"https:\/\/musclenutrition.com.mx\/?post_type=product&#038;p=1573"},"modified":"2025-12-11T12:56:40","modified_gmt":"2025-12-11T18:56:40","slug":"stimul-8-hardcore","status":"publish","type":"product","link":"https:\/\/www.musclenutrition.com.mx\/index.php\/producto\/stimul-8-hardcore\/","title":{"rendered":"STIMUL 8 HARDCORE"},"content":{"rendered":"<p><strong>Stimul 8 Hardcore<\/strong><\/p>\n<p>A diferencia de STIMUL8 Original, STIMUL8 HARDCORE presenta L-Citrulline Malate, una mezcla \u00fanica de amino\u00e1cidos cl\u00ednicamente estudiada para retrasar el tiempo de fatiga para que pueda mantener sus niveles de energ\u00eda durante todo su entrenamiento. En un estudio realizado por el British Journal of Sports Medicine, los atletas que recibieron este suplemento vieron una chispa en la producci\u00f3n de ATP oxidativo durante el ejercicio hasta en un 34 por ciento. Con m\u00e1s ATP disponible para usar como energ\u00eda, sus m\u00fasculos tienen el poder de levantar m\u00e1s peso durante m\u00e1s tiempo. La L-Citrulina Malato est\u00e1 cargada de muchos otros beneficios, incluido el alivio del dolor muscular para una recuperaci\u00f3n r\u00e1pida, mayor fuerza y sirve como catalizador para la s\u00edntesis de prote\u00ednas musculares.<\/p>\n","protected":false},"excerpt":{"rendered":"<p>Stimul 8 Hardcore A diferencia de STIMUL8 Original, STIMUL8 HARDCORE presenta L-Citrulline Malate, una mezcla \u00fanica de amino\u00e1cidos cl\u00ednicamente estudiada para retrasar el tiempo de fatiga para que pueda mantener sus niveles de energ\u00eda durante todo su entrenamiento. En un estudio realizado por el British Journal of Sports Medicine, los atletas que recibieron este suplemento &hellip;<\/p>\n<p class=\"read-more\"> <a class=\"\" href=\"https:\/\/www.musclenutrition.com.mx\/index.php\/producto\/stimul-8-hardcore\/\"> <span class=\"screen-reader-text\">STIMUL 8 HARDCORE<\/span> Leer m\u00e1s &raquo;<\/a><\/p>\n","protected":false},"featured_media":1578,"comment_status":"open","ping_status":"closed","template":"","meta":{"_uag_custom_page_level_css":"","site-sidebar-layout":"default","site-content-layout":"default","ast-global-header-display":"","ast-banner-title-visibility":"","ast-main-header-display":"","ast-hfb-above-header-display":"","ast-hfb-below-header-display":"","ast-hfb-mobile-header-display":"","site-post-title":"","ast-breadcrumbs-content":"","ast-featured-img":"","footer-sml-layout":"","theme-transparent-header-meta":"default","adv-header-id-meta":"","stick-header-meta":"","header-above-stick-meta":"","header-main-stick-meta":"","header-below-stick-meta":""},"product_brand":[],"product_cat":[51,35],"product_tag":[],"class_list":{"0":"post-1573","1":"product","2":"type-product","3":"status-publish","4":"has-post-thumbnail","6":"product_cat-ofertas","7":"product_cat-pre-entrenos","8":"desktop-align-left","9":"tablet-align-left","10":"mobile-align-left","12":"first","13":"outofstock","14":"sale","15":"shipping-taxable","16":"purchasable","17":"product-type-variable"},"ams_default_variation_id":0,"ams_product_points_reward":[],"ams_product_discount_percentage":0,"ams_price_to_display":390,"ams_acf":[],"uagb_featured_image_src":{"full":["https:\/\/www.musclenutrition.com.mx\/wp-content\/uploads\/2023\/08\/Stimul8HARDCORENLUSA30srvSourTsunami5-20f_1600x_b59285e7-fa10-421c-897d-9ad73d209689_1024x1024.webp",480,640,false],"thumbnail":["https:\/\/www.musclenutrition.com.mx\/wp-content\/uploads\/2023\/08\/Stimul8HARDCORENLUSA30srvSourTsunami5-20f_1600x_b59285e7-fa10-421c-897d-9ad73d209689_1024x1024-150x150.webp",150,150,true],"medium":["https:\/\/www.musclenutrition.com.mx\/wp-content\/uploads\/2023\/08\/Stimul8HARDCORENLUSA30srvSourTsunami5-20f_1600x_b59285e7-fa10-421c-897d-9ad73d209689_1024x1024-225x300.webp",225,300,true],"medium_large":["https:\/\/www.musclenutrition.com.mx\/wp-content\/uploads\/2023\/08\/Stimul8HARDCORENLUSA30srvSourTsunami5-20f_1600x_b59285e7-fa10-421c-897d-9ad73d209689_1024x1024.webp",480,640,false],"large":["https:\/\/www.musclenutrition.com.mx\/wp-content\/uploads\/2023\/08\/Stimul8HARDCORENLUSA30srvSourTsunami5-20f_1600x_b59285e7-fa10-421c-897d-9ad73d209689_1024x1024.webp",480,640,false],"1536x1536":["https:\/\/www.musclenutrition.com.mx\/wp-content\/uploads\/2023\/08\/Stimul8HARDCORENLUSA30srvSourTsunami5-20f_1600x_b59285e7-fa10-421c-897d-9ad73d209689_1024x1024.webp",480,640,false],"2048x2048":["https:\/\/www.musclenutrition.com.mx\/wp-content\/uploads\/2023\/08\/Stimul8HARDCORENLUSA30srvSourTsunami5-20f_1600x_b59285e7-fa10-421c-897d-9ad73d209689_1024x1024.webp",480,640,false],"woocommerce_thumbnail":["https:\/\/www.musclenutrition.com.mx\/wp-content\/uploads\/2023\/08\/Stimul8HARDCORENLUSA30srvSourTsunami5-20f_1600x_b59285e7-fa10-421c-897d-9ad73d209689_1024x1024-300x300.webp",300,300,true],"woocommerce_single":["https:\/\/www.musclenutrition.com.mx\/wp-content\/uploads\/2023\/08\/Stimul8HARDCORENLUSA30srvSourTsunami5-20f_1600x_b59285e7-fa10-421c-897d-9ad73d209689_1024x1024.webp",480,640,false],"woocommerce_gallery_thumbnail":["https:\/\/www.musclenutrition.com.mx\/wp-content\/uploads\/2023\/08\/Stimul8HARDCORENLUSA30srvSourTsunami5-20f_1600x_b59285e7-fa10-421c-897d-9ad73d209689_1024x1024-100x100.webp",100,100,true],"dgwt-wcas-product-suggestion":["https:\/\/www.musclenutrition.com.mx\/wp-content\/uploads\/2023\/08\/Stimul8HARDCORENLUSA30srvSourTsunami5-20f_1600x_b59285e7-fa10-421c-897d-9ad73d209689_1024x1024.webp",64,85,false]},"uagb_author_info":{"display_name":"benjaming","author_link":"https:\/\/www.musclenutrition.com.mx\/index.php\/author\/"},"uagb_comment_info":0,"uagb_excerpt":"Stimul 8 Hardcore A diferencia de STIMUL8 Original, STIMUL8 HARDCORE presenta L-Citrulline Malate, una mezcla \u00fanica de amino\u00e1cidos cl\u00ednicamente estudiada para retrasar el tiempo de fatiga para que pueda mantener sus niveles de energ\u00eda durante todo su entrenamiento. En un estudio realizado por el British Journal of Sports Medicine, los atletas que recibieron este suplemento&hellip;","_links":{"self":[{"href":"https:\/\/www.musclenutrition.com.mx\/index.php\/wp-json\/wp\/v2\/product\/1573","targetHints":{"allow":["GET"]}}],"collection":[{"href":"https:\/\/www.musclenutrition.com.mx\/index.php\/wp-json\/wp\/v2\/product"}],"about":[{"href":"https:\/\/www.musclenutrition.com.mx\/index.php\/wp-json\/wp\/v2\/types\/product"}],"replies":[{"embeddable":true,"href":"https:\/\/www.musclenutrition.com.mx\/index.php\/wp-json\/wp\/v2\/comments?post=1573"}],"wp:featuredmedia":[{"embeddable":true,"href":"https:\/\/www.musclenutrition.com.mx\/index.php\/wp-json\/wp\/v2\/media\/1578"}],"wp:attachment":[{"href":"https:\/\/www.musclenutrition.com.mx\/index.php\/wp-json\/wp\/v2\/media?parent=1573"}],"wp:term":[{"taxonomy":"product_brand","embeddable":true,"href":"https:\/\/www.musclenutrition.com.mx\/index.php\/wp-json\/wp\/v2\/product_brand?post=1573"},{"taxonomy":"product_cat","embeddable":true,"href":"https:\/\/www.musclenutrition.com.mx\/index.php\/wp-json\/wp\/v2\/product_cat?post=1573"},{"taxonomy":"product_tag","embeddable":true,"href":"https:\/\/www.musclenutrition.com.mx\/index.php\/wp-json\/wp\/v2\/product_tag?post=1573"}],"curies":[{"name":"wp","href":"https:\/\/api.w.org\/{rel}","templated":true}]}}